{"id":275,"date":"2024-02-08T10:43:40","date_gmt":"2024-02-08T09:43:40","guid":{"rendered":"https:\/\/dinopark-funtana.com\/stran-vzorca\/"},"modified":"2024-02-27T15:59:08","modified_gmt":"2024-02-27T14:59:08","slug":"stran-vzorca__trashed","status":"publish","type":"page","link":"https:\/\/dinopark-funtana.com\/sl\/stran-vzorca__trashed\/","title":{"rendered":"Stran vzorca"},"content":{"rendered":"\n<p>To je primer strani. Od objave v blogu se razlikuje po tem, da ostane na enem mestu in se prika\u017ee v navigaciji va\u0161ega spletnega mesta (v ve\u010dini tem). Ve\u010dina ljudi za\u010dne s stranjo O podjetju, ki jih predstavi potencialnim obiskovalcem spletnega mesta. Lahko se glasi pribli\u017eno takole:<\/p>\n\n<blockquote class=\"wp-block-quote is-layout-flow wp-block-quote-is-layout-flow\"><p>Pozdravljeni! Podnevi sem kolesarski kurir, pono\u010di ambiciozni igralec, to pa je moja spletna stran. \u017divim v Los Angelesu, imam odli\u010dnega psa Jacka in rada pi\u00f1a colado. (In se ujamete v de\u017eju.)<\/p><\/blockquote>\n\n<p>&#8230;ali nekaj takega:<\/p>\n\n<blockquote class=\"wp-block-quote is-layout-flow wp-block-quote-is-layout-flow\"><p>Dru\u017eba XYZ Doohickey Company je bila ustanovljena leta 1971 in od takrat javnosti ponuja kakovostne doohickeye. Podjetje XYZ, ki se nahaja v mestu Gotham City, zaposluje ve\u010d kot 2.000 ljudi in za skupnost Gotham po\u010dne \u0161tevilne \u010dudovite stvari.<\/p><\/blockquote>\n\n<p>Kot nov uporabnik WordPressa morate iti v <a href=\"http:\/\/dinopark-funtana.com\/wp-admin\/\">nadzorno plo\u0161\u010do<\/a> in izbrisati to stran ter ustvariti nove strani za svojo vsebino. Zabavajte se!<\/p>\n","protected":false},"excerpt":{"rendered":"<p>To je primer strani. Od objave v blogu se razlikuje po tem, da ostane na enem mestu in se prika\u017ee [&hellip;]<\/p>\n","protected":false},"author":1,"featured_media":0,"parent":0,"menu_order":0,"comment_status":"closed","ping_status":"open","template":"","meta":{"two_page_speed":[],"footnotes":""},"class_list":["post-275","page","type-page","status-publish","hentry"],"_links":{"self":[{"href":"https:\/\/dinopark-funtana.com\/sl\/wp-json\/wp\/v2\/pages\/275","targetHints":{"allow":["GET"]}}],"collection":[{"href":"https:\/\/dinopark-funtana.com\/sl\/wp-json\/wp\/v2\/pages"}],"about":[{"href":"https:\/\/dinopark-funtana.com\/sl\/wp-json\/wp\/v2\/types\/page"}],"author":[{"embeddable":true,"href":"https:\/\/dinopark-funtana.com\/sl\/wp-json\/wp\/v2\/users\/1"}],"replies":[{"embeddable":true,"href":"https:\/\/dinopark-funtana.com\/sl\/wp-json\/wp\/v2\/comments?post=275"}],"version-history":[{"count":2,"href":"https:\/\/dinopark-funtana.com\/sl\/wp-json\/wp\/v2\/pages\/275\/revisions"}],"predecessor-version":[{"id":283,"href":"https:\/\/dinopark-funtana.com\/sl\/wp-json\/wp\/v2\/pages\/275\/revisions\/283"}],"wp:attachment":[{"href":"https:\/\/dinopark-funtana.com\/sl\/wp-json\/wp\/v2\/media?parent=275"}],"curies":[{"name":"wp","href":"https:\/\/api.w.org\/{rel}","templated":true}]}}