{"id":154186,"date":"2025-03-27T15:55:40","date_gmt":"2025-03-27T14:55:40","guid":{"rendered":"https:\/\/dinopark-funtana.com\/?page_id=154186"},"modified":"2026-05-01T15:06:11","modified_gmt":"2026-05-01T13:06:11","slug":"uradne-vstopnice-za-dinopark-funtana","status":"publish","type":"page","link":"https:\/\/dinopark-funtana.com\/sl\/uradne-vstopnice-za-dinopark-funtana\/","title":{"rendered":"Uradne vstopnice za Dinopark Funtana"},"content":{"rendered":"<div class=\"wpb-content-wrapper\"><p>[vc_row row_height_percent=&#8221;95&#8243; override_padding=&#8221;yes&#8221; h_padding=&#8221;2&#8243; top_padding=&#8221;5&#8243; bottom_padding=&#8221;5&#8243; back_image=&#8221;156537&#8243; back_position=&#8221;center top&#8221; overlay_alpha=&#8221;50&#8243; gutter_size=&#8221;3&#8243; column_width_percent=&#8221;100&#8243; shift_y=&#8221;0&#8243; z_index=&#8221;0&#8243; top_divider=&#8221;gradient&#8221; mobile_visibility=&#8221;yes&#8221; content_parallax=&#8221;0&#8243; uncode_shortcode_id=&#8221;204172&#8243;][vc_column column_width_percent=&#8221;100&#8243; position_vertical=&#8221;middle&#8221; align_horizontal=&#8221;align_center&#8221; gutter_size=&#8221;2&#8243; style=&#8221;dark&#8221; overlay_alpha=&#8221;50&#8243; shift_x=&#8221;0&#8243; shift_y=&#8221;0&#8243; shift_y_down=&#8221;0&#8243; z_index=&#8221;0&#8243; medium_width=&#8221;0&#8243; mobile_width=&#8221;0&#8243; width=&#8221;1\/1&#8243; uncode_shortcode_id=&#8221;144855&#8243;][vc_empty_space empty_h=&#8221;5&#8243;][vc_empty_space empty_h=&#8221;5&#8243;][\/vc_column][\/vc_row][vc_row row_height_percent=&#8221;100&#8243; override_padding=&#8221;yes&#8221; h_padding=&#8221;2&#8243; top_padding=&#8221;5&#8243; bottom_padding=&#8221;5&#8243; back_image=&#8221;156532&#8243; back_position=&#8221;center top&#8221; overlay_alpha=&#8221;50&#8243; gutter_size=&#8221;3&#8243; column_width_percent=&#8221;100&#8243; shift_y=&#8221;0&#8243; z_index=&#8221;0&#8243; top_divider=&#8221;gradient&#8221; desktop_visibility=&#8221;yes&#8221; medium_visibility=&#8221;yes&#8221; content_parallax=&#8221;0&#8243; uncode_shortcode_id=&#8221;169790&#8243;][vc_column column_width_percent=&#8221;100&#8243; position_vertical=&#8221;middle&#8221; align_horizontal=&#8221;align_center&#8221; gutter_size=&#8221;2&#8243; style=&#8221;dark&#8221; overlay_alpha=&#8221;50&#8243; shift_x=&#8221;0&#8243; shift_y=&#8221;0&#8243; shift_y_down=&#8221;0&#8243; z_index=&#8221;0&#8243; medium_width=&#8221;0&#8243; mobile_width=&#8221;0&#8243; width=&#8221;1\/1&#8243; uncode_shortcode_id=&#8221;144855&#8243;][vc_empty_space empty_h=&#8221;5&#8243;][vc_empty_space empty_h=&#8221;3&#8243;][\/vc_column][\/vc_row][vc_row row_height_percent=&#8221;0&#8243; back_image=&#8221;132914&#8243; overlay_alpha=&#8221;50&#8243; gutter_size=&#8221;3&#8243; column_width_use_pixel=&#8221;yes&#8221; shift_y=&#8221;0&#8243; z_index=&#8221;0&#8243; content_parallax=&#8221;0&#8243; uncode_shortcode_id=&#8221;172080&#8243;][vc_column column_width_percent=&#8221;100&#8243; position_vertical=&#8221;middle&#8221; align_horizontal=&#8221;align_center&#8221; gutter_size=&#8221;3&#8243; overlay_alpha=&#8221;50&#8243; shift_x=&#8221;0&#8243; shift_y=&#8221;0&#8243; shift_y_down=&#8221;0&#8243; z_index=&#8221;0&#8243; medium_width=&#8221;0&#8243; mobile_width=&#8221;0&#8243; width=&#8221;1\/1&#8243; uncode_shortcode_id=&#8221;518393&#8243;][vc_custom_heading text_color=&#8221;accent&#8221; text_size=&#8221;fontsize-302070&#8243; text_transform=&#8221;uppercase&#8221; uncode_shortcode_id=&#8221;992303&#8243; text_color_type=&#8221;uncode-palette&#8221;]Dinopark Funtana Vstopnice in cene[\/vc_custom_heading][vc_column_text text_lead=&#8221;yes&#8221; text_color=&#8221;color-jevc&#8221; uncode_shortcode_id=&#8221;113861&#8243; text_color_type=&#8221;uncode-palette&#8221;]<\/p>\n<p data-start=\"1328\" data-end=\"1612\">V \u010dasu pomladne sezone lahko obiskovalci u\u017eivajo v spro\u0161\u010denem predsezonskem do\u017eivetju s spektakularnimi predstavami v \u017eivo, izbranimi dru\u017einskimi vo\u017enjami, slikovitimi gozdnimi potmi, dinozavri, otro\u0161kim \u017eivalskim vrtom, jahanjem ponijev in \u0161tevilnimi aktivnostmi po celotnem parku.<\/p>\n<p data-start=\"1614\" data-end=\"1889\">Trenutno obratujejo naslednje atrakcije: Tortuga Pirates, Dragon Coaster, Tramontana, Twister Fly, Pirates Ahoi, Flintstone Taxi, Sky Raft in Mini Train. Dodatne vo\u017enje bodo odprte postopoma skozi sezono, zato so vstopnice trenutno na voljo po zni\u017eanih predsezonskih cenah.<\/p>\n<p>[\/vc_column_text][vc_button size=&#8221;btn-sm&#8221; radius=&#8221;btn-circle&#8221; outline=&#8221;yes&#8221; border_width=&#8221;0&#8243; scale_mobile=&#8221;no&#8221; link=&#8221;url:%23catalogue|title:Oglejte%20si%20vse%20mo%C5%BEnosti%20vstopnic|&#8221; button_color_type=&#8221;uncode-solid&#8221; button_color_solid=&#8221;#ff7a00&#8243; uncode_shortcode_id=&#8221;130373&#8243; icon=&#8221;fa fa-chevron-down&#8221;]Oglejte si vse mo\u017enosti vstopnic[\/vc_button][vc_row_inner row_inner_height_percent=&#8221;0&#8243; overlay_alpha=&#8221;50&#8243; gutter_size=&#8221;4&#8243; shift_y=&#8221;0&#8243; z_index=&#8221;0&#8243; uncode_shortcode_id=&#8221;362948&#8243; limit_content=&#8221;&#8221;][vc_column_inner column_width_percent=&#8221;100&#8243; gutter_size=&#8221;3&#8243; overlay_alpha=&#8221;50&#8243; shift_x=&#8221;0&#8243; shift_y=&#8221;0&#8243; shift_y_down=&#8221;0&#8243; z_index=&#8221;0&#8243; medium_width=&#8221;4&#8243; mobile_width=&#8221;0&#8243; width=&#8221;1\/1&#8243; uncode_shortcode_id=&#8221;602447&#8243;][vc_custom_heading text_color=&#8221;color-210407&#8243; uncode_shortcode_id=&#8221;420756&#8243; text_color_type=&#8221;uncode-palette&#8221;]Dnevna vozovnica<br \/>\n(od 10. do 18. ure)[\/vc_custom_heading][vc_column_text uncode_shortcode_id=&#8221;972303&#8243;]Pomladna sezona v Dinoparku Funtana: Manj vo\u017eenj, ve\u010d pristnih do\u017eivetij!<br \/>\nDruga\u010den obisk Dinoparka \u2013 s posebnimi predsezonskimi cenami.[\/vc_column_text][uncode_pricing_list values=&#8221;%5B%7B%22entry%22%3A%22Odrasli%20%22%2C%22value%22%3A%22%E2%82%AC28%22%2C%22text%22%3A%2215-64%20let%22%7D%2C%7B%22entry%22%3A%22Otroci%20%22%2C%22value%22%3A%22%E2%82%AC24%22%2C%22text%22%3A%224-14%20let%22%7D%2C%7B%22entry%22%3A%22Starej%C5%A1i%20%22%2C%22value%22%3A%22%E2%82%AC24%22%2C%22text%22%3A%2265%20let%20in%20ve%C4%8D%22%7D%2C%7B%22entry%22%3A%22Posebne%20cene%22%2C%22value%22%3A%22%E2%82%AC0%22%2C%22text%22%3A%22Osebe%20s%20posebnimi%20potrebami%2C%20Rojstni%20dan%20Otroci%2C%20Mal%C4%8Dki%20(0-3%20leta)%5CnZahtevano%20dokazilo%22%7D%5D&#8221; gutter_tab_h=&#8221;2&#8243; tab_gap=&#8221;2&#8243; media_width_percent=&#8221;0&#8243; border_style=&#8221;solid&#8221; border_color=&#8221;color-uydo&#8221; text_color=&#8221;color-210407&#8243; heading_semantic=&#8221;h6&#8243; text_size=&#8221;h3&#8243; text_weight=&#8221;600&#8243; sub_lead=&#8221;yes&#8221; uncode_shortcode_id=&#8221;172230&#8243; border_color_type=&#8221;uncode-palette&#8221; text_color_type=&#8221;uncode-palette&#8221;][vc_button radius=&#8221;btn-circle&#8221; border_width=&#8221;0&#8243; scale_mobile=&#8221;no&#8221; link=&#8221;url:https%3A%2F%2Fdinopark-funtana.com%2Fsl%2Fcelodnevna-vozovnica-dinopark-funtana-stran-izdelka%2F|title:Dinopark%20Funtana%20Vstopnice|&#8221; button_color_type=&#8221;uncode-solid&#8221; button_color_solid=&#8221;#ff7a00&#8243; uncode_shortcode_id=&#8221;145270&#8243;]Nakup vstopnic za dnevni vstop[\/vc_button][\/vc_column_inner][\/vc_row_inner][\/vc_column][\/vc_row][vc_row row_height_percent=&#8221;0&#8243; override_padding=&#8221;yes&#8221; h_padding=&#8221;2&#8243; top_padding=&#8221;2&#8243; bottom_padding=&#8221;3&#8243; back_image=&#8221;132914&#8243; overlay_alpha=&#8221;50&#8243; gutter_size=&#8221;3&#8243; column_width_percent=&#8221;100&#8243; shift_y=&#8221;0&#8243; z_index=&#8221;0&#8243; content_parallax=&#8221;0&#8243; uncode_shortcode_id=&#8221;985999&#8243;][vc_column column_width_percent=&#8221;43&#8243; gutter_size=&#8221;3&#8243; overlay_alpha=&#8221;50&#8243; shift_x=&#8221;0&#8243; shift_y=&#8221;0&#8243; shift_y_down=&#8221;0&#8243; z_index=&#8221;0&#8243; medium_width=&#8221;0&#8243; mobile_width=&#8221;0&#8243; width=&#8221;1\/1&#8243; uncode_shortcode_id=&#8221;450737&#8243;][vc_accordion typography=&#8221;advanced&#8221; sign=&#8221;plus&#8221; sign_size=&#8221;md&#8221; gutter_simple=&#8221;0&#8243; active_txt_color=&#8221;color-618140&#8243; titles_size=&#8221;h3&#8243; titles_weight=&#8221;900&#8243; titles_transform=&#8221;uppercase&#8221; active_tab=&#8221;0&#8243; uncode_shortcode_id=&#8221;203431&#8243; active_txt_color_type=&#8221;uncode-palette&#8221;][vc_accordion_tab gutter_size=&#8221;0&#8243; column_padding=&#8221;0&#8243; title=&#8221;Pomembne informacije&#8221; tab_id=&#8221;d21d5937-3bb0-2155567891400115556795059529dee-e34a16449567667991646309987868170738649330517120415953789&#8243;][vc_custom_heading text_color=&#8221;color-prif&#8221; heading_semantic=&#8221;div&#8221; text_size=&#8221;&#8221; text_weight=&#8221;500&#8243; uncode_shortcode_id=&#8221;162029&#8243; text_color_type=&#8221;uncode-palette&#8221;]Trenutno obratujejo naslednje atrakcije: Tortuga Pirates, Dragon Coaster, Tramontana, Twister Fly, Pirates Ahoi, Flintstone Taxi, Sky Raft in Mini Train. Dodatne vo\u017enje bodo dodane kasneje v sezoni, zato so vstopnice trenutno na voljo po zni\u017eanih cenah za za\u010detek sezone.<\/p>\n<p>&nbsp;<\/p>\n<p>Vsakodnevne predstave v \u017eivo potekajo v na\u0161i kupoli Dino Dome s klimatiziranimi sede\u017ei za udobno do\u017eivetje.<\/p>\n<p>\u010cas predvajanja se lahko spreminja glede na \u0161tevilo obiskovalcev, vendar je obi\u010dajno na\u010drtovan na naslednji na\u010din:<\/p>\n<p>11:00 &#8211; Piratska predstava<br \/>\n12:00 &#8211; Predstava Jurassica<br \/>\n15:00 &#8211; Piratska predstava<br \/>\n16:00 &#8211; Predstava Jurassica<\/p>\n<p>Ob bolj obremenjenih dnevih se lahko dodajo dodatne predstave.<\/p>\n<p>Najnovej\u0161i urnik predstav je na voljo na informacijskih tablah in oznakah v Dinoparku Funtana.<\/p>\n<p>V primeru slabega vremena si pridr\u017eujemo pravico, da zaradi varnostnih razlogov park zapremo brez predhodnega obvestila. Nadomestili vam bomo to z drugim obiskom na dan po va\u0161i izbiri. Denar se ne vra\u010da. Pred obiskom preverite delovni \u010das zve\u010der in zjutraj, da se prepri\u010date, ali bomo park odprli.<\/p>\n<p>Vstopnice so \u010dasovno ob\u010dutljive in veljajo le v izbrani sezoni ob naro\u010dilu. Poskrbite, da boste izbrali pravilne datume vstopnic (sezona), ki se ujemajo z va\u0161imi na\u010drti obiska, in se pripravite na potovanje, polno navdu\u0161enja, zabave in odkrivanja dinozavrov![\/vc_custom_heading][\/vc_accordion_tab][vc_accordion_tab gutter_size=&#8221;2&#8243; column_padding=&#8221;0&#8243; title=&#8221;POSEBNE PONUDBE&#8221; tab_id=&#8221;9346230d-a835-9155567891400115556795059529dee-e34a16449567667991646309987868170738649330517120415953783&#8243;][vc_custom_heading text_color=&#8221;color-prif&#8221; heading_semantic=&#8221;div&#8221; text_size=&#8221;&#8221; text_weight=&#8221;500&#8243; uncode_shortcode_id=&#8221;167389&#8243; text_color_type=&#8221;uncode-palette&#8221;]<span style=\"text-decoration: underline;\"><strong>PROST VSTOP: (VSTOPNICA NI POTREBNA!)<\/strong><\/span><\/p>\n<ul>\n<li>Mal\u010dki (0-3 leta)<\/li>\n<li>Rojstnodnevni otroci (4-14 let) ves mesec svojega rojstnega dne.<\/li>\n<li>Invalidi<\/li>\n<\/ul>\n<p>&nbsp;<\/p>\n<p><span style=\"text-decoration: underline;\"><strong>VE\u010c PONUDB:<\/strong><\/span><\/p>\n<ul>\n<li>Skupine z ve\u010d kot 20 osebami <a href=\"mailto:info@dinopark.hr\">(zahtevek po\u0161ljite po e-po\u0161ti tukaj)<\/a><\/li>\n<li>Letne vstopnice lahko kupite samo na na\u0161ih blagajnah v Dinoparku Funtana. Cene letnih vozovnic za otroke trenutno zna\u0161ajo 129,00 EUR, za odrasle pa 149,00 EUR.<\/li>\n<\/ul>\n<p>[\/vc_custom_heading][vc_button radius=&#8221;btn-circle&#8221; outline=&#8221;yes&#8221; border_width=&#8221;0&#8243; scale_mobile=&#8221;no&#8221; link=&#8221;url:https%3A%2F%2Fdinopark-funtana.com%2Fsl%2Fdnevna-vstopnica-dinopark-funtana-stran-izdelka-3%2F|title:Dinopark%20Funtana%20Vstopnice|&#8221; button_color_type=&#8221;uncode-solid&#8221; button_color_solid=&#8221;#ff7a00&#8243; uncode_shortcode_id=&#8221;955799&#8243;]Nakup sezonskih vozovnic[\/vc_button][\/vc_accordion_tab][vc_accordion_tab gutter_size=&#8221;2&#8243; column_padding=&#8221;0&#8243; title=&#8221;Kaj je vklju\u010deno?&#8221; tab_id=&#8221;9346230d-a835-9155567891400115556795059529dee-e34a164495676679916463099878681707386493305171204159537837&#8243;][vc_custom_heading text_color=&#8221;color-prif&#8221; heading_semantic=&#8221;div&#8221; text_size=&#8221;&#8221; text_weight=&#8221;500&#8243; uncode_shortcode_id=&#8221;356611&#8243; text_color_type=&#8221;uncode-palette&#8221;]<\/p>\n<p data-start=\"1583\" data-end=\"1643\">V \u010dasu pomladne sezone Dinopark ponuja druga\u010dno do\u017eivetje.<\/p>\n<p data-start=\"1645\" data-end=\"1949\">Poudarek je na vrhunski zabavi v \u017eivo \u2013 vklju\u010dno z na\u0161o novo piratsko predstavo \u00bbPirates of Funtana\u00ab \u2013 v kombinaciji s \u010dudovitimi naravnimi potmi, novim vodnim tematskim obmo\u010djem, dinozavri v naravni velikosti, otro\u0161kim \u017eivalskim vrtom, jahanjem ponijev in interaktivnimi aktivnostmi po celotnem parku.<\/p>\n<p data-start=\"1951\" data-end=\"2226\">Trenutno obratujejo naslednje atrakcije: Tortuga Pirates, Dragon Coaster, Tramontana, Twister Fly, Pirates Ahoi, Flintstone Taxi, Sky Raft in Mini Train. Dodatne vo\u017enje bodo odprte postopoma skozi sezono, zato so vstopnice trenutno na voljo po zni\u017eanih predsezonskih cenah.<\/p>\n<p data-start=\"2228\" data-end=\"2315\">Vse predstave in aktivnosti so vklju\u010dene v ceno vstopnice (razen paintball streliva).<\/p>\n<p>[\/vc_custom_heading][\/vc_accordion_tab][vc_accordion_tab gutter_size=&#8221;2&#8243; column_padding=&#8221;0&#8243; title=&#8221;Kako kupiti vstopnice?&#8221; tab_id=&#8221;9d61e73a-3a93-8&#8243;][vc_custom_heading text_color=&#8221;color-jevc&#8221; heading_semantic=&#8221;div&#8221; text_size=&#8221;&#8221; text_weight=&#8221;500&#8243; uncode_shortcode_id=&#8221;628784&#8243; text_color_type=&#8221;uncode-palette&#8221;]<\/p>\n<p data-start=\"0\" data-end=\"143\">Vstopnice lahko kupite prek spleta ali na na\u0161ih vstopnih vratih, ki se odprejo ob 9:45 in zaprejo ob 17:00 (sprejemamo kartice in gotovino).<\/p>\n<p data-start=\"145\" data-end=\"372\" data-is-last-node=\"\" data-is-only-node=\"\">Spletne vstopnice bodo po opravljenem nakupu poslane na va\u0161 e-po\u0161tni naslov. Vstopnice z jasno \u010ditljivo kodo QR prinesite na vhodna vrata, da bomo lahko potrdili sezono, \u010das in starostno kategorijo imetnika vstopnice.<\/p>\n<p>[\/vc_custom_heading][\/vc_accordion_tab][\/vc_accordion][\/vc_column][\/vc_row][vc_row row_height_percent=&#8221;0&#8243; back_image=&#8221;132914&#8243; overlay_alpha=&#8221;50&#8243; gutter_size=&#8221;3&#8243; column_width_percent=&#8221;100&#8243; shift_y=&#8221;0&#8243; z_index=&#8221;0&#8243; content_parallax=&#8221;0&#8243; uncode_shortcode_id=&#8221;189697&#8243; row_name=&#8221;catalogue&#8221;][vc_column width=&#8221;1\/1&#8243;][vc_raw_html]JTNDcHJvZHVjdC1jYXRhbG9nLXdpZGdldCUyMHdpZGdldC1pZCUzRCUyMmYwYjVhYWEzLWVjNzMtNGY3Yy04ZmVkLWZkODg5NDIzZTY0MSUyMiUzRSUzQyUyRnByb2R1Y3QtY2F0YWxvZy13aWRnZXQlM0UlM0NzY3JpcHQlMjB0eXBlJTNEJTIydGV4dCUyRmphdmFzY3JpcHQlMjIlMjBzcmMlM0QlMjJodHRwcyUzQSUyRiUyRndpZGdldHMucmVnaW9uZG8ubmV0JTJGY2F0YWxvZyUyRnYxJTJGY2F0YWxvZy13aWRnZXQubWluLmpzJTIyJTNFJTNDJTJGc2NyaXB0JTNF[\/vc_raw_html][\/vc_column][\/vc_row]<\/p>\n<\/div>","protected":false},"excerpt":{"rendered":"<p>[vc_row row_height_percent=&#8221;95&#8243; override_padding=&#8221;yes&#8221; h_padding=&#8221;2&#8243; top_padding=&#8221;5&#8243; bottom_padding=&#8221;5&#8243; back_image=&#8221;156537&#8243; back_position=&#8221;center top&#8221; overlay_alpha=&#8221;50&#8243; gutter_size=&#8221;3&#8243; column_width_percent=&#8221;100&#8243; shift_y=&#8221;0&#8243; z_index=&#8221;0&#8243; top_divider=&#8221;gradient&#8221; mobile_visibility=&#8221;yes&#8221; content_parallax=&#8221;0&#8243; uncode_shortcode_id=&#8221;204172&#8243;][vc_column column_width_percent=&#8221;100&#8243; position_vertical=&#8221;middle&#8221; [&hellip;]<\/p>\n","protected":false},"author":2,"featured_media":0,"parent":0,"menu_order":0,"comment_status":"closed","ping_status":"closed","template":"","meta":{"two_page_speed":[],"footnotes":""},"class_list":["post-154186","page","type-page","status-publish","hentry"],"_links":{"self":[{"href":"https:\/\/dinopark-funtana.com\/sl\/wp-json\/wp\/v2\/pages\/154186","targetHints":{"allow":["GET"]}}],"collection":[{"href":"https:\/\/dinopark-funtana.com\/sl\/wp-json\/wp\/v2\/pages"}],"about":[{"href":"https:\/\/dinopark-funtana.com\/sl\/wp-json\/wp\/v2\/types\/page"}],"author":[{"embeddable":true,"href":"https:\/\/dinopark-funtana.com\/sl\/wp-json\/wp\/v2\/users\/2"}],"replies":[{"embeddable":true,"href":"https:\/\/dinopark-funtana.com\/sl\/wp-json\/wp\/v2\/comments?post=154186"}],"version-history":[{"count":10,"href":"https:\/\/dinopark-funtana.com\/sl\/wp-json\/wp\/v2\/pages\/154186\/revisions"}],"predecessor-version":[{"id":156538,"href":"https:\/\/dinopark-funtana.com\/sl\/wp-json\/wp\/v2\/pages\/154186\/revisions\/156538"}],"wp:attachment":[{"href":"https:\/\/dinopark-funtana.com\/sl\/wp-json\/wp\/v2\/media?parent=154186"}],"curies":[{"name":"wp","href":"https:\/\/api.w.org\/{rel}","templated":true}]}}