{"id":136879,"date":"2024-05-12T14:57:00","date_gmt":"2024-05-12T12:57:00","guid":{"rendered":"https:\/\/dinopark-funtana.com\/pravila-parka-dinopark-funtana\/"},"modified":"2025-03-09T12:02:58","modified_gmt":"2025-03-09T11:02:58","slug":"pravila-parka-dinopark-funtana","status":"publish","type":"page","link":"https:\/\/dinopark-funtana.com\/sl\/pravila-parka-dinopark-funtana\/","title":{"rendered":"Pravila parka Dinopark Funtana"},"content":{"rendered":"<div class=\"wpb-content-wrapper\"><p>[vc_row row_height_percent=&#8221;0&#8243; back_image=&#8221;132914&#8243; overlay_alpha=&#8221;50&#8243; gutter_size=&#8221;3&#8243; column_width_percent=&#8221;100&#8243; shift_y=&#8221;0&#8243; z_index=&#8221;0&#8243; uncode_shortcode_id=&#8221;423490&#8243;][vc_column width=&#8221;1\/1&#8243;][vc_custom_heading uncode_shortcode_id=&#8221;117685&#8243;]Pravila parka Dinopark Funtana[\/vc_custom_heading][vc_column_text uncode_shortcode_id=&#8221;121658&#8243;]<\/p>\n<h3><strong>1. Parkiri\u0161\u010de<\/strong><\/h3>\n<p>1.1. Pravila in simboli hrva\u0161kega prometnega zakonika veljajo tudi za na\u0161a parkiri\u0161\u010da. <\/p>\n<p>1.2. Obiskovalci Dinoparka Funtana morajo svoja vozila parkirati na ozna\u010denem parkiri\u0161\u010du. Parkiri\u0161\u010de za zaposlene je rezervirano izklju\u010dno za zaposlene v Dinoparku Funtana.  <\/p>\n<p>1.3. Upo\u0161tevati je treba navodila osebja Dinoparka Funtana na parkiri\u0161\u010dih. <\/p>\n<p>1.4. Svoje vozilo parkirajte samo na ozna\u010denih parkirnih mestih. \u010ce je va\u0161e vozilo parkirano na neozna\u010denem mestu in zato ovira promet ali druge obiskovalce, bo moral Dinopark Funtana va\u0161e vozilo na lastne stro\u0161ke in tveganje odvle\u010di.  <\/p>\n<p>1.5. Dolo\u010dena parkiri\u0161\u010da se ne nadzorujejo. Zato je parkirnina namenjena le uporabi parkirnih povr\u0161in in ne varovanju vozila. Prepri\u010dajte se, da so vrata, okna, prtlja\u017enik in stre\u0161no okno zaprti in zaklenjeni. Prosimo vas, da v vozilu ne pu\u0161\u010date nobenih vrednej\u0161ih predmetov na vidnem mestu. V avtomobilu ne smete pustiti hi\u0161nih ljubljen\u010dkov\/\u017eivali. V primeru kraje ali po\u0161kodbe s strani drugih oseb ne moremo prevzeti odgovornosti in ne bomo izpla\u010dali od\u0161kodnine. To velja tudi, \u010de je \u0161koda nastala zaradi neurja, po\u017eara, to\u010de, eksplozije ali drugih izrednih dogodkov. \u010ce menite, da je \u0161kodo povzro\u010dil zaposleni v Dinoparku Funtana, morate to prijaviti takoj, ko \u0161kodo opazite &#8211; \u010de je le mogo\u010de, med bivanjem v Dinoparku Funtana. Dinopark Funtana prevzame odgovornost le, \u010de \u0161kodo namerno ali iz hude malomarnosti povzro\u010dijo zaposleni v Dinoparku Funtana.         <\/p>\n<p>1.6. No\u010dno parkiranje ni dovoljeno. Vozila, ki ostanejo na parkiri\u0161\u010du po zaprtju parka, se lahko na lastnikove stro\u0161ke odpeljejo.  <\/p>\n<p>1.7. Dinopark Funtana ni odgovoren za krajo, izgubo ali \u0161kodo, ki jo povzro\u010dijo drugi gostje ali tretje osebe. <\/p>\n<h3><strong>2. Sprejem<\/strong><\/h3>\n<p>2.1. V prostore Dinoparka Funtana lahko vstopate le z veljavnimi vstopnicami skozi ozna\u010dene vhode. <\/p>\n<p>2.2. Vstopnice imejte pri sebi ves \u010das bivanja v parku in jih na zahtevo na\u0161ega osebja poka\u017eite. Vstopnica vam omogo\u010da vstop v park v navedenem odpiralnem \u010dasu. \u010ce je treba park pred\u010dasno zapreti zaradi tehni\u010dnih, organizacijskih ali operativnih te\u017eav ali zaradi slabega vremena, na katerega Dinopark Funtana nima vpliva, nimate pravice zahtevati vra\u010dila celotne vstopnine ali njenega dela.   <\/p>\n<p>2.3. Dovoljenje za vstop postane neveljavno, ko zapustite obmo\u010dje parka. \u010ce za kraj\u0161i \u010das zapustite obmo\u010dje parka, se obrnite na uslu\u017ebenca pri vstopni kontroli, ki vam bo izdal dovoljenje za ponovni vstop v park.  <\/p>\n<p>2.4. Otroci, mlaj\u0161i od 12 let, morajo biti v spremstvu odrasle osebe (starej\u0161e od 18 let). Spremljevalci in star\u0161i so odgovorni za otroke v svoji skupini. Za nekatere dogodke lahko veljajo druga\u010dna pravila. Upo\u0161tevajte ustrezne informacije, ki jih najdete v na\u0161ih bro\u0161urah, na spletu in pri na\u0161ih uslu\u017ebencih.    <\/p>\n<p>2.5. Prodaja kuponov, vstopnic ali brezpla\u010dnih vstopnic za Dinopark Funtana na parkiri\u0161\u010du ali v prostorih Dinoparka Funtana ni dovoljena. \u010ce imate rezervno vstopnico ali vstopnico, ki je ne boste uporabili, se obrnite na informacijsko pisarno pri glavnem vhodu.  <\/p>\n<p>2.6. Vstopnic ni mogo\u010de zamenjati in jih ni dovoljeno preprodajati. <\/p>\n<p>2.7. \u010ce se mora park zapreti zaradi slabega vremena, obratovalnih ali varnostnih te\u017eav, se vstopnine ne vra\u010dajo, vendar lahko uprava po lastni presoji ponudi kupone za ponovni vstop. <\/p>\n<p>&nbsp;<\/p>\n<h3><strong>3. Splo\u0161na varnost<\/strong><\/h3>\n<p>3.1. Ukaze osebja Dinoparka Funtana je treba upo\u0161tevati v lastnem interesu. <\/p>\n<p>3.2. Vse obiskovalce prosimo, da se obna\u0161ajo pravilno in primerno. Motenje javnega reda in miru, neprimerno vedenje, motenje drugih obiskovalcev ali delovanja parka, verbalno ali fizi\u010dno nasilje, obrekovanje, neupo\u0161tevanje pravil parka itd. lahko Dinopark Funtana ustrezno ukrepa, na primer prepove vstop v park, uvede kazenski pregon ali podobne ukrepe. Dinopark Funtana si pridr\u017euje pravico, da obiskovalce, ki s svojim vedenjem ogro\u017eajo ali motijo sebe ali druge obiskovalce, brez od\u0161kodnine odstrani.   <\/p>\n<p>3.3. Na obmo\u010dju parka ni dovoljeno nositi oro\u017eja in \u017ealjivih predmetov (pi\u0161tole, no\u017ei, verige, pi\u0161tole, pirotehni\u010dni izdelki itd.) ter kakr\u0161nega koli diskriminatornega, nasilje poveli\u010dujo\u010dega ali protiustavnega materiala. <\/p>\n<p>3.4. V prostorih Dinoparka Funtana niso dovoljeni droni in kakr\u0161ne koli igra\u010de na daljinsko upravljanje. Prav tako ni dovoljeno prina\u0161ati tako imenovanih &#8220;hekerskih pripomo\u010dkov&#8221; in podobnih naprav, ki so primerne na primer za nepoobla\u0161\u010deno prestrezanje, vohunjenje ali obdelavo podatkov.  <\/p>\n<p>3.5. V Dinopark Funtana ni dovoljeno vna\u0161ati klju\u010davnic za kolesa, razen \u010de se uporabljajo za pritrditev otro\u0161kih vozi\u010dkov ali podobno. Otro\u0161ki vozi\u010dki morajo biti parkirani na ozna\u010denem obmo\u010dju ali nekje, kjer ne ovirajo prehoda ali \u010de so nekoliko odmaknjeni od atrakcij. Otro\u0161ki vozi\u010dki se lahko zaradi varnostnih razlogov odstranijo.   <\/p>\n<p>3.6. V Dinopark Funtana ni dovoljeno vna\u0161ati balonov, napolnjenih s plinom. <\/p>\n<p>3.7. V Dinopark Funtana ni mogo\u010de vnesti velikih predmetov, kot so veliki kov\u010dki. <\/p>\n<p>3.8. Iz varnostnih razlogov v Dinoparku Funtana niso dovoljena motorizirana in nemotorizirana prevozna sredstva, kot so rolerji, kolesa, skuterji, e-skuterji itd., razen \u010de se doka\u017ee, da je to potrebno zaradi zdravstvenih razlogov. Za pisno dovoljenje za tak\u0161no uporabo je treba zaprositi pred prihodom.  <\/p>\n<p>3.9. Glasen hrup in glasna glasba sta prepovedana. V park ni dovoljeno vna\u0161ati predmetov, ki bi lahko motili druge ljudi, kot so vuvuzele, megafoni, rogovi ali glasbeni instrumenti.  <\/p>\n<p>3.10. Vedno je treba upo\u0161tevati vse predpise gasilske slu\u017ebe. Kajenje ni dovoljeno v atrakcijah, \u010dakalnicah, na predstavah, med predstavami ali tam, kjer se zbirajo ve\u010dje skupine ljudi, pa tudi v ozna\u010denih prostorih za nekadilce. Prosimo, upo\u0161tevajte druge ljudi.   <\/p>\n<p>3.11. \u017dari niso dovoljeni in v park ni dovoljeno vna\u0161ati opreme za kuhanje. <\/p>\n<p>3.12. Obiskovalci ne smejo zapustiti poti in trgov. <\/p>\n<p>3.13. Prepovedan je dostop do odrov, kulis, scenografije in prostorov za vzdr\u017eevanje. Ne posku\u0161ajte plezati \u010dez ovire, ograje in zidove.  <\/p>\n<p>3.14. Kopanje ni dovoljeno v nobenem od naravnih ali umetnih jezer, prav tako je prepovedano hoditi po zamrznjeni vodi. <\/p>\n<p>3.15. Zaradi slabega vremena (de\u017e, led, sneg in podobno) je v parku lahko spolzko. To velja tudi za umetno zasne\u017eevanje in dekorativni umetni sneg v zimski sezoni; zlasti v bli\u017eini zimskih atrakcij in atrakcij s snegom. Obiskovalcem svetujemo previdnost in potrebno skrbnost na celotnem obmo\u010dju Dinoparka Funtana, pozornost na obmo\u010djih, ograjenih z vrvmi, ograjami, drevesi in podobno, stalno no\u0161enje nedrse\u010de obutve, izogibanje hitri hoji in teku ter uporabo razpolo\u017eljivih ograj.   <\/p>\n<p>3.16. Vse obiskovalce prosimo, da se primerno oble\u010dejo. Vedno je treba nositi majice in \u010devlje.  <\/p>\n<p>3.17. Dinopark Funtana si pridr\u017euje pravico, da iz parka brez nadomestila prepove vstop osebam, ki so oble\u010dene v domiselna obla\u010dila ali tetovirane na kakr\u0161en koli na\u010din, ki bi lahko u\u017ealil ljudi, zlasti otroke, ali bi jih lahko zamenjali z osebjem in umetniki Dinoparka Funtana. No\u0161enje mask in zakrivanje celotnega obraza ni dovoljeno. No\u0161enje tan\u010dic zaradi verskih prepri\u010danj je dovoljeno.   <\/p>\n<p>3.18. Psi so dobrodo\u0161li, vendar morajo biti ves \u010das na kratkem povodcu in pod nadzorom. Nevarni psi v skladu z zakonom o vodenju psov v parku niso dovoljeni. Psi niso dovoljeni na predstavah, na vo\u017enjah in na posebej ozna\u010denih obmo\u010djih parka. Psi spremljevalci, ki so tako ozna\u010deni, so dovoljeni na nekaterih razstavah. Psi morajo biti tik ob svojih lastnikih, upo\u0161tevati pa je treba tudi navodila spremljevalcev na razstavi. Za pospravljanje za svojim psom ste odgovorni sami; vedno morate imeti pri sebi ustrezna sredstva za \u010di\u0161\u010denje (npr. zajemalko za kakce in vre\u010dko za enkratno uporabo). Druge \u017eivali v parku niso dovoljene.       <\/p>\n<p>3.19. U\u017eivanje ve\u010djih koli\u010din alkohola ali alkohola z visokim odstotkom alkohola, posedovanje ali u\u017eivanje prepovedanih drog ter sredstev za njihovo u\u017eivanje je prepovedano in se ustrezno kaznuje. To velja tudi za izdelke iz medicinske konoplje, ki so primerni za kajenje, razen \u010de posedovanje in potrebo po no\u0161enju teh izdelkov s seboj doka\u017eete z zdravni\u0161kim potrdilom. U\u017eivanje konoplje in izdelkov iz konoplje v Dinoparku Funtana ni dovoljeno.   <\/p>\n<p>3.20. Osebam, ki so pod vplivom alkohola ali drog, se lahko prepove vstop v prostore parka. U\u017eivanje in posedovanje prepovedanih drog je prepovedano in bo ustrezno kaznovano.  <\/p>\n<p>3.21. Prepovedano je brskanje po smeteh, zabojnikih za zbiranje odpadkov ali zabojnikih za zbiranje odpadkov. Vsebina v ozna\u010denih zabojnikih je last dru\u017ebe Dinopark Funtana. Prepovedano je kakr\u0161no koli odstranjevanje ali prena\u0161anje s kraja   <\/p>\n<p>3.22. Strogo prepovedano je tekanje, groba igra, plezanje po ograjah ali kakr\u0161no koli vedenje, ki bi lahko povzro\u010dilo \u0161kodo vam ali drugim. <\/p>\n<p>3.23. Mladoletnike (mlaj\u0161e od 12 let), ki so brez nadzora sami v parku, se lahko pospremi v slu\u017ebo za goste, dokler se ne najde skrbnik. <\/p>\n<p>3.24. V primeru nesre\u010de upo\u0161tevajte navodila osebja in uporabite dolo\u010dene evakuacijske poti. <\/p>\n<p>&nbsp;<\/p>\n<h3><strong>4. Uporaba naprav in atrakcij v Dinoparku Funtana<\/strong><\/h3>\n<p>4.1. Objekti v Dinoparku Funtana so vam na voljo, dokler upo\u0161tevate pravila njihove uporabe. <\/p>\n<p>4.2. Odpiralni \u010das vo\u017enje, atrakcij, predstav in drugih objektov se lahko razlikuje od odpiralnega \u010dasa Dinoparka Funtana. Izpad atrakcij ali predstav zaradi izpada elektrike ali drugih okoli\u0161\u010din ne pomeni pravice do celotnega ali delnega vra\u010dila pla\u010dane vstopnine.  <\/p>\n<p>4.3. V primeru mo\u010dnega vetra, slab\u0161e vidljivosti, neviht ali slabega vremena ima Dinopark Funtana pravico ustaviti delovanje posameznih ali vseh atrakcij in naprav zaradi za\u0161\u010dite obiskovalcev. Do popolnega ali delnega povra\u010dila pla\u010dane vstopnine ni upravi\u010den.  <\/p>\n<p>4.4. Nekatere vo\u017enje, atrakcije, predstave ali drugi objekti so odprti le v dolo\u010denih obdobjih sezone ali pa so lahko zaprti zaradi gradnje ali operativnih ali organizacijskih razlogov. Do tak\u0161nih zaprtij lahko pride brez predhodnega obvestila.  <\/p>\n<p>4.5. Tehni\u010dni ali organizacijski izpadi posameznih vo\u017eenj, atrakcij, predstav ali drugih objektov ne pomenijo pravice do popolnega ali delnega povra\u010dila pla\u010dane vstopnine. <\/p>\n<p>4.6. Nekatere vo\u017enje, atrakcije in predstave zahtevajo, da so uporabniki dobro zdravi, zato jih uporabljate na lastno odgovornost. Uporabljati je treba varnostne ukrepe in upo\u0161tevati varnostne predpise.  <\/p>\n<p>4.7. Obiskovalci so dol\u017eni preveriti svoje zdravje in vnaprej razmisliti o morebitnih tveganjih. Poleg tega se morajo seznaniti s pogoji uporabe in varnostnimi predpisi. Dinopark Funtana si pridr\u017euje pravico, da posameznike izklju\u010di iz vo\u017enje, \u010de obstaja varnostno tveganje, npr. zaradi vi\u0161ine, telesne postave, telesnih ali du\u0161evnih te\u017eav, invalidnosti, nose\u010dnosti itd. Prekinitev vo\u017enje zaradi varnostnega tveganja se nikoli ne izvede na podlagi diskriminacije &#8211; njen edini namen je za\u0161\u010dititi posameznika.    <\/p>\n<p>4.8. Bodite \u0161e posebej previdni pri vstopu in izstopu na vo\u017enjah, atrakcijah, predstavah ali drugih objektih. Ukaze osebja Dinoparka Funtana je treba upo\u0161tevati &#8211; \u010de tega ne storite ali zlonamerno ignorirate ukaz, boste izklju\u010deni iz uporabe katere koli ali vseh atrakcij v parku. \u010ce tega ne boste upo\u0161tevali tudi v prihodnje, vas lahko iz parka iz\u017eenejo. Do celotnega ali delnega povra\u010dila pla\u010dane vstopnine niste upravi\u010deni. To velja tudi, \u010de se sku\u0161ate prebiti na za\u010detek \u010dakalne vrste.     <\/p>\n<p>4.9. Igri\u0161\u010da in podobne objekte uporabljate na lastno odgovornost. Odrasli ne smejo uporabljati igralnih povr\u0161in. Upo\u0161tevati je treba omejitve glede vi\u0161ine in starosti. Odrasli so odgovorni za svoje otroke.    <\/p>\n<p>4.10. Zaradi varnostnih tveganj v atrakciji ne smete imeti s seboj prostoro\u010dnih predmetov. Zlasti fotoaparate, mobilne telefone, klju\u010de in podobne proste predmete morate pred vstopom na atrakcijo varno shraniti. Dinopark Funtana ne prevzema odgovornosti za shranjene predmete.   <\/p>\n<p>4.11. Odgovorni boste za vso \u0161kodo, ki jo povzro\u010dite z neupo\u0161tevanjem pravil uporabe (npr. s prena\u0161anjem razsutih predmetov) ali zlonamerno \u0161kodo. <\/p>\n<p>4.12. Strogo je prepovedano prekinjati \u010dakalno vrsto, zadr\u017eevati mesta ali uporabljati izstopne pasove za ponovno vklju\u010ditev v \u010dakalno vrsto. <\/p>\n<p>4.13. Fotografiranje in snemanje na vo\u017enji je dovoljeno samo z za to namenjenimi fotoaparati (npr. GoPros), ki morajo biti varno name\u0161\u010deni. Proste ro\u010dne naprave niso dovoljene.  <\/p>\n<p>4.14. Nekatere atrakcije lahko obratujejo z zmanj\u0161ano zmogljivostjo ali so za\u010dasno zaprte zaradi vzdr\u017eevanja, osebja ali varnostnih razlogov brez pravice do povra\u010dila. <\/p>\n<h3><strong>5. Dol\u017enost nadzora<\/strong><\/h3>\n<p>5.1. Star\u0161i in spremljevalci so edini dol\u017eni skrbeti za svoje otroke. Poleg tega so odgovorni tudi za morebitno \u0161kodo, ki jo povzro\u010dijo osebe, za katere skrbijo, tudi \u010de varovanca na dan obiska ni na kraju samem.  <\/p>\n<p>5.2. \u010ce se otrok izgubi, o tem takoj obvestite osebje parka. Za ponovno sre\u010danje se uporabi dolo\u010deno zbirno mesto.  <\/p>\n<h3><strong>6. Ogla\u0161evanje in prodaja izdelkov in storitev<\/strong><\/h3>\n<p>6.1 Ogla\u0161evanje v prostorih Dinoparka Funtana in na parkiri\u0161\u010du ter prodaja izdelkov in storitev so dovoljeni le s predhodnim pisnim soglasjem uprave parka. To velja tudi za izvajanje javnomnenjskih raziskav in \u0161tetje. Ogla\u0161evanje in ogla\u0161evanje organizacij, zdru\u017eenj, interesnih skupin in posameznih idej je na obmo\u010dju parka in znotraj vseh stavb, atrakcij itd. prepovedano in se v vsakem primeru kaznuje z izgonom iz parka ter civilno to\u017ebo zaradi motenja doma\u010dega miru in varnosti.  <\/p>\n<p>6.2. Brez predhodne pisne odobritve nih\u010de ne sme razdeljevati, razstavljati ali objavljati oglasov, letakov, peticij ali anket. <\/p>\n<h3>7. Videonadzor, fotografiranje in video snemanje na vo\u017enji, snemanje in fotografiranje<\/h3>\n<p>7.1. Dinopark Funtana je pod video nadzorom. Nadzor slu\u017ei varnosti obiskovalcev in zaposlenih ter za\u0161\u010diti objekta in opreme.  <\/p>\n<p>7.2. \u010ce se v Dinoparku Funtana snemajo filmi in fotografije za televizijske oddaje, ogla\u0161evanje ali iz drugih razlogov, so ustrezna obmo\u010dja ali atrakcije ustrezno ozna\u010dene ali pa je to dobro vidno. Vsak obiskovalec se lahko tem obmo\u010djem v \u010dasu snemanja ustreznih posnetkov prosto izogne.  <\/p>\n<p>7.3 Obiskovalci lahko v zasebne namene posnamejo svoje fotografije in filme, \u010de s tem ne ovirajo ali motijo drugih gostov. Profesionalno fotografiranje in snemanje v komercialne namene ter prenos v \u017eivo prek vseh spletnih platform pa sta dovoljena le s predhodnim pisnim dovoljenjem. Prosimo, da se predhodno obrnete na oddelek za korporativno komuniciranje dru\u017ebe Dinopark Funtana.  <\/p>\n<p>7.4. Obiskovalci se lahko pojavijo v promocijskih videoposnetkih ali fotografijah parka. \u010ce ne \u017eelite biti snemani, se izogibajte ozna\u010denim obmo\u010djem za snemanje ali obvestite osebje parka.  <\/p>\n<h3><strong>8. Varnostni pregledi obiskovalcev<\/strong><\/h3>\n<p>8.1. Vsi obiskovalci, ki \u017eelijo vstopiti v prostore parka (za katere veljajo ta pravila parka), morajo izjaviti, da se strinjajo s prostovoljnimi varnostnimi pregledi, ki jih izvaja varnostno osebje Dinoparka Funtana. Upo\u0161tevati je treba vsa navodila, ki jih poda varnostno osebje. Vsako nesodelovanje lahko povzro\u010di neposredno zavrnitev vstopa v park za stranko, ki tega ne \u017eeli. Varnostno osebje je poobla\u0161\u010deno, da pregleda obiskovalce, za katere meni, da ogro\u017eajo varnost zaradi u\u017eivanja alkohola, zlorabe drog ali no\u0161enja oro\u017eja. Vsi obiskovalci morajo izjaviti, da se strinjajo z morebitnim pregledom svojih obla\u010dil, prtljage ali posod, ki jih imajo pri sebi.     <\/p>\n<p>8.2. Varnostno osebje je poobla\u0161\u010deno, da iz okolice parka prepove vstop obiskovalcem, ki bi lahko ogro\u017eali varnost. <\/p>\n<p>8.3. Enako velja za obiskovalce, ki no\u010dejo dati sebe ali svoje osebne predmete v varnostni pregled. Poleg tega je varnostno osebje poobla\u0161\u010deno, da zase\u017ee vse predmete, za katere meni, da niso v skladu s pravili parka (npr. droge, oro\u017eje itd.).  <\/p>\n<p>8.4. Varnostno osebje je poobla\u0161\u010deno za naklju\u010dne varnostne preglede obiskovalcev, ki so \u017ee v prostorih parka. <\/p>\n<p>8.5. Velike torbe in nahrbtniki so lahko predmet varnostnega pregleda. <\/p>\n<h3><strong>9. Omejitev odgovornosti<\/strong><\/h3>\n<p>9.1. Dinopark Funtana je odgovoren za vso \u0161kodo, ki je nastala zaradi krivdne kr\u0161itve bistvene pogodbene obveznosti s strani Dinoparka Funtana ali zaposlenih v Dinoparku Funtana ali zaradi hude malomarnosti ali naklepa. <\/p>\n<p>9.2. V primeru kr\u0161itve bistvenih pogodbenih obveznosti je odgovornost v primeru preproste malomarnosti omejena na \u0161kodo, zna\u010dilno za tovrstne pogodbe, ki bi jo bilo mogo\u010de razumno predvideti. <\/p>\n<p>9.3. To ne vpliva na odgovornost zaradi po\u0161kodbe \u017eivljenja, telesa ali zdravja, odgovornost po hrva\u0161kem zakonu o odgovornosti za izdelke, odgovornost v primeru goljufivo prikritih napak in odgovornost v primeru garancije za lastnosti predmeta. <\/p>\n<p>9.4. Dinopark Funtana ne odgovarja za predmete, ki so izro\u010deni zaposlenim v Dinoparku Funtana ali kako druga\u010de shranjeni ali odlo\u017eeni v prostorih parka. Za predmete (na primer mobilne telefone, nakit, fotoaparate, obla\u010dila itd.), ki se po\u0161kodujejo, uni\u010dijo ali izgubijo med uporabo vo\u017enje, atrakcij, predstav ali objektov, ne odgovarjamo.  <\/p>\n<p>9.5. Dinopark Funtana ne prevzema nobene odgovornosti za osebne stvari, ki jih pustite brez nadzora kjer koli v parku. <\/p>\n<h3><strong>10. Poro\u010dila o \u0161kodi<\/strong><\/h3>\n<p>10.1. Vsi objekti v parku so skrbno vzdr\u017eevani in nadzorovani. \u010ce kljub temu utrpite kakr\u0161no koli \u0161kodo ali po\u0161kodbo brez va\u0161e krivde, to sporo\u010dite informacijski pisarni, preden zapustite park. Prav tako nas obvestite, \u010de sumite, da bi lahko \u0161koda nastala pozneje zaradi kak\u0161nega dogodka. \u010ce \u0161kode ne prijavite pred odhodom iz parka, \u010deprav bi bilo to mogo\u010de in smiselno, od\u0161kodninskih zahtevkov ne bomo sprejeli.    <\/p>\n<p>10.2. Zahtevke za \u0161kodo je treba prijaviti pred odhodom iz parka. Kasneje vlo\u017eeni zahtevki ne bodo upo\u0161tevani.  <\/p>\n<h3><strong>11. Kr\u0161itev hi\u0161nega reda in izgon iz parka<\/strong><\/h3>\n<p>11.1. Kr\u0161itev katerega koli od zgoraj navedenih pravil in predpisov za parkiranje lahko po presoji osebja in\/ali vodstva Dinoparka Funtana povzro\u010di odstranitev iz parka brez od\u0161kodnine. <\/p>\n<p>11.2. Za naslednje prekr\u0161ke bo sledila takoj\u0161nja izklju\u010ditev brez povra\u010dila stro\u0161kov: <\/p>\n<ul>\n<li>Kraja ali vandalizem lastnine parka<\/li>\n<li>Fizi\u010dno nasilje ali groze\u010de vedenje<\/li>\n<li>nadlegovanje drugih gostov ali osebja<\/li>\n<li>Uporaba prepovedanih snovi<\/li>\n<\/ul>\n<h3><strong>12. Kon\u010dne dolo\u010dbe<\/strong><\/h3>\n<p>12.1 Uporablja se hrva\u0161ko pravo, razen Konvencije ZN o prodaji blaga (CISG). V primeru, da ste vstopnico naro\u010dili kot potro\u0161nik, tj. ste fizi\u010dna oseba in pogodbo z Dinoparkom Funtana sklepate za namen, ki ga ni mogo\u010de pripisati va\u0161i poklicni ali gospodarski dejavnosti, in imate v \u010dasu naro\u010dila obi\u010dajno prebivali\u0161\u010de v drugi dr\u017eavi, se uporaba prisilnih pravnih dolo\u010db v smislu \u010dlena 12.2. 6(2), stavek 2, Uredbe (ES) \u0161t. 593I\/2008 te dr\u017eave ne vpliva izbira prava iz stavka 1, \u010de bi se pravo te dr\u017eave uporabljalo v skladu s \u010dl. 6 (1) Uredbe (ES) \u0161t. 593\/2008 brez navedene izbire prava, tj. v primerih, v katerih <\/p>\n<ul>\n<li>Dinopark Funtana opravlja svoje poslovne dejavnosti v dr\u017eavi, v kateri imate obi\u010dajno prebivali\u0161\u010de, ali<\/li>\n<li>Dinopark Funtana svoje komercialne dejavnosti usmerja v to dr\u017eavo.<\/li>\n<\/ul>\n<p>Prej\u0161nji stavek se ne uporablja, kar pomeni, da se ne morete sklicevati na obvezne dolo\u010dbe svoje dr\u017eave, \u010de se v primeru v skladu s \u010dlenom 2(1) Uredbe (ES) \u0161t. 6(4)(a) do (e) Uredbe (ES) \u0161t. 593\/2008, zlasti v primeru:<\/p>\n<ul>\n<li>pogodbe o opravljanju storitev, pri katerih morajo biti storitve, ki jih je dol\u017ean opraviti potro\u0161nik, opravljene izklju\u010dno v dr\u017eavi, ki ni dr\u017eava, v kateri ima potro\u0161nik obi\u010dajno prebivali\u0161\u010de;<\/li>\n<li>pogodbe o prevozu, razen pogodb o paketnem potovanju v smislu Direktive Sveta 90\/314\/EGS z dne 13. junija 1990 o paketnem potovanju, organiziranih po\u010ditnicah in izletih (1);<\/li>\n<li>pogodbe v zvezi s stvarno pravico na nepremi\u010dnini ali z najemom ali zakupom nepremi\u010dnine, razen pogodb v zvezi s \u010dasovnim zakupom v smislu Direktive 94\/47\/ES.<\/li>\n<\/ul>\n<p>12.2. \u010ce ste naro\u010dilo oddali kot trgovec, pravna oseba javnega prava ali posebni sklad javnega prava, je kraj izvajanja vseh storitev, ki izhajajo iz poslovnega razmerja z nami, in izklju\u010dno pristojen sede\u017e Dinoparka Funtana. To ne vpliva na na\u0161o pravico do vlo\u017eitve to\u017ebe pri sodi\u0161\u010du v drugem zakonsko dolo\u010denem kraju pristojnosti. V vseh drugih pogledih se za pristojnost uporabljajo veljavne zakonske dolo\u010dbe &#8211; ob upo\u0161tevanju odstavka 12.3 spodaj.   <\/p>\n<p>12.3 \u010ce ste vstopnico naro\u010dili kot potro\u0161nik in imate obi\u010dajno prebivali\u0161\u010de v dr\u017eavi, ki ni \u010dlanica Evropske unije in ni \u010dlanica Luganske konvencije, je izklju\u010dno pristojen sede\u017e dru\u017ebe Dinopark Funtana.<\/p>\n<p>12.4 \u010ce ste imeli ob sklenitvi te pogodbe stalno ali obi\u010dajno prebivali\u0161\u010de na Hrva\u0161kem in ste ga v \u010dasu, ko smo vlo\u017eili to\u017ebo, preselili iz Hrva\u0161ke ali pa va\u0161e stalno ali obi\u010dajno prebivali\u0161\u010de v tem \u010dasu ni znano, je za vse spore, ki izhajajo iz pogodbenega razmerja med nami in so z njim povezani, pristojen sede\u017e dru\u017ebe Dinopark Funtana.<\/p>\n<p>12.5 Komisija EU je vzpostavila spletno platformo za spletno re\u0161evanje sporov. Platforma slu\u017ei kot kontaktna to\u010dka za izvensodno re\u0161evanje sporov v zvezi s pogodbenimi obveznostmi, ki izhajajo iz spletnih kupoprodajnih pogodb. Dodatne informacije so na voljo na naslednji povezavi: <a href=\"https:\/\/ec.europa.eu\/consumers\/odr\/main\/\" target=\"_blank\" rel=\"noopener\">https:\/\/ec.europa.eu\/consumers\/odr\/main\/<\/a>. Nismo niti pripravljeni niti dol\u017eni sodelovati v postopku re\u0161evanja sporov pred potro\u0161ni\u0161ko arbitra\u017eo.   <\/p>\n<p>12.6 \u010ce je ali postane dolo\u010dba teh pogojev in drugih sklenjenih pogodb neveljavna, to ne vpliva na veljavnost preostalih pogojev.<\/p>\n<p>12.7. Dinopark Funtana ni odgovoren za zaprtje, zamude ali motnje v izvajanju storitev, ki so posledica vi\u0161je sile, med drugim naravnih nesre\u010d, pandemij, vladnih omejitev ali nepredvidenih dogodkov. <\/p>\n<p>Status: marec 2025, lahko se spremeni.<\/p>\n<p><!-- notionvc: 4e6a0b02-57b1-4ee5-8037-5a9c13b59178 -->[\/vc_column_text][vc_empty_space empty_h=&#8221;5&#8243;][\/vc_column][\/vc_row]<\/p>\n<\/div>","protected":false},"excerpt":{"rendered":"<p>[vc_row row_height_percent=&#8221;0&#8243; back_image=&#8221;132914&#8243; overlay_alpha=&#8221;50&#8243; gutter_size=&#8221;3&#8243; column_width_percent=&#8221;100&#8243; shift_y=&#8221;0&#8243; z_index=&#8221;0&#8243; uncode_shortcode_id=&#8221;423490&#8243;][vc_column width=&#8221;1\/1&#8243;][vc_custom_heading uncode_shortcode_id=&#8221;117685&#8243;]Pravila parka Dinopark Funtana[\/vc_custom_heading][vc_column_text uncode_shortcode_id=&#8221;121658&#8243;] 1. Parkiri\u0161\u010de 1.1. Pravila in [&hellip;]<\/p>\n","protected":false},"author":1,"featured_media":0,"parent":0,"menu_order":0,"comment_status":"closed","ping_status":"closed","template":"","meta":{"two_page_speed":[],"footnotes":""},"class_list":["post-136879","page","type-page","status-publish","hentry"],"_links":{"self":[{"href":"https:\/\/dinopark-funtana.com\/sl\/wp-json\/wp\/v2\/pages\/136879","targetHints":{"allow":["GET"]}}],"collection":[{"href":"https:\/\/dinopark-funtana.com\/sl\/wp-json\/wp\/v2\/pages"}],"about":[{"href":"https:\/\/dinopark-funtana.com\/sl\/wp-json\/wp\/v2\/types\/page"}],"author":[{"embeddable":true,"href":"https:\/\/dinopark-funtana.com\/sl\/wp-json\/wp\/v2\/users\/1"}],"replies":[{"embeddable":true,"href":"https:\/\/dinopark-funtana.com\/sl\/wp-json\/wp\/v2\/comments?post=136879"}],"version-history":[{"count":2,"href":"https:\/\/dinopark-funtana.com\/sl\/wp-json\/wp\/v2\/pages\/136879\/revisions"}],"predecessor-version":[{"id":136881,"href":"https:\/\/dinopark-funtana.com\/sl\/wp-json\/wp\/v2\/pages\/136879\/revisions\/136881"}],"wp:attachment":[{"href":"https:\/\/dinopark-funtana.com\/sl\/wp-json\/wp\/v2\/media?parent=136879"}],"curies":[{"name":"wp","href":"https:\/\/api.w.org\/{rel}","templated":true}]}}