{"id":136838,"date":"2024-02-08T10:43:40","date_gmt":"2024-02-08T09:43:40","guid":{"rendered":"https:\/\/dinopark-funtana.com\/pravilnik-o-zasebnosti\/"},"modified":"2025-03-09T11:33:28","modified_gmt":"2025-03-09T10:33:28","slug":"pravilnik-o-zasebnosti","status":"publish","type":"page","link":"https:\/\/dinopark-funtana.com\/sl\/pravilnik-o-zasebnosti\/","title":{"rendered":"Pravilnik o zasebnosti"},"content":{"rendered":"<div class=\"wpb-content-wrapper\"><p>[vc_row][vc_column width=&#8221;1\/1&#8243;][vc_column_text uncode_shortcode_id=&#8221;100351&#8243;]<\/p>\n<h1 data-start=\"0\" data-end=\"41\"><strong data-start=\"2\" data-end=\"39\">Politika zasebnosti &#8211; Dinopark Funtana<\/strong><\/h1>\n<p data-start=\"43\" data-end=\"71\"><strong data-start=\"43\" data-end=\"69\">Nazadnje posodobljeno: marec 2025<\/strong><\/p>\n<p data-start=\"73\" data-end=\"330\">V <strong data-start=\"76\" data-end=\"96\">Dinoparku Funtana<\/strong> varstvo va\u0161ih osebnih podatkov jemljemo resno. Ta pravilnik o zasebnosti pojasnjuje, kako zbiramo, obdelujemo in varujemo va\u0161e osebne podatke, ko obi\u0161\u010dete na\u0161o spletno stran <strong data-start=\"273\" data-end=\"307\"><a href=\"https:\/\/dinopark-funtana.com\/sl\/\" target=\"_new\" rel=\"noopener\" data-start=\"276\" data-end=\"304\">(https:\/\/dinopark-funtana.com<\/a><\/strong> ) ali uporabljate na\u0161e storitve. <\/p>\n<h2 data-start=\"332\" data-end=\"359\"><strong data-start=\"335\" data-end=\"357\">1. Upravljavec podatkov<\/strong><\/h2>\n<p data-start=\"360\" data-end=\"423\">Odgovorna oseba za obdelavo podatkov na tem spletnem mestu je:<\/p>\n<p data-start=\"425\" data-end=\"547\"><strong data-start=\"425\" data-end=\"449\">Marton Koncept d.o.o<\/strong><br \/>Ul. Matije Gupca odv. 1<br \/>49282, Konj\u0161\u010dina, Hrva\u0161ka<br \/>\ud83d\udce7 <strong data-start=\"509\" data-end=\"519\">E-naslov:<\/strong> <a rel=\"noopener\" data-start=\"520\" data-end=\"545\">info [@] dinopark-funtana.com<\/a><\/p>\n<p data-start=\"549\" data-end=\"659\">\u010ce imate kakr\u0161na koli vpra\u0161anja v zvezi z varstvom podatkov, se lahko kadar koli obrnete na nas prek zgornjih podatkov.<\/p>\n<h2 data-start=\"661\" data-end=\"693\"><strong data-start=\"664\" data-end=\"691\">2. Katere podatke zbiramo<\/strong><\/h2>\n<p data-start=\"694\" data-end=\"838\">Osebne podatke zbiramo in obdelujemo le, \u010de je to potrebno za delovanje na\u0161ega spletnega mesta in zagotavljanje na\u0161ih storitev. To lahko vklju\u010duje: <\/p>\n<h3 data-start=\"840\" data-end=\"875\"><strong data-start=\"844\" data-end=\"873\">a) Podatki, ki nam jih posredujete<\/strong><\/h3>\n<ul data-start=\"876\" data-end=\"1230\">\n<li data-start=\"876\" data-end=\"1077\"><strong data-start=\"878\" data-end=\"906\">Naro\u010dnina na novice:<\/strong> \u010ce se prijavite na na\u0161e <strong data-start=\"930\" data-end=\"950\">e-novice<\/strong>, zbiramo va\u0161 <strong data-start=\"968\" data-end=\"985\">e-po\u0161tni naslov za<\/strong> po\u0161iljanje posodobitev, ponudb in promocij prek <strong data-start=\"1030\" data-end=\"1041\">Klaviyo<\/strong>. Od naro\u010dnine se lahko kadar koli odjavite. <\/li>\n<li data-start=\"1078\" data-end=\"1230\"><strong data-start=\"1080\" data-end=\"1098\">Kontaktni obrazci:<\/strong> \u010ce nas kontaktirate prek na\u0161ega spletnega mesta, zbiramo podatke, ki jih posredujete (npr. ime, e-po\u0161tni naslov), da se lahko odzovemo na va\u0161o poizvedbo.<\/li>\n<\/ul>\n<h3 data-start=\"1232\" data-end=\"1273\"><strong data-start=\"1236\" data-end=\"1271\">b) Samodejno zbrani podatki<\/strong><\/h3>\n<p data-start=\"1274\" data-end=\"1390\">Ko obi\u0161\u010dete na\u0161e spletno mesto, zbiramo tehni\u010dne podatke, da zagotovimo njegovo delovanje in izbolj\u0161amo uporabni\u0161ko izku\u0161njo:<\/p>\n<ul data-start=\"1391\" data-end=\"1534\">\n<li data-start=\"1391\" data-end=\"1422\"><strong data-start=\"1393\" data-end=\"1420\">naslov IP (anonimiziran)<\/strong><\/li>\n<li data-start=\"1423\" data-end=\"1455\"><strong data-start=\"1425\" data-end=\"1453\">Vrsta in razli\u010dica brskalnika<\/strong><\/li>\n<li data-start=\"1456\" data-end=\"1480\"><strong data-start=\"1458\" data-end=\"1478\">Operacijski sistem<\/strong><\/li>\n<li data-start=\"1481\" data-end=\"1502\"><strong data-start=\"1483\" data-end=\"1500\">Sklicujo\u010di URL<\/strong><\/li>\n<li data-start=\"1503\" data-end=\"1534\"><strong data-start=\"1505\" data-end=\"1532\">Datum in \u010das dostopa<\/strong><\/li>\n<\/ul>\n<p data-start=\"1536\" data-end=\"1648\">Ti podatki se zbirajo s pi\u0161kotki in tehnologijami za sledenje, kot je <strong data-start=\"1609\" data-end=\"1629\">Google Analytics<\/strong> (glejte poglavje 4).<\/p>\n<h2 data-start=\"1650\" data-end=\"1682\"><strong data-start=\"1653\" data-end=\"1680\">3. Kako uporabljamo va\u0161e podatke<\/strong><\/h2>\n<p data-start=\"1683\" data-end=\"1938\">Va\u0161e osebne podatke obdelujemo za:<\/p>\n<ul>\n<li data-start=\"1683\" data-end=\"1938\">Zagotavljanje in izbolj\u0161evanje na\u0161ega spletnega mesta in storitev.<\/li>\n<li data-start=\"1683\" data-end=\"1938\">analiziranje vedenja uporabnikov za izbolj\u0161anje na\u0161e vsebine in uporabni\u0161ke izku\u0161nje.<\/li>\n<li data-start=\"1683\" data-end=\"1938\">po\u0161iljanje ustreznih novic in ponudb (samo \u010de ste se naro\u010dili).<\/li>\n<li data-start=\"1683\" data-end=\"1938\">Izpolnjevanje zakonskih obveznosti<\/li>\n<\/ul>\n<p data-start=\"1940\" data-end=\"2029\">Va\u0161ih podatkov <strong data-start=\"1946\" data-end=\"1953\">ne<\/strong> prodajamo, <strong data-start=\"1946\" data-end=\"1953\">ne<\/strong> dajemo v najem ali v skupno rabo s tretjimi osebami za namene tr\u017eenja.<\/p>\n<h2 data-start=\"2031\" data-end=\"2074\"><strong data-start=\"2034\" data-end=\"2072\">4. Pi\u0161kotki in tehnologije sledenja<\/strong><\/h2>\n<p data-start=\"2075\" data-end=\"2170\">Za optimizacijo va\u0161e izku\u0161nje uporabljamo pi\u0161kotke in podobne tehnologije sledenja. Te vklju\u010dujejo: <\/p>\n<ul data-start=\"2172\" data-end=\"2299\">\n<li data-start=\"2172\" data-end=\"2245\"><strong data-start=\"2174\" data-end=\"2194\">Google Analytics<\/strong> (za analizo prometa na spletnem mestu in izbolj\u0161anje vsebine).<\/li>\n<li data-start=\"2246\" data-end=\"2299\"><strong data-start=\"2248\" data-end=\"2269\">Bistveni pi\u0161kotki<\/strong> (za delovanje spletnega mesta).<\/li>\n<\/ul>\n<p data-start=\"2301\" data-end=\"2374\">Pi\u0161kotke lahko kadar koli uredite ali onemogo\u010dite v nastavitvah brskalnika.<\/p>\n<h2 data-start=\"2376\" data-end=\"2413\"><strong data-start=\"2379\" data-end=\"2411\">5. Varnost in hramba podatkov<\/strong><\/h2>\n<p data-start=\"2414\" data-end=\"2679\">Sprejemamo ustrezne tehni\u010dne in organizacijske ukrepe za za\u0161\u010dito va\u0161ih podatkov pred nepoobla\u0161\u010denim dostopom, izgubo ali zlorabo. Va\u0161i podatki so varno shranjeni in se hranijo le toliko \u010dasa, kolikor je potrebno za izpolnitev predvidenega namena ali izpolnjevanje zakonskih zahtev. <\/p>\n<h2 data-start=\"2681\" data-end=\"2704\"><strong data-start=\"2684\" data-end=\"2702\">6. Va\u0161e pravice<\/strong><\/h2>\n<p data-start=\"2705\" data-end=\"2777\">Kot uporabnik imate naslednje pravice v zvezi s svojimi osebnimi podatki:<\/p>\n<ul data-start=\"2778\" data-end=\"3237\">\n<li data-start=\"2778\" data-end=\"2854\"><strong data-start=\"2780\" data-end=\"2800\">Pravica do dostopa:<\/strong> Zahtevajte informacije o podatkih, ki jih hranimo o vas.<\/li>\n<li data-start=\"2855\" data-end=\"2925\"><strong data-start=\"2857\" data-end=\"2884\">Pravica do popravka:<\/strong> Pravica do popravka neto\u010dnih ali nepopolnih podatkov.<\/li>\n<li data-start=\"2926\" data-end=\"3047\"><strong data-start=\"2928\" data-end=\"2975\">Pravica do izbrisa (&#8220;pravica biti pozabljen&#8221;<\/strong>): Zahtevajte izbris svojih podatkov, razen \u010de jih je treba hraniti po zakonu.<\/li>\n<li data-start=\"3048\" data-end=\"3145\"><strong data-start=\"3050\" data-end=\"3070\">Pravica do ugovora:<\/strong> Odklonitev obdelave podatkov za namene neposrednega tr\u017eenja ali zakonitih interesov.<\/li>\n<li data-start=\"3146\" data-end=\"3237\"><strong data-start=\"3148\" data-end=\"3178\">Pravica do prenosljivosti podatkov:<\/strong> Svoje podatke prejmite v strukturirani, splo\u0161no uporabljani obliki.<\/li>\n<\/ul>\n<p data-start=\"3239\" data-end=\"3317\">\u010ce \u017eelite uveljavljati svoje pravice, se obrnite na nas na <strong data-start=\"3285\" data-end=\"3314\"><a rel=\"noopener\" data-start=\"3287\" data-end=\"3312\">info@dinopark-funtana.com<\/a><\/strong>.<\/p>\n<h2 data-start=\"3319\" data-end=\"3361\"><strong data-start=\"3322\" data-end=\"3359\">7. Spremembe tega pravilnika o zasebnosti<\/strong><\/h2>\n<p data-start=\"3362\" data-end=\"3532\">Pridr\u017eujemo si pravico do posodobitve tega pravilnika o zasebnosti, da bo odra\u017eal spremembe zakonskih zahtev ali na\u0161ih storitev. Najnovej\u0161a razli\u010dica bo vedno na voljo na na\u0161em spletnem mestu. <\/p>\n<p data-start=\"3534\" data-end=\"3632\">Za vsa vpra\u0161anja v zvezi z varstvom podatkov se obrnite na nas na <strong data-start=\"3600\" data-end=\"3629\"><a rel=\"noopener\" data-start=\"3602\" data-end=\"3627\">info [@] dinopark-funtana.com<\/a><\/strong>.<\/p>\n<p>[\/vc_column_text][\/vc_column][\/vc_row]<\/p>\n<\/div>","protected":false},"excerpt":{"rendered":"<p>[vc_row][vc_column width=&#8221;1\/1&#8243;][vc_column_text uncode_shortcode_id=&#8221;100351&#8243;] Politika zasebnosti &#8211; Dinopark Funtana Nazadnje posodobljeno: marec 2025 V Dinoparku Funtana varstvo va\u0161ih osebnih podatkov jemljemo [&hellip;]<\/p>\n","protected":false},"author":1,"featured_media":0,"parent":0,"menu_order":0,"comment_status":"closed","ping_status":"open","template":"","meta":{"two_page_speed":[],"footnotes":""},"class_list":["post-136838","page","type-page","status-publish","hentry"],"_links":{"self":[{"href":"https:\/\/dinopark-funtana.com\/sl\/wp-json\/wp\/v2\/pages\/136838","targetHints":{"allow":["GET"]}}],"collection":[{"href":"https:\/\/dinopark-funtana.com\/sl\/wp-json\/wp\/v2\/pages"}],"about":[{"href":"https:\/\/dinopark-funtana.com\/sl\/wp-json\/wp\/v2\/types\/page"}],"author":[{"embeddable":true,"href":"https:\/\/dinopark-funtana.com\/sl\/wp-json\/wp\/v2\/users\/1"}],"replies":[{"embeddable":true,"href":"https:\/\/dinopark-funtana.com\/sl\/wp-json\/wp\/v2\/comments?post=136838"}],"version-history":[{"count":2,"href":"https:\/\/dinopark-funtana.com\/sl\/wp-json\/wp\/v2\/pages\/136838\/revisions"}],"predecessor-version":[{"id":136840,"href":"https:\/\/dinopark-funtana.com\/sl\/wp-json\/wp\/v2\/pages\/136838\/revisions\/136840"}],"wp:attachment":[{"href":"https:\/\/dinopark-funtana.com\/sl\/wp-json\/wp\/v2\/media?parent=136838"}],"curies":[{"name":"wp","href":"https:\/\/api.w.org\/{rel}","templated":true}]}}