{"id":136828,"date":"2025-03-09T11:17:50","date_gmt":"2025-03-09T10:17:50","guid":{"rendered":"https:\/\/dinopark-funtana.com\/pogoji-in-dolocila\/"},"modified":"2025-03-09T12:06:05","modified_gmt":"2025-03-09T11:06:05","slug":"pogoji-in-dolocila","status":"publish","type":"page","link":"https:\/\/dinopark-funtana.com\/sl\/pogoji-in-dolocila\/","title":{"rendered":"Pogoji in dolo\u010dila"},"content":{"rendered":"<div class=\"wpb-content-wrapper\"><p>[vc_row][vc_column width=&#8221;1\/1&#8243;][vc_column_text uncode_shortcode_id=&#8221;825803&#8243;]<\/p>\n<h1 data-start=\"0\" data-end=\"45\"><strong data-start=\"2\" data-end=\"43\">Pravila in pogoji &#8211; Dinopark Funtana<\/strong><\/h1>\n<h2 data-start=\"47\" data-end=\"72\"><strong data-start=\"50\" data-end=\"70\">1. Splo\u0161ni pogoji<\/strong><\/h2>\n<p data-start=\"73\" data-end=\"296\">Ti <strong data-start=\"79\" data-end=\"101\">splo\u0161ni pogoji<\/strong> urejajo vstop, uporabo in izku\u0161nje v <strong data-start=\"147\" data-end=\"167\">Dinoparku Funtana<\/strong>, ki ga upravlja dru\u017eba <strong data-start=\"181\" data-end=\"205\">Marton Koncept d.o.o.<\/strong> Z nakupom vstopnice in vstopom v park <strong data-start=\"257\" data-end=\"293\">se strinjate, da boste spo\u0161tovali te pogoje<\/strong>. <\/p>\n<p data-start=\"298\" data-end=\"450\">Pridr\u017eujemo si pravico, da te pogoje kadar koli <strong data-start=\"322\" data-end=\"342\">posodobimo ali spremenimo<\/strong> brez predhodnega obvestila. Najnovej\u0161a razli\u010dica bo vedno na voljo na na\u0161em spletnem mestu. <\/p>\n<h2 data-start=\"452\" data-end=\"487\"><strong data-start=\"455\" data-end=\"485\">2. Vstop v park in pravice<\/strong><\/h2>\n<ul data-start=\"488\" data-end=\"1164\">\n<li data-start=\"488\" data-end=\"540\">Vstop je dovoljen le z <strong data-start=\"521\" data-end=\"537\">veljavno vstopnico<\/strong>.<\/li>\n<li data-start=\"541\" data-end=\"641\">Vstopnice je treba predlo\u017eiti <strong data-start=\"569\" data-end=\"609\">natisnjene ali na mobilni napravi<\/strong>, da jih lahko pri vstopu skenirate.<\/li>\n<li data-start=\"642\" data-end=\"790\">Pri nekaterih atrakcijah lahko zaradi varnosti veljajo <strong data-start=\"673\" data-end=\"712\">omejitve glede starosti, vi\u0161ine ali te\u017ee<\/strong>. Upo\u0161tevajte navodila, ki so objavljena na vsaki atrakciji. <\/li>\n<li data-start=\"791\" data-end=\"996\"><strong data-start=\"793\" data-end=\"832\">Dinopark Funtana si pridr\u017euje pravico, da<\/strong> zavrne vstop ali odstrani obiskovalce iz parka <strong data-start=\"884\" data-end=\"902\">brez povra\u010dila stro\u0161kov,<\/strong> \u010de ne spo\u0161tujejo pravil parka, se vedejo nevarno ali motijo druge goste.<\/li>\n<li data-start=\"997\" data-end=\"1164\">Zaradi varnosti vseh obiskovalcev upo\u0161tevajte <strong data-start=\"1052\" data-end=\"1066\">pravila parka<\/strong>, ki so na voljo na<br \/>\n<h3><strong><a href=\"https:\/\/dinopark-funtana.com\/sl\/pravila-parka-dinopark-funtana\/\" target=\"_new\" rel=\"noopener\" data-start=\"1090\" data-end=\"1161\">Pravila parka<\/a><\/strong><\/h3>\n<p>.<\/li>\n<\/ul>\n<h2 data-start=\"1166\" data-end=\"1196\"><strong data-start=\"1169\" data-end=\"1194\">3. Varnost in odgovornost<\/strong><\/h2>\n<ul data-start=\"1197\" data-end=\"1718\">\n<li data-start=\"1197\" data-end=\"1255\"><strong data-start=\"1199\" data-end=\"1253\">Obiskovalci vstopajo v park in ga uporabljajo na lastno odgovornost.<\/strong><\/li>\n<li data-start=\"1256\" data-end=\"1342\">Star\u0161i\/skrbniki so odgovorni, da <strong data-start=\"1296\" data-end=\"1326\">svoje otroke ves \u010das nadzorujejo<\/strong>.<\/li>\n<li data-start=\"1343\" data-end=\"1533\"><strong data-start=\"1345\" data-end=\"1384\">Dinopark Funtana ne odgovarja<\/strong> za po\u0161kodbe, \u0161kodo ali izgubo osebnih stvari, ki so posledica <strong data-start=\"1446\" data-end=\"1530\">malomarnosti, neupo\u0161tevanja varnostnih navodil ali nepredvidenih okoli\u0161\u010din<\/strong>.<\/li>\n<li data-start=\"1534\" data-end=\"1718\">Nekatere atrakcije vklju\u010dujejo fizi\u010dno aktivnost. Gostje z zdravstvenimi te\u017eavami, te\u017eavami s srcem, nose\u010dnostjo ali drugimi zdravstvenimi te\u017eavami naj se pred udele\u017ebo posvetujejo s svojim zdravnikom. <\/li>\n<\/ul>\n<h2 data-start=\"1720\" data-end=\"1765\"><strong data-start=\"1723\" data-end=\"1763\">4. Zavarovanje in odgovornost za \u0161kodo<\/strong><\/h2>\n<ul data-start=\"1766\" data-end=\"2133\">\n<li data-start=\"1766\" data-end=\"1949\"><strong data-start=\"1768\" data-end=\"1824\">Dinopark Funtana ne zagotavlja zavarovalnega kritja<\/strong> za telesne po\u0161kodbe, nesre\u010de ali materialno \u0161kodo. Obiskovalci morajo poskrbeti za <strong data-start=\"1912\" data-end=\"1946\">ustrezno osebno zavarovanje<\/strong>. <\/li>\n<li data-start=\"1950\" data-end=\"2062\">Vsaka <strong data-start=\"1956\" data-end=\"1983\">\u0161koda na lastnini parka, ki jo<\/strong> povzro\u010di obiskovalec, lahko povzro\u010di odgovornost za stro\u0161ke popravila ali zamenjave.<\/li>\n<li data-start=\"2063\" data-end=\"2133\">V primeru nesre\u010de takoj obvestite osebje parka.<\/li>\n<\/ul>\n<h2 data-start=\"2135\" data-end=\"2167\"><strong data-start=\"2138\" data-end=\"2165\">5. Pravila za vra\u010dilo vstopnic<\/strong><\/h2>\n<ul data-start=\"2168\" data-end=\"2452\">\n<li data-start=\"2168\" data-end=\"2241\"><strong data-start=\"2170\" data-end=\"2201\">Prodaja vseh vstopnic je dokon\u010dna.<\/strong> Ne ponujamo povra\u010dil ali zamenjav.<\/li>\n<li data-start=\"2242\" data-end=\"2452\">V posebnih primerih, vklju\u010dno z <strong data-start=\"2272\" data-end=\"2355\">vi\u0161jo silo (ekstremne vremenske razmere, naravne nesre\u010de ali drugi nepredvideni dogodki),<\/strong> se lahko obiskovalci za pomo\u010d obrnejo na na\u0161o <strong data-start=\"2381\" data-end=\"2401\">slu\u017ebo za stranke<\/strong> na naslovu <strong data-start=\"2420\" data-end=\"2449\"><a rel=\"noopener\" data-start=\"2422\" data-end=\"2447\">info [@] dinopark-funtana.com<\/a><\/strong>.<\/li>\n<\/ul>\n<h2 data-start=\"2454\" data-end=\"2479\"><strong data-start=\"2457\" data-end=\"2477\">6. Razno<\/strong><\/h2>\n<ul data-start=\"2480\" data-end=\"2734\">\n<li data-start=\"2480\" data-end=\"2584\">Z nakupom vstopnice potrjujete, da ste <strong data-start=\"2540\" data-end=\"2556\">stari<\/strong> najmanj <strong data-start=\"2540\" data-end=\"2556\">18 let<\/strong> ali da imate soglasje star\u0161ev.<\/li>\n<li data-start=\"2585\" data-end=\"2683\">Brez predhodnega dovoljenja je preprodaja vstopnic v komercialne namene <strong data-start=\"2632\" data-end=\"2655\">strogo prepovedana<\/strong>.<\/li>\n<li data-start=\"2684\" data-end=\"2734\">V primeru sporov se uporablja hrva\u0161ko pravo.<\/li>\n<\/ul>\n<p data-start=\"2736\" data-end=\"2911\">Za ve\u010d podrobnosti obi\u0161\u010dite na\u0161e spletno mesto ali se obrnite na na\u0161o <strong data-start=\"2797\" data-end=\"2822\">slu\u017ebo za podporo strankam<\/strong>. Veselimo se, da vas bomo lahko pozdravili v <strong data-start=\"2860\" data-end=\"2880\">Dinoparku Funtana<\/strong>, kjer se boste zabavali! <\/p>\n<p data-start=\"2913\" data-end=\"2952\" data-is-last-node=\"\" data-is-only-node=\"\"><em data-start=\"2913\" data-end=\"2952\" data-is-last-node=\"\">Razli\u010dica: marec 2025. Lahko se spremeni. <\/em><\/p>\n<p>[\/vc_column_text][\/vc_column][\/vc_row]<\/p>\n<\/div>","protected":false},"excerpt":{"rendered":"<p>[vc_row][vc_column width=&#8221;1\/1&#8243;][vc_column_text uncode_shortcode_id=&#8221;825803&#8243;] Pravila in pogoji &#8211; Dinopark Funtana 1. Splo\u0161ni pogoji Ti splo\u0161ni pogoji urejajo vstop, uporabo in izku\u0161nje [&hellip;]<\/p>\n","protected":false},"author":1,"featured_media":0,"parent":0,"menu_order":0,"comment_status":"closed","ping_status":"closed","template":"","meta":{"two_page_speed":[],"footnotes":""},"class_list":["post-136828","page","type-page","status-publish","hentry"],"_links":{"self":[{"href":"https:\/\/dinopark-funtana.com\/sl\/wp-json\/wp\/v2\/pages\/136828","targetHints":{"allow":["GET"]}}],"collection":[{"href":"https:\/\/dinopark-funtana.com\/sl\/wp-json\/wp\/v2\/pages"}],"about":[{"href":"https:\/\/dinopark-funtana.com\/sl\/wp-json\/wp\/v2\/types\/page"}],"author":[{"embeddable":true,"href":"https:\/\/dinopark-funtana.com\/sl\/wp-json\/wp\/v2\/users\/1"}],"replies":[{"embeddable":true,"href":"https:\/\/dinopark-funtana.com\/sl\/wp-json\/wp\/v2\/comments?post=136828"}],"version-history":[{"count":4,"href":"https:\/\/dinopark-funtana.com\/sl\/wp-json\/wp\/v2\/pages\/136828\/revisions"}],"predecessor-version":[{"id":136890,"href":"https:\/\/dinopark-funtana.com\/sl\/wp-json\/wp\/v2\/pages\/136828\/revisions\/136890"}],"wp:attachment":[{"href":"https:\/\/dinopark-funtana.com\/sl\/wp-json\/wp\/v2\/media?parent=136828"}],"curies":[{"name":"wp","href":"https:\/\/api.w.org\/{rel}","templated":true}]}}