{"id":135784,"date":"2024-04-09T11:55:07","date_gmt":"2024-04-09T09:55:07","guid":{"rendered":"https:\/\/dinopark-funtana.com\/impresum\/"},"modified":"2025-03-09T11:10:16","modified_gmt":"2025-03-09T10:10:16","slug":"impresum","status":"publish","type":"page","link":"https:\/\/dinopark-funtana.com\/sl\/impresum\/","title":{"rendered":"Impresum"},"content":{"rendered":"<div class=\"wpb-content-wrapper\"><p>[vc_row unlock_row_content=&#8221;yes&#8221; row_height_percent=&#8221;0&#8243; override_padding=&#8221;yes&#8221; h_padding=&#8221;0&#8243; top_padding=&#8221;0&#8243; bottom_padding=&#8221;0&#8243; overlay_alpha=&#8221;50&#8243; equal_height=&#8221;yes&#8221; gutter_size=&#8221;0&#8243; column_width_percent=&#8221;100&#8243; shift_y=&#8221;0&#8243; z_index=&#8221;0&#8243; uncode_shortcode_id=&#8221;482284&#8243;][vc_column column_width_percent=&#8221;100&#8243; gutter_size=&#8221;3&#8243; back_image=&#8221;135555&#8243; overlay_alpha=&#8221;50&#8243; shift_x=&#8221;0&#8243; shift_y=&#8221;0&#8243; shift_y_down=&#8221;0&#8243; z_index=&#8221;0&#8243; medium_width=&#8221;0&#8243; mobile_width=&#8221;0&#8243; width=&#8221;1\/2&#8243; mobile_height=&#8221;340&#8243; uncode_shortcode_id=&#8221;153804&#8243;][\/vc_column][vc_column column_width_use_pixel=&#8221;yes&#8221; gutter_size=&#8221;3&#8243; override_padding=&#8221;yes&#8221; column_padding=&#8221;2&#8243; overlay_alpha=&#8221;50&#8243; shift_x=&#8221;0&#8243; shift_y=&#8221;0&#8243; shift_y_down=&#8221;0&#8243; z_index=&#8221;0&#8243; medium_width=&#8221;0&#8243; mobile_width=&#8221;0&#8243; width=&#8221;1\/2&#8243; column_width_pixel=&#8221;528&#8243; uncode_shortcode_id=&#8221;476193&#8243;][vc_custom_heading text_color=&#8221;accent&#8221; heading_semantic=&#8221;h6&#8243; text_size=&#8221;h6&#8243; text_transform=&#8221;uppercase&#8221; uncode_shortcode_id=&#8221;128916&#8243; text_color_type=&#8221;uncode-palette&#8221;]Impresum[\/vc_custom_heading][vc_custom_heading text_size=&#8221;&#8221; uncode_shortcode_id=&#8221;934262&#8243;]Veseli nas, da \u017eelite izvedeti ve\u010d![\/vc_custom_heading][vc_column_text text_lead=&#8221;yes&#8221; uncode_shortcode_id=&#8221;916232&#8243;]Dinopark Funtana, ustanovljen leta 2009, se je razvil v vznemirljivo dru\u017einsko destinacijo. Nenehne nalo\u017ebe so zaznamovale na\u0161 uspeh, ki navdu\u0161uje goste in partnerje. Odprti smo za sodelovanje, saj verjamemo, da lahko skupaj dose\u017eemo ve\u010d.[\/vc_column_text][vc_empty_space empty_h=&#8221;1&#8243;][vc_row_inner limit_content=&#8221;&#8221;][vc_column_inner column_width_percent=&#8221;100&#8243; gutter_size=&#8221;3&#8243; overlay_alpha=&#8221;50&#8243; shift_x=&#8221;0&#8243; shift_y=&#8221;0&#8243; shift_y_down=&#8221;0&#8243; z_index=&#8221;0&#8243; medium_width=&#8221;4&#8243; mobile_width=&#8221;0&#8243; width=&#8221;1\/2&#8243;][vc_custom_heading heading_semantic=&#8221;h3&#8243; text_size=&#8221;h4&#8243; subheading=&#8221;Skupaj lahko dose\u017eemo ve\u010d. \u010ce delate v podobni panogi s skupnim ciljnim ob\u010dinstvom, se obrnite na nas s predlogom.&#8221; uncode_shortcode_id=&#8221;196954&#8243;]Partnerstva so dobrodo\u0161la![\/vc_custom_heading][vc_button size=&#8221;btn-link&#8221; custom_typo=&#8221;yes&#8221; font_family=&#8221;font-113968&#8243; font_weight=&#8221;800&#8243; italic=&#8221;yes&#8221; icon_position=&#8221;right&#8221; scale_mobile=&#8221;no&#8221; icon=&#8221;fa fa-arrow-right4&#8243; link=&#8221;url:mailto%3Ainfo%40dinopark.hr|target:_blank|&#8221; uncode_shortcode_id=&#8221;148051&#8243;]Po\u0161lji e-po\u0161to[\/vc_button][\/vc_column_inner][vc_column_inner column_width_percent=&#8221;100&#8243; gutter_size=&#8221;3&#8243; overlay_alpha=&#8221;50&#8243; shift_x=&#8221;0&#8243; shift_y=&#8221;0&#8243; shift_y_down=&#8221;0&#8243; z_index=&#8221;0&#8243; medium_width=&#8221;4&#8243; mobile_width=&#8221;0&#8243; width=&#8221;1\/2&#8243;][vc_custom_heading heading_semantic=&#8221;h3&#8243; text_size=&#8221;h4&#8243; subheading=&#8221;Izbolj\u0161ajte izku\u0161njo svoje skupine! Vrtce, osnovne \u0161ole, \u0161portne klube in organizacije, ki i\u0161\u010dejo edinstven izlet, vabimo, da se z nami pove\u017eejo za posebne dogovore. Skupaj ustvarimo nepozabne trenutke!&#8221; uncode_shortcode_id=&#8221;692213&#8243;]Organizacije in skupine dobrodo\u0161le![\/vc_custom_heading][vc_button size=&#8221;btn-link&#8221; custom_typo=&#8221;yes&#8221; font_family=&#8221;font-113968&#8243; font_weight=&#8221;800&#8243; italic=&#8221;yes&#8221; icon_position=&#8221;right&#8221; scale_mobile=&#8221;no&#8221; icon=&#8221;fa fa-arrow-right4&#8243; link=&#8221;url:mailto%3Ainfo%40dinopark.hr|target:_blank|&#8221; uncode_shortcode_id=&#8221;148051&#8243;]Po\u0161lji e-po\u0161to[\/vc_button][\/vc_column_inner][\/vc_row_inner][\/vc_column][\/vc_row][vc_row row_height_percent=&#8221;0&#8243; back_color=&#8221;color-130196&#8243; overlay_alpha=&#8221;50&#8243; gutter_size=&#8221;3&#8243; column_width_percent=&#8221;100&#8243; shift_y=&#8221;0&#8243; z_index=&#8221;0&#8243; uncode_shortcode_id=&#8221;736264&#8243; back_color_type=&#8221;uncode-palette&#8221;][vc_column width=&#8221;1\/1&#8243;][vc_custom_heading uncode_shortcode_id=&#8221;609551&#8243;]Impresum[\/vc_custom_heading][vc_column_text uncode_shortcode_id=&#8221;112995&#8243;]Pravno obvestilo za Dinopark Funtana (Marton Koncept d.o.o):<\/p>\n<p><strong>Podatki o podjetju v skladu s hrva\u0161kim gospodarskim zakonom:<\/strong><\/p>\n<p>Marton Koncept d.o.o.<\/p>\n<p>Ul. Matije Gupca odv. 1<\/p>\n<p>49282, Konj\u0161\u010dina<\/p>\n<p>Hrva\u0161ka<\/p>\n<p>OIB: 87754784464<\/p>\n<p><!-- notionvc: 907ee263-2cfe-414b-87fe-6097d81e6b34 --><strong>Kontaktni podatki:<\/strong><\/p>\n<p>Tel: +385 52 445 327<\/p>\n<p>E-naslov: info [at] <a href=\"http:\/\/dinopark.hr\/\" target=\"_blank\" rel=\"noopener\">dinopark.hr<\/a><\/p>\n<p><strong>Spletno re\u0161evanje sporov:<\/strong><\/p>\n<p>Evropska komisija ponuja platformo za spletno re\u0161evanje sporov (ODR): https: <a href=\"https:\/\/ec.europa.eu\/consumers\/odr\" target=\"_new\" rel=\"noopener\">\/\/ec.europa.eu\/consumers\/odr<\/a>. Na\u0161 e-po\u0161tni naslov je naveden zgoraj.<\/p>\n<p>Nismo dol\u017eni sodelovati v postopkih re\u0161evanja sporov pred potro\u0161ni\u0161ko arbitra\u017eo.<\/p>\n<p><strong>Odgovornost za vsebino:<\/strong><\/p>\n<p>Kot ponudnik storitev smo za svojo vsebino na teh straneh odgovorni v skladu s splo\u0161nimi zakoni. Vendar nismo dol\u017eni spremljati prenesenih ali shranjenih zunanjih informacij ali preiskovati okoli\u0161\u010din, ki ka\u017eejo na nezakonite dejavnosti.<\/p>\n<p>Obveznosti za odstranitev ali blokiranje uporabe informacij v skladu s splo\u0161nimi zakoni ostajajo nespremenjene. Vendar je odgovornost v zvezi s tem mogo\u010da \u0161ele od trenutka, ko se je izvedelo za dolo\u010deno kr\u0161itev. Ob obvestilu o tak\u0161nih kr\u0161itvah bomo to vsebino nemudoma odstranili.<\/p>\n<p><strong>Odgovornost za povezavo:<\/strong><\/p>\n<p>Na\u0161a ponudba vklju\u010duje povezave do zunanjih spletnih mest tretjih oseb, nad katerih vsebino nimamo nadzora. Zato ne moremo prevzeti nobene odgovornosti za te zunanje vsebine. Za vsebino povezanih strani je vedno odgovoren njihov ponudnik ali upravljavec. Povezane strani so bile v \u010dasu povezovanja preverjene glede morebitnih pravnih kr\u0161itev. Nelegalna vsebina v \u010dasu povezovanja ni bila prepoznavna.<\/p>\n<p>Stalno spremljanje vsebine povezanih strani je brez konkretnih dokazov o kr\u0161itvi zakona nerazumno. Ob obvestilu o kr\u0161itvah bomo take povezave nemudoma odstranili.<\/p>\n<p><strong>Avtorske pravice:<\/strong><\/p>\n<p>Za vsebino in dela, ki jih ustvarijo upravljavci spletnega mesta na teh straneh, velja hrva\u0161ko avtorsko pravo. Za razmno\u017eevanje, obdelavo, distribucijo in kakr\u0161no koli uporabo zunaj meja zakona o avtorskih pravicah je potrebno pisno soglasje zadevnega avtorja ali ustvarjalca. Prenosi in kopije tega spletnega mesta so dovoljeni samo za zasebno, nekomercialno uporabo.<\/p>\n<p>\u010ce vsebine na tem spletnem mestu ni ustvaril upravljavec, se spo\u0161tujejo avtorske pravice tretjih oseb. Zlasti vsebine tretjih oseb so kot take ozna\u010dene. \u010ce kljub temu opazite kr\u0161itev avtorskih pravic, nas o tem ustrezno obvestite. Ob obvestilu o kr\u0161itvah bomo tak\u0161no vsebino nemudoma odstranili.[\/vc_column_text][vc_empty_space empty_h=&#8221;5&#8243;][\/vc_column][\/vc_row]<\/p>\n<\/div>","protected":false},"excerpt":{"rendered":"<p>[vc_row unlock_row_content=&#8221;yes&#8221; row_height_percent=&#8221;0&#8243; override_padding=&#8221;yes&#8221; h_padding=&#8221;0&#8243; top_padding=&#8221;0&#8243; bottom_padding=&#8221;0&#8243; overlay_alpha=&#8221;50&#8243; equal_height=&#8221;yes&#8221; gutter_size=&#8221;0&#8243; column_width_percent=&#8221;100&#8243; shift_y=&#8221;0&#8243; z_index=&#8221;0&#8243; uncode_shortcode_id=&#8221;482284&#8243;][vc_column column_width_percent=&#8221;100&#8243; gutter_size=&#8221;3&#8243; back_image=&#8221;135555&#8243; overlay_alpha=&#8221;50&#8243; shift_x=&#8221;0&#8243; shift_y=&#8221;0&#8243; [&hellip;]<\/p>\n","protected":false},"author":1,"featured_media":0,"parent":0,"menu_order":0,"comment_status":"closed","ping_status":"closed","template":"","meta":{"two_page_speed":[],"footnotes":""},"class_list":["post-135784","page","type-page","status-publish","hentry"],"_links":{"self":[{"href":"https:\/\/dinopark-funtana.com\/sl\/wp-json\/wp\/v2\/pages\/135784","targetHints":{"allow":["GET"]}}],"collection":[{"href":"https:\/\/dinopark-funtana.com\/sl\/wp-json\/wp\/v2\/pages"}],"about":[{"href":"https:\/\/dinopark-funtana.com\/sl\/wp-json\/wp\/v2\/types\/page"}],"author":[{"embeddable":true,"href":"https:\/\/dinopark-funtana.com\/sl\/wp-json\/wp\/v2\/users\/1"}],"replies":[{"embeddable":true,"href":"https:\/\/dinopark-funtana.com\/sl\/wp-json\/wp\/v2\/comments?post=135784"}],"version-history":[{"count":7,"href":"https:\/\/dinopark-funtana.com\/sl\/wp-json\/wp\/v2\/pages\/135784\/revisions"}],"predecessor-version":[{"id":136815,"href":"https:\/\/dinopark-funtana.com\/sl\/wp-json\/wp\/v2\/pages\/135784\/revisions\/136815"}],"wp:attachment":[{"href":"https:\/\/dinopark-funtana.com\/sl\/wp-json\/wp\/v2\/media?parent=135784"}],"curies":[{"name":"wp","href":"https:\/\/api.w.org\/{rel}","templated":true}]}}