{"id":134195,"date":"2024-02-28T11:43:32","date_gmt":"2024-02-28T10:43:32","guid":{"rendered":"https:\/\/dinopark-funtana.com\/navodila\/"},"modified":"2025-03-09T12:37:47","modified_gmt":"2025-03-09T11:37:47","slug":"navodila","status":"publish","type":"page","link":"https:\/\/dinopark-funtana.com\/sl\/navodila\/","title":{"rendered":"Navodila"},"content":{"rendered":"<div class=\"wpb-content-wrapper\"><p>[vc_row row_height_percent=&#8221;61&#8243; override_padding=&#8221;yes&#8221; h_padding=&#8221;2&#8243; top_padding=&#8221;5&#8243; bottom_padding=&#8221;5&#8243; back_image=&#8221;133331&#8243; overlay_alpha=&#8221;50&#8243; gutter_size=&#8221;3&#8243; column_width_percent=&#8221;100&#8243; shift_y=&#8221;0&#8243; z_index=&#8221;0&#8243; top_divider=&#8221;gradient&#8221; uncode_shortcode_id=&#8221;153585&#8243;][vc_column column_width_percent=&#8221;100&#8243; position_vertical=&#8221;middle&#8221; gutter_size=&#8221;2&#8243; style=&#8221;dark&#8221; overlay_alpha=&#8221;50&#8243; shift_x=&#8221;0&#8243; shift_y=&#8221;0&#8243; shift_y_down=&#8221;0&#8243; z_index=&#8221;0&#8243; medium_width=&#8221;0&#8243; mobile_width=&#8221;0&#8243; width=&#8221;1\/1&#8243;][vc_empty_space][\/vc_column][\/vc_row][vc_row unlock_row_content=&#8221;yes&#8221; row_height_percent=&#8221;0&#8243; override_padding=&#8221;yes&#8221; h_padding=&#8221;4&#8243; top_padding=&#8221;3&#8243; bottom_padding=&#8221;2&#8243; back_image=&#8221;132914&#8243; overlay_alpha=&#8221;50&#8243; gutter_size=&#8221;3&#8243; column_width_percent=&#8221;100&#8243; shift_y=&#8221;0&#8243; z_index=&#8221;0&#8243; uncode_shortcode_id=&#8221;365118&#8243;][vc_column width=&#8221;1\/3&#8243;][vc_custom_heading text_font=&#8221;font-113968&#8243; text_size=&#8221;fontsize-302070&#8243; text_transform=&#8221;uppercase&#8221; uncode_shortcode_id=&#8221;473108&#8243; text_color_type=&#8221;uncode-solid&#8221; text_color_solid=&#8221;#405727&#8243;]Kako priti v Dinopark Funtana?[\/vc_custom_heading][\/vc_column][vc_column width=&#8221;2\/3&#8243;][vc_custom_heading text_color=&#8221;accent&#8221; text_font=&#8221;font-113968&#8243; text_size=&#8221;h4&#8243; text_transform=&#8221;uppercase&#8221; uncode_shortcode_id=&#8221;199309&#8243; text_color_type=&#8221;uncode-palette&#8221;]Navodila za Dinopark Funtana[\/vc_custom_heading][vc_column_text text_lead=&#8221;yes&#8221; text_color=&#8221;color-jevc&#8221; uncode_shortcode_id=&#8221;170186&#8243; text_color_type=&#8221;uncode-palette&#8221;]Dinopark Funtana, ki se nahaja v Funtani v Istri, med Pore\u010dem in Rovinjem, je va\u0161a popolna dru\u017einska pustolovska destinacija. Sledite na\u0161im preprostim navodilom in za\u010dnite ustvarjati nepozabne spomine![\/vc_column_text][vc_button radius=&#8221;btn-circle&#8221; border_width=&#8221;0&#8243; scale_mobile=&#8221;no&#8221; link=&#8221;url:https%3A%2F%2Fg.page%2FDinoparkFuntana%3Fshare|target:_blank|&#8221; button_color_type=&#8221;uncode-solid&#8221; uncode_shortcode_id=&#8221;113343&#8243; button_color_solid=&#8221;#ff7a00&#8243;]Google Zemljevidi[\/vc_button][\/vc_column][\/vc_row][vc_row row_height_percent=&#8221;0&#8243; override_padding=&#8221;yes&#8221; h_padding=&#8221;2&#8243; top_padding=&#8221;0&#8243; bottom_padding=&#8221;2&#8243; back_image=&#8221;132914&#8243; overlay_alpha=&#8221;50&#8243; gutter_size=&#8221;3&#8243; column_width_percent=&#8221;100&#8243; shift_y=&#8221;0&#8243; z_index=&#8221;0&#8243; uncode_shortcode_id=&#8221;190662&#8243;][vc_column column_width_use_pixel=&#8221;yes&#8221; gutter_size=&#8221;3&#8243; override_padding=&#8221;yes&#8221; column_padding=&#8221;3&#8243; back_color=&#8221;color-xsdn&#8221; overlay_alpha=&#8221;50&#8243; radius=&#8221;std&#8221; shift_x=&#8221;0&#8243; shift_y=&#8221;0&#8243; shift_y_down=&#8221;0&#8243; z_index=&#8221;0&#8243; medium_width=&#8221;0&#8243; mobile_width=&#8221;0&#8243; width=&#8221;1\/1&#8243; column_width_pixel=&#8221;600&#8243;][vc_row_inner limit_content=&#8221;&#8221;][vc_column_inner column_width_percent=&#8221;100&#8243; align_horizontal=&#8221;align_center&#8221; gutter_size=&#8221;3&#8243; overlay_alpha=&#8221;50&#8243; shift_x=&#8221;0&#8243; shift_y=&#8221;0&#8243; shift_y_down=&#8221;0&#8243; z_index=&#8221;0&#8243; medium_width=&#8221;0&#8243; mobile_width=&#8221;0&#8243; width=&#8221;1\/1&#8243;][vc_custom_heading text_font=&#8221;font-113968&#8243; text_size=&#8221;h1&#8243; text_transform=&#8221;uppercase&#8221; uncode_shortcode_id=&#8221;630487&#8243; text_color_type=&#8221;uncode-solid&#8221; text_color_solid=&#8221;#405727&#8243;]Mo\u017enosti dostopa[\/vc_custom_heading][\/vc_column_inner][\/vc_row_inner][vc_accordion gutter_simple=&#8221;0&#8243; active_tab=&#8221;0&#8243; uncode_shortcode_id=&#8221;640855&#8243;][vc_accordion_tab icon=&#8221;fa fa-automobile&#8221; gutter_size=&#8221;2&#8243; column_padding=&#8221;2&#8243; title=&#8221;Z avtomobilom&#8221; tab_id=&#8221;d21d5937-3bb0-21555678914001&#8243;][vc_column_text uncode_shortcode_id=&#8221;498451&#8243;]Ob prihodu z avtoceste A9 izberite izvoz 5 Baderna \/ Pore\u010d. Po cesti D302 se peljete do prvega velikega kro\u017enega kri\u017ei\u0161\u010da. Tu izberite tretji izvoz in sledite oznakam za Vrsar\/Funtano. Na glavni cesti ostanite pribli\u017eno. 7 km in skozi sredi\u0161\u010de Funtane. Tik pred koncem vasi v smeri Vrsarja je na desni strani Dinopark. Zavijte desno na na\u0161e brezpla\u010dno parkiri\u0161\u010de.[\/vc_column_text][vc_button radius=&#8221;btn-circle&#8221; border_width=&#8221;0&#8243; link=&#8221;url:https%3A%2F%2Fg.page%2FDinoparkFuntana%3Fshare|target:_blank|&#8221; button_color_type=&#8221;uncode-solid&#8221; uncode_shortcode_id=&#8221;110568&#8243; button_color_solid=&#8221;#ff7a00&#8243;]Google Zemljevidi[\/vc_button][\/vc_accordion_tab][vc_accordion_tab icon=&#8221;fa fa-bicycle2&#8243; gutter_size=&#8221;2&#8243; column_padding=&#8221;2&#8243; title=&#8221;S kolesom&#8221; tab_id=&#8221;6dad8f3c-7309-81555678914001&#8243;][vc_column_text uncode_shortcode_id=&#8221;209882&#8243;]Imamo veliko parkirnih mest za kolesa in veseli smo, \u010de se obiskovalci pripeljejo s kolesi, saj je \u0161tevilo parkirnih mest za avtomobile omejeno. Iz Pore\u010da vodi \u010dudovita tlakovana kolesarska pot neposredno ob obali do Funtane. Ta pot vodi skozi ve\u010d kampov in mimo razli\u010dnih znamenitosti. Iz Vrsarja vodi asfaltirana kolesarska pot ob glavni cesti do vhoda v Funtano, kjer je na levi strani nedvomno Dinopark.[\/vc_column_text][\/vc_accordion_tab][vc_accordion_tab icon=&#8221;fa fa-cab&#8221; gutter_size=&#8221;2&#8243; column_padding=&#8221;2&#8243; title=&#8221;S taksijem&#8221; tab_id=&#8221;9346230d-a835-91555678914001&#8243;][vc_button button_color=&#8221;color-210407&#8243; radius=&#8221;btn-circle&#8221; wide=&#8221;yes&#8221; border_width=&#8221;0&#8243; uncode_shortcode_id=&#8221;156431&#8243; button_color_type=&#8221;uncode-palette&#8221; link=&#8221;url:tel%3A0038598806124|target:_blank|&#8221;]Umag Taxi Rade\u010di\u010d[\/vc_button][vc_button button_color=&#8221;color-210407&#8243; radius=&#8221;btn-circle&#8221; wide=&#8221;yes&#8221; border_width=&#8221;0&#8243; uncode_shortcode_id=&#8221;104269&#8243; button_color_type=&#8221;uncode-palette&#8221; link=&#8221;url:tel%3A0038598806124|target:_blank|&#8221;]Novigrad Taxi Rade\u010di\u010d[\/vc_button][vc_button button_color=&#8221;color-210407&#8243; radius=&#8221;btn-circle&#8221; wide=&#8221;yes&#8221; border_width=&#8221;0&#8243; uncode_shortcode_id=&#8221;165014&#8243; button_color_type=&#8221;uncode-palette&#8221; link=&#8221;url:tel%3A00385914011711|target:_blank|&#8221;]Pore\u010d Taxi Istra[\/vc_button][vc_button button_color=&#8221;color-210407&#8243; radius=&#8221;btn-circle&#8221; wide=&#8221;yes&#8221; border_width=&#8221;0&#8243; uncode_shortcode_id=&#8221;157541&#8243; button_color_type=&#8221;uncode-palette&#8221; link=&#8221;url:tel%3A00385998279593|target:_blank|&#8221;]Rovinj Transfer z Marinom[\/vc_button][vc_button button_color=&#8221;color-210407&#8243; radius=&#8221;btn-circle&#8221; wide=&#8221;yes&#8221; border_width=&#8221;0&#8243; uncode_shortcode_id=&#8221;193549&#8243; button_color_type=&#8221;uncode-palette&#8221; link=&#8221;url:tel%3A00385981662860|target:_blank|&#8221;]Pula Taxi Edi[\/vc_button][\/vc_accordion_tab][vc_accordion_tab icon=&#8221;fa fa-bus&#8221; gutter_size=&#8221;2&#8243; column_padding=&#8221;2&#8243; title=&#8221;Z javnim prevozom&#8221; tab_id=&#8221;1555679162900-3-1&#8243;][vc_column_text uncode_shortcode_id=&#8221;927318&#8243;]Ne glede na to, ali boste sko\u010dili na lokalni avtobus, se prepletli po slikovitih poteh od Pore\u010da do Funtane in Vrsarja ali se odlo\u010dili za prostoren taksi, v katerem se bo vozila celotna posadka, bo va\u0161e potovanje k nam potekalo brez te\u017eav. Za tiste, ki prihajajo iz bolj oddaljenih krajev, so na voljo regionalni avtobusi, ki ve\u010dja mesta, kot je Rovinj, povezujejo neposredno s Pore\u010dem, kar vam olaj\u0161a pot do Funtane. <strong><span style=\"color: #339966;\"><a style=\"color: #339966;\" href=\"https:\/\/www.putovnica.net\/prijevoz\/autobus-porec-funtana-vozni-red-cijena\" target=\"_blank\" rel=\"noopener\">Tukaj boste na\u0161li informacije o lokalnih avtobusnih povezavah (Pore\u010d &#8211; Funtana &#8211; Vrsar)<\/a><\/span><\/strong>. Iz vseh ve\u010djih mest (npr. Rovinja) do Pore\u010da vozijo regionalni avtobusi. <strong><span style=\"color: #339966;\"><a style=\"color: #339966;\" href=\"https:\/\/www.buscroatia.com\/de\/bus-rovinj-porec\/\" target=\"_blank\" rel=\"noopener\">Ve\u010d informacij o regionalnih povezavah.<\/a><\/span><\/strong>[\/vc_column_text][\/vc_accordion_tab][\/vc_accordion][\/vc_column][\/vc_row]<\/p>\n<\/div>","protected":false},"excerpt":{"rendered":"<p>[vc_row row_height_percent=&#8221;61&#8243; override_padding=&#8221;yes&#8221; h_padding=&#8221;2&#8243; top_padding=&#8221;5&#8243; bottom_padding=&#8221;5&#8243; back_image=&#8221;133331&#8243; overlay_alpha=&#8221;50&#8243; gutter_size=&#8221;3&#8243; column_width_percent=&#8221;100&#8243; shift_y=&#8221;0&#8243; z_index=&#8221;0&#8243; top_divider=&#8221;gradient&#8221; uncode_shortcode_id=&#8221;153585&#8243;][vc_column column_width_percent=&#8221;100&#8243; position_vertical=&#8221;middle&#8221; gutter_size=&#8221;2&#8243; style=&#8221;dark&#8221; overlay_alpha=&#8221;50&#8243; shift_x=&#8221;0&#8243; [&hellip;]<\/p>\n","protected":false},"author":2,"featured_media":133331,"parent":0,"menu_order":0,"comment_status":"closed","ping_status":"closed","template":"","meta":{"two_page_speed":[],"footnotes":""},"class_list":["post-134195","page","type-page","status-publish","has-post-thumbnail","hentry"],"_links":{"self":[{"href":"https:\/\/dinopark-funtana.com\/sl\/wp-json\/wp\/v2\/pages\/134195","targetHints":{"allow":["GET"]}}],"collection":[{"href":"https:\/\/dinopark-funtana.com\/sl\/wp-json\/wp\/v2\/pages"}],"about":[{"href":"https:\/\/dinopark-funtana.com\/sl\/wp-json\/wp\/v2\/types\/page"}],"author":[{"embeddable":true,"href":"https:\/\/dinopark-funtana.com\/sl\/wp-json\/wp\/v2\/users\/2"}],"replies":[{"embeddable":true,"href":"https:\/\/dinopark-funtana.com\/sl\/wp-json\/wp\/v2\/comments?post=134195"}],"version-history":[{"count":3,"href":"https:\/\/dinopark-funtana.com\/sl\/wp-json\/wp\/v2\/pages\/134195\/revisions"}],"predecessor-version":[{"id":136921,"href":"https:\/\/dinopark-funtana.com\/sl\/wp-json\/wp\/v2\/pages\/134195\/revisions\/136921"}],"wp:featuredmedia":[{"embeddable":true,"href":"https:\/\/dinopark-funtana.com\/sl\/wp-json\/wp\/v2\/media\/133331"}],"wp:attachment":[{"href":"https:\/\/dinopark-funtana.com\/sl\/wp-json\/wp\/v2\/media?parent=134195"}],"curies":[{"name":"wp","href":"https:\/\/api.w.org\/{rel}","templated":true}]}}