{"id":133040,"date":"2024-02-28T12:19:29","date_gmt":"2024-02-28T11:19:29","guid":{"rendered":"https:\/\/dinopark-funtana.com\/attraktionen\/"},"modified":"2025-03-09T12:46:09","modified_gmt":"2025-03-09T11:46:09","slug":"attraktionen","status":"publish","type":"page","link":"https:\/\/dinopark-funtana.com\/sl\/attraktionen\/","title":{"rendered":"Znamenitosti"},"content":{"rendered":"<div class=\"wpb-content-wrapper\"><p>[vc_row row_height_percent=&#8221;61&#8243; override_padding=&#8221;yes&#8221; h_padding=&#8221;2&#8243; top_padding=&#8221;5&#8243; bottom_padding=&#8221;5&#8243; back_image=&#8221;133164&#8243; overlay_alpha=&#8221;50&#8243; gutter_size=&#8221;3&#8243; column_width_percent=&#8221;100&#8243; shift_y=&#8221;0&#8243; z_index=&#8221;0&#8243; top_divider=&#8221;gradient&#8221; uncode_shortcode_id=&#8221;108243&#8243;][vc_column column_width_percent=&#8221;100&#8243; position_vertical=&#8221;middle&#8221; align_horizontal=&#8221;align_center&#8221; gutter_size=&#8221;2&#8243; style=&#8221;dark&#8221; overlay_alpha=&#8221;50&#8243; shift_x=&#8221;0&#8243; shift_y=&#8221;0&#8243; shift_y_down=&#8221;0&#8243; z_index=&#8221;0&#8243; medium_width=&#8221;0&#8243; mobile_width=&#8221;0&#8243; width=&#8221;1\/1&#8243; uncode_shortcode_id=&#8221;144855&#8243;][vc_empty_space][\/vc_column][\/vc_row][vc_row row_height_percent=&#8221;0&#8243; back_image=&#8221;132914&#8243; overlay_alpha=&#8221;50&#8243; gutter_size=&#8221;3&#8243; column_width_percent=&#8221;100&#8243; shift_y=&#8221;0&#8243; z_index=&#8221;0&#8243; uncode_shortcode_id=&#8221;160013&#8243;][vc_column width=&#8221;1\/1&#8243;][vc_custom_heading text_color=&#8221;accent&#8221; heading_semantic=&#8221;h1&#8243; text_size=&#8221;fontsize-434942&#8243; text_transform=&#8221;uppercase&#8221; uncode_shortcode_id=&#8221;815791&#8243; text_color_type=&#8221;uncode-palette&#8221;]Znamenitosti[\/vc_custom_heading][vc_column_text uncode_shortcode_id=&#8221;178026&#8243;]Dinopark Funtana je poln presene\u010denj za vse starosti! Vozite se skupaj s svojimi najmlaj\u0161imi, raziskujte razburljive pustolov\u0161\u010dine, kot so Tortuga Pirates, in odkrijte predstave v \u017eivo v klimatizirani Dino Dome. S sre\u010danji z \u017eivalmi in \u0161e veliko ve\u010d je vsak obisk prilo\u017enost za nepozabne dru\u017einske trenutke. Kaj boste raziskali najprej?[\/vc_column_text][\/vc_column][\/vc_row][vc_row unlock_row_content=&#8221;yes&#8221; row_height_percent=&#8221;0&#8243; back_image=&#8221;132914&#8243; overlay_alpha=&#8221;50&#8243; gutter_size=&#8221;3&#8243; column_width_percent=&#8221;100&#8243; shift_y=&#8221;0&#8243; z_index=&#8221;0&#8243; uncode_shortcode_id=&#8221;510274&#8243;][vc_column width=&#8221;1\/1&#8243;][uncode_index el_id=&#8221;index-819533283-588&#8243; isotope_mode=&#8221;fitRows&#8221; loop=&#8221;size:52|order_by:date|post_type:portfolio|tax_query:97,101,98,99,100,102|taxonomy_count:10&#8243; screen_lg=&#8221;1200&#8243; screen_md=&#8221;600&#8243; screen_sm=&#8221;240&#8243; filtering=&#8221;yes&#8221; filtering_position=&#8221;center&#8221; filter_mobile_align=&#8221;left&#8221; filter_mobile_wrapper=&#8221;yes&#8221; gutter_size=&#8221;2&#8243; post_items=&#8221;media|featured|onpost|poster,date,title,text|excerpt|90,category|bordered|topright|hide-icon&#8221; infinite=&#8221;yes&#8221; infinite_button=&#8221;yes&#8221; infinite_button_shape=&#8221;btn-circle&#8221; single_text=&#8221;overlay&#8221; single_width=&#8221;3&#8243; images_size=&#8221;four-three&#8221; single_shape=&#8221;round&#8221; radius=&#8221;std&#8221; single_overlay_color=&#8221;color-jevc&#8221; single_overlay_coloration=&#8221;bottom_gradient&#8221; single_overlay_opacity=&#8221;85&#8243; single_overlay_visible=&#8221;yes&#8221; single_text_visible=&#8221;yes&#8221; single_image_anim=&#8221;no&#8221; single_v_position=&#8221;bottom&#8221; single_padding=&#8221;1&#8243; single_title_dimension=&#8221;custom&#8221; single_text_lead=&#8221;small&#8221; single_border=&#8221;yes&#8221; single_css_animation=&#8221;bottom-t-top&#8221; single_animation_delay=&#8221;200&#8243; no_double_tap=&#8221;yes&#8221; uncode_shortcode_id=&#8221;127734&#8243; infinite_button_text=&#8221;Show more&#8221; infinite_button_color_type=&#8221;uncode-solid&#8221; infinite_button_color_solid=&#8221;#ff7a00&#8243; filter_all_text=&#8221;All&#8221; heading_custom_size=&#8221;14px&#8221;][\/vc_column][\/vc_row]<\/p>\n<\/div>","protected":false},"excerpt":{"rendered":"<p>[vc_row row_height_percent=&#8221;61&#8243; override_padding=&#8221;yes&#8221; h_padding=&#8221;2&#8243; top_padding=&#8221;5&#8243; bottom_padding=&#8221;5&#8243; back_image=&#8221;133164&#8243; overlay_alpha=&#8221;50&#8243; gutter_size=&#8221;3&#8243; column_width_percent=&#8221;100&#8243; shift_y=&#8221;0&#8243; z_index=&#8221;0&#8243; top_divider=&#8221;gradient&#8221; uncode_shortcode_id=&#8221;108243&#8243;][vc_column column_width_percent=&#8221;100&#8243; position_vertical=&#8221;middle&#8221; align_horizontal=&#8221;align_center&#8221; gutter_size=&#8221;2&#8243; style=&#8221;dark&#8221; overlay_alpha=&#8221;50&#8243; [&hellip;]<\/p>\n","protected":false},"author":2,"featured_media":133127,"parent":0,"menu_order":0,"comment_status":"closed","ping_status":"closed","template":"","meta":{"two_page_speed":[],"footnotes":""},"class_list":["post-133040","page","type-page","status-publish","has-post-thumbnail","hentry"],"_links":{"self":[{"href":"https:\/\/dinopark-funtana.com\/sl\/wp-json\/wp\/v2\/pages\/133040","targetHints":{"allow":["GET"]}}],"collection":[{"href":"https:\/\/dinopark-funtana.com\/sl\/wp-json\/wp\/v2\/pages"}],"about":[{"href":"https:\/\/dinopark-funtana.com\/sl\/wp-json\/wp\/v2\/types\/page"}],"author":[{"embeddable":true,"href":"https:\/\/dinopark-funtana.com\/sl\/wp-json\/wp\/v2\/users\/2"}],"replies":[{"embeddable":true,"href":"https:\/\/dinopark-funtana.com\/sl\/wp-json\/wp\/v2\/comments?post=133040"}],"version-history":[{"count":10,"href":"https:\/\/dinopark-funtana.com\/sl\/wp-json\/wp\/v2\/pages\/133040\/revisions"}],"predecessor-version":[{"id":136935,"href":"https:\/\/dinopark-funtana.com\/sl\/wp-json\/wp\/v2\/pages\/133040\/revisions\/136935"}],"wp:featuredmedia":[{"embeddable":true,"href":"https:\/\/dinopark-funtana.com\/sl\/wp-json\/wp\/v2\/media\/133127"}],"wp:attachment":[{"href":"https:\/\/dinopark-funtana.com\/sl\/wp-json\/wp\/v2\/media?parent=133040"}],"curies":[{"name":"wp","href":"https:\/\/api.w.org\/{rel}","templated":true}]}}