{"id":134180,"date":"2024-02-28T11:43:32","date_gmt":"2024-02-28T10:43:32","guid":{"rendered":"https:\/\/dinopark-funtana.com\/indicazioni-stradali\/"},"modified":"2025-03-09T12:37:34","modified_gmt":"2025-03-09T11:37:34","slug":"indicazioni-stradali","status":"publish","type":"page","link":"https:\/\/dinopark-funtana.com\/it\/indicazioni-stradali\/","title":{"rendered":"Indicazioni stradali"},"content":{"rendered":"<div class=\"wpb-content-wrapper\"><p>[vc_row row_height_percent=&#8221;61&#8243; override_padding=&#8221;yes&#8221; h_padding=&#8221;2&#8243; top_padding=&#8221;5&#8243; bottom_padding=&#8221;5&#8243; back_image=&#8221;133331&#8243; overlay_alpha=&#8221;50&#8243; gutter_size=&#8221;3&#8243; column_width_percent=&#8221;100&#8243; shift_y=&#8221;0&#8243; z_index=&#8221;0&#8243; top_divider=&#8221;gradient&#8221; uncode_shortcode_id=&#8221;153585&#8243;][vc_column column_width_percent=&#8221;100&#8243; position_vertical=&#8221;middle&#8221; gutter_size=&#8221;2&#8243; style=&#8221;dark&#8221; overlay_alpha=&#8221;50&#8243; shift_x=&#8221;0&#8243; shift_y=&#8221;0&#8243; shift_y_down=&#8221;0&#8243; z_index=&#8221;0&#8243; medium_width=&#8221;0&#8243; mobile_width=&#8221;0&#8243; width=&#8221;1\/1&#8243;][vc_empty_space][\/vc_column][\/vc_row][vc_row unlock_row_content=&#8221;yes&#8221; row_height_percent=&#8221;0&#8243; override_padding=&#8221;yes&#8221; h_padding=&#8221;4&#8243; top_padding=&#8221;3&#8243; bottom_padding=&#8221;2&#8243; back_image=&#8221;132914&#8243; overlay_alpha=&#8221;50&#8243; gutter_size=&#8221;3&#8243; column_width_percent=&#8221;100&#8243; shift_y=&#8221;0&#8243; z_index=&#8221;0&#8243; uncode_shortcode_id=&#8221;365118&#8243;][vc_column width=&#8221;1\/3&#8243;][vc_custom_heading text_font=&#8221;font-113968&#8243; text_size=&#8221;fontsize-302070&#8243; text_transform=&#8221;uppercase&#8221; uncode_shortcode_id=&#8221;473108&#8243; text_color_type=&#8221;uncode-solid&#8221; text_color_solid=&#8221;#405727&#8243;]Ecco come raggiungere il Dinopark Funtana![\/vc_custom_heading][\/vc_column][vc_column width=&#8221;2\/3&#8243;][vc_custom_heading text_color=&#8221;accent&#8221; text_font=&#8221;font-113968&#8243; text_size=&#8221;h4&#8243; text_transform=&#8221;uppercase&#8221; uncode_shortcode_id=&#8221;199309&#8243; text_color_type=&#8221;uncode-palette&#8221;]Indicazioni per il Dinopark Funtana[\/vc_custom_heading][vc_column_text text_lead=&#8221;yes&#8221; text_color=&#8221;color-jevc&#8221; uncode_shortcode_id=&#8221;170186&#8243; text_color_type=&#8221;uncode-palette&#8221;]Il Dinopark Funtana, situato a Funtana, in Istria, tra Parenzo e Rovigno, \u00e8 la tua destinazione d&#8217;avventura per famiglie. Segui le nostre facili indicazioni e inizia a creare ricordi indimenticabili![\/vc_column_text][vc_button radius=&#8221;btn-circle&#8221; border_width=&#8221;0&#8243; scale_mobile=&#8221;no&#8221; link=&#8221;url:https%3A%2F%2Fg.page%2FDinoparkFuntana%3Fshare|target:_blank|&#8221; button_color_type=&#8221;uncode-solid&#8221; uncode_shortcode_id=&#8221;113343&#8243; button_color_solid=&#8221;#ff7a00&#8243;]Google Maps[\/vc_button][\/vc_column][\/vc_row][vc_row row_height_percent=&#8221;0&#8243; override_padding=&#8221;yes&#8221; h_padding=&#8221;2&#8243; top_padding=&#8221;0&#8243; bottom_padding=&#8221;2&#8243; back_image=&#8221;132914&#8243; overlay_alpha=&#8221;50&#8243; gutter_size=&#8221;3&#8243; column_width_percent=&#8221;100&#8243; shift_y=&#8221;0&#8243; z_index=&#8221;0&#8243; uncode_shortcode_id=&#8221;190662&#8243;][vc_column column_width_use_pixel=&#8221;yes&#8221; gutter_size=&#8221;3&#8243; override_padding=&#8221;yes&#8221; column_padding=&#8221;3&#8243; back_color=&#8221;color-xsdn&#8221; overlay_alpha=&#8221;50&#8243; radius=&#8221;std&#8221; shift_x=&#8221;0&#8243; shift_y=&#8221;0&#8243; shift_y_down=&#8221;0&#8243; z_index=&#8221;0&#8243; medium_width=&#8221;0&#8243; mobile_width=&#8221;0&#8243; width=&#8221;1\/1&#8243; column_width_pixel=&#8221;600&#8243;][vc_row_inner limit_content=&#8221;&#8221;][vc_column_inner column_width_percent=&#8221;100&#8243; align_horizontal=&#8221;align_center&#8221; gutter_size=&#8221;3&#8243; overlay_alpha=&#8221;50&#8243; shift_x=&#8221;0&#8243; shift_y=&#8221;0&#8243; shift_y_down=&#8221;0&#8243; z_index=&#8221;0&#8243; medium_width=&#8221;0&#8243; mobile_width=&#8221;0&#8243; width=&#8221;1\/1&#8243;][vc_custom_heading text_font=&#8221;font-113968&#8243; text_size=&#8221;h1&#8243; text_transform=&#8221;uppercase&#8221; uncode_shortcode_id=&#8221;630487&#8243; text_color_type=&#8221;uncode-solid&#8221; text_color_solid=&#8221;#405727&#8243;]Diverse opzioni[\/vc_custom_heading][\/vc_column_inner][\/vc_row_inner][vc_accordion gutter_simple=&#8221;0&#8243; active_tab=&#8221;0&#8243; uncode_shortcode_id=&#8221;640855&#8243;][vc_accordion_tab icon=&#8221;fa fa-automobile&#8221; gutter_size=&#8221;2&#8243; column_padding=&#8221;2&#8243; title=&#8221;In auto&#8221; tab_id=&#8221;d21d5937-3bb0-21555678914001&#8243;][vc_column_text uncode_shortcode_id=&#8221;498451&#8243;]Provenendo dall&#8217;autostrada A9, prendi l&#8217;uscita 5 Baderna \/ Pore\u010d. Seguire la D302 fino alla prima grande rotatoria. Prendere la terza uscita e seguire le indicazioni per Vrsar\/Funtana. Rimanere sulla strada principale per circa. 7 km e attraversare il centro di Funtana. Poco prima della fine del paese, in direzione di Vrsar, il Dinopark si trova sulla destra. Girare a destra nel nostro parcheggio gratuito.[\/vc_column_text][vc_button radius=&#8221;btn-circle&#8221; border_width=&#8221;0&#8243; link=&#8221;url:https%3A%2F%2Fg.page%2FDinoparkFuntana%3Fshare|target:_blank|&#8221; button_color_type=&#8221;uncode-solid&#8221; uncode_shortcode_id=&#8221;110568&#8243; button_color_solid=&#8221;#ff7a00&#8243;]Google Maps[\/vc_button][\/vc_accordion_tab][vc_accordion_tab icon=&#8221;fa fa-bicycle2&#8243; gutter_size=&#8221;2&#8243; column_padding=&#8221;2&#8243; title=&#8221;In bicicletta&#8221; tab_id=&#8221;6dad8f3c-7309-81555678914001&#8243;][vc_column_text uncode_shortcode_id=&#8221;209882&#8243;]Disponiamo di ampi parcheggi per le biciclette e siamo felici che i visitatori arrivino in bici, dato che le possibilit\u00e0 di parcheggio per le auto sono limitate. Da Pore\u010d, una bellissima pista ciclabile asfaltata conduce direttamente lungo la costa fino a Funtana. Questo percorso attraversa diversi campeggi e passa accanto a varie attrazioni. Arrivando da Orsera, c&#8217;\u00e8 una pista ciclabile asfaltata lungo la strada principale fino all&#8217;ingresso di Funtana, dove il Dinopark si trova inequivocabilmente sulla sinistra.[\/vc_column_text][\/vc_accordion_tab][vc_accordion_tab icon=&#8221;fa fa-cab&#8221; gutter_size=&#8221;2&#8243; column_padding=&#8221;2&#8243; title=&#8221;In taxi&#8221; tab_id=&#8221;9346230d-a835-91555678914001&#8243;][vc_button button_color=&#8221;color-210407&#8243; radius=&#8221;btn-circle&#8221; wide=&#8221;yes&#8221; border_width=&#8221;0&#8243; uncode_shortcode_id=&#8221;156431&#8243; button_color_type=&#8221;uncode-palette&#8221; link=&#8221;url:tel%3A0038598806124|target:_blank|&#8221;]Umag Taxi Radecic[\/vc_button][vc_button button_color=&#8221;color-210407&#8243; radius=&#8221;btn-circle&#8221; wide=&#8221;yes&#8221; border_width=&#8221;0&#8243; uncode_shortcode_id=&#8221;104269&#8243; button_color_type=&#8221;uncode-palette&#8221; link=&#8221;url:tel%3A0038598806124|target:_blank|&#8221;]Novigrad Taxi Radecic[\/vc_button][vc_button button_color=&#8221;color-210407&#8243; radius=&#8221;btn-circle&#8221; wide=&#8221;yes&#8221; border_width=&#8221;0&#8243; uncode_shortcode_id=&#8221;165014&#8243; button_color_type=&#8221;uncode-palette&#8221; link=&#8221;url:tel%3A00385914011711|target:_blank|&#8221;]Porec Taxi Istra[\/vc_button][vc_button button_color=&#8221;color-210407&#8243; radius=&#8221;btn-circle&#8221; wide=&#8221;yes&#8221; border_width=&#8221;0&#8243; uncode_shortcode_id=&#8221;157541&#8243; button_color_type=&#8221;uncode-palette&#8221; link=&#8221;url:tel%3A00385998279593|target:_blank|&#8221;]Trasferimento a Rovigno con Marin[\/vc_button][vc_button button_color=&#8221;color-210407&#8243; radius=&#8221;btn-circle&#8221; wide=&#8221;yes&#8221; border_width=&#8221;0&#8243; uncode_shortcode_id=&#8221;193549&#8243; button_color_type=&#8221;uncode-palette&#8221; link=&#8221;url:tel%3A00385981662860|target:_blank|&#8221;]Pula Taxi Edi[\/vc_button][\/vc_accordion_tab][vc_accordion_tab icon=&#8221;fa fa-bus&#8221; gutter_size=&#8221;2&#8243; column_padding=&#8221;2&#8243; title=&#8221;Con i trasporti pubblici&#8221; tab_id=&#8221;1555679162900-3-1&#8243;][vc_column_text uncode_shortcode_id=&#8221;927318&#8243;]Sia che tu salga su un autobus locale, che percorra le strade panoramiche da Pore\u010d a Funtana a Vrsar, o che tu scelga un taxi spazioso per ospitare tutto l&#8217;equipaggio, il tuo viaggio verso di noi promette di essere senza problemi. Per chi viene da pi\u00f9 lontano, gli autobus regionali collegano le principali citt\u00e0 come Rovigno direttamente a Pore\u010d, rendendo pi\u00f9 agevole il tuo collegamento con Funtana. <strong><span style=\"color: #339966;\"><a style=\"color: #339966;\" href=\"https:\/\/www.putovnica.net\/prijevoz\/autobus-porec-funtana-vozni-red-cijena\" target=\"_blank\" rel=\"noopener\">Qui trovi le informazioni sui collegamenti bus locali (Parenzo &#8211; Funtana &#8211; Orsera)<\/a><\/span><\/strong>. Gli autobus regionali collegano tutte le citt\u00e0 pi\u00f9 grandi (ad esempio Rovigno) a Parenzo. <strong><span style=\"color: #339966;\"><a style=\"color: #339966;\" href=\"https:\/\/www.buscroatia.com\/de\/bus-rovinj-porec\/\" target=\"_blank\" rel=\"noopener\">Maggiori informazioni sui collegamenti regionali.<\/a><\/span><\/strong>[\/vc_column_text][\/vc_accordion_tab][\/vc_accordion][\/vc_column][\/vc_row]<\/p>\n<\/div>","protected":false},"excerpt":{"rendered":"<p>[vc_row row_height_percent=&#8221;61&#8243; override_padding=&#8221;yes&#8221; h_padding=&#8221;2&#8243; top_padding=&#8221;5&#8243; bottom_padding=&#8221;5&#8243; back_image=&#8221;133331&#8243; overlay_alpha=&#8221;50&#8243; gutter_size=&#8221;3&#8243; column_width_percent=&#8221;100&#8243; shift_y=&#8221;0&#8243; z_index=&#8221;0&#8243; top_divider=&#8221;gradient&#8221; uncode_shortcode_id=&#8221;153585&#8243;][vc_column column_width_percent=&#8221;100&#8243; position_vertical=&#8221;middle&#8221; gutter_size=&#8221;2&#8243; style=&#8221;dark&#8221; overlay_alpha=&#8221;50&#8243; shift_x=&#8221;0&#8243; [&hellip;]<\/p>\n","protected":false},"author":2,"featured_media":133331,"parent":0,"menu_order":0,"comment_status":"closed","ping_status":"closed","template":"","meta":{"two_page_speed":[],"footnotes":""},"class_list":["post-134180","page","type-page","status-publish","has-post-thumbnail","hentry"],"_links":{"self":[{"href":"https:\/\/dinopark-funtana.com\/it\/wp-json\/wp\/v2\/pages\/134180","targetHints":{"allow":["GET"]}}],"collection":[{"href":"https:\/\/dinopark-funtana.com\/it\/wp-json\/wp\/v2\/pages"}],"about":[{"href":"https:\/\/dinopark-funtana.com\/it\/wp-json\/wp\/v2\/types\/page"}],"author":[{"embeddable":true,"href":"https:\/\/dinopark-funtana.com\/it\/wp-json\/wp\/v2\/users\/2"}],"replies":[{"embeddable":true,"href":"https:\/\/dinopark-funtana.com\/it\/wp-json\/wp\/v2\/comments?post=134180"}],"version-history":[{"count":3,"href":"https:\/\/dinopark-funtana.com\/it\/wp-json\/wp\/v2\/pages\/134180\/revisions"}],"predecessor-version":[{"id":136920,"href":"https:\/\/dinopark-funtana.com\/it\/wp-json\/wp\/v2\/pages\/134180\/revisions\/136920"}],"wp:featuredmedia":[{"embeddable":true,"href":"https:\/\/dinopark-funtana.com\/it\/wp-json\/wp\/v2\/media\/133331"}],"wp:attachment":[{"href":"https:\/\/dinopark-funtana.com\/it\/wp-json\/wp\/v2\/media?parent=134180"}],"curies":[{"name":"wp","href":"https:\/\/api.w.org\/{rel}","templated":true}]}}