{"id":272,"date":"2024-02-08T10:43:40","date_gmt":"2024-02-08T09:43:40","guid":{"rendered":"https:\/\/dinopark-funtana.com\/ogledna-stranica\/"},"modified":"2024-02-27T15:59:08","modified_gmt":"2024-02-27T14:59:08","slug":"ogledna-stranica__trashed","status":"publish","type":"page","link":"https:\/\/dinopark-funtana.com\/hr\/ogledna-stranica__trashed\/","title":{"rendered":"Ogledna stranica"},"content":{"rendered":"\n<p>Ovo je primjer stranice. Razlikuje se od posta na blogu jer \u0107e ostati na jednom mjestu i pojavljivat \u0107e se u navigaciji va\u0161e stranice (u ve\u0107ini tema). Ve\u0107ina ljudi zapo\u010dinje sa stranicom O stranici koja ih predstavlja potencijalnim posjetiteljima web-mjesta. Moglo bi pisati ne\u0161to poput ovoga:<\/p>\n\n<blockquote class=\"wp-block-quote is-layout-flow wp-block-quote-is-layout-flow\"><p>Bok tamo! Ja sam glasnik na biciklu danju, ambiciozni glumac no\u0107u, a ovo je moja web stranica. \u017divim u Los Angelesu, imam sjajnog psa po imenu Jack i volim pi\u00f1a colade. (I da te uhvati ki\u0161a.)<\/p><\/blockquote>\n\n<p>&#8230;ili ne\u0161to ovako:<\/p>\n\n<blockquote class=\"wp-block-quote is-layout-flow wp-block-quote-is-layout-flow\"><p>Tvrtka XYZ Doohickey osnovana je 1971. i od tada javnosti pru\u017ea kvalitetne doohickey. Smje\u0161ten u Gotham Cityju, XYZ zapo\u0161ljava vi\u0161e od 2000 ljudi i radi svakakve sjajne stvari za Gotham zajednicu.<\/p><\/blockquote>\n\n<p>Kao novi korisnik WordPress-a, trebali biste oti\u0107i na <a href=\"http:\/\/dinopark-funtana.com\/wp-admin\/\">nadzornu plo\u010du<\/a> kako biste izbrisali ovu stranicu i izradili nove stranice za svoj sadr\u017eaj. Zabavi se!<\/p>\n","protected":false},"excerpt":{"rendered":"<p>Ovo je primjer stranice. Razlikuje se od posta na blogu jer \u0107e ostati na jednom mjestu i pojavljivat \u0107e se [&hellip;]<\/p>\n","protected":false},"author":1,"featured_media":0,"parent":0,"menu_order":0,"comment_status":"closed","ping_status":"open","template":"","meta":{"two_page_speed":[],"footnotes":""},"class_list":["post-272","page","type-page","status-publish","hentry"],"_links":{"self":[{"href":"https:\/\/dinopark-funtana.com\/hr\/wp-json\/wp\/v2\/pages\/272","targetHints":{"allow":["GET"]}}],"collection":[{"href":"https:\/\/dinopark-funtana.com\/hr\/wp-json\/wp\/v2\/pages"}],"about":[{"href":"https:\/\/dinopark-funtana.com\/hr\/wp-json\/wp\/v2\/types\/page"}],"author":[{"embeddable":true,"href":"https:\/\/dinopark-funtana.com\/hr\/wp-json\/wp\/v2\/users\/1"}],"replies":[{"embeddable":true,"href":"https:\/\/dinopark-funtana.com\/hr\/wp-json\/wp\/v2\/comments?post=272"}],"version-history":[{"count":2,"href":"https:\/\/dinopark-funtana.com\/hr\/wp-json\/wp\/v2\/pages\/272\/revisions"}],"predecessor-version":[{"id":279,"href":"https:\/\/dinopark-funtana.com\/hr\/wp-json\/wp\/v2\/pages\/272\/revisions\/279"}],"wp:attachment":[{"href":"https:\/\/dinopark-funtana.com\/hr\/wp-json\/wp\/v2\/media?parent=272"}],"curies":[{"name":"wp","href":"https:\/\/api.w.org\/{rel}","templated":true}]}}