{"id":154180,"date":"2025-03-27T15:55:40","date_gmt":"2025-03-27T14:55:40","guid":{"rendered":"https:\/\/dinopark-funtana.com\/?page_id=154180"},"modified":"2026-04-04T11:13:35","modified_gmt":"2026-04-04T09:13:35","slug":"sluzbene-ulaznice-za-dinopark-funtana","status":"publish","type":"page","link":"https:\/\/dinopark-funtana.com\/hr\/sluzbene-ulaznice-za-dinopark-funtana\/","title":{"rendered":"Slu\u017ebene ulaznice za Dinopark Funtana"},"content":{"rendered":"<div class=\"wpb-content-wrapper\"><p>[vc_row row_height_percent=&#8221;95&#8243; override_padding=&#8221;yes&#8221; h_padding=&#8221;2&#8243; top_padding=&#8221;5&#8243; bottom_padding=&#8221;5&#8243; back_image=&#8221;155905&#8243; back_position=&#8221;center top&#8221; overlay_alpha=&#8221;50&#8243; gutter_size=&#8221;3&#8243; column_width_percent=&#8221;100&#8243; shift_y=&#8221;0&#8243; z_index=&#8221;0&#8243; top_divider=&#8221;gradient&#8221; mobile_visibility=&#8221;yes&#8221; content_parallax=&#8221;0&#8243; uncode_shortcode_id=&#8221;128088&#8243;][vc_column column_width_percent=&#8221;100&#8243; position_vertical=&#8221;middle&#8221; align_horizontal=&#8221;align_center&#8221; gutter_size=&#8221;2&#8243; style=&#8221;dark&#8221; overlay_alpha=&#8221;50&#8243; shift_x=&#8221;0&#8243; shift_y=&#8221;0&#8243; shift_y_down=&#8221;0&#8243; z_index=&#8221;0&#8243; medium_width=&#8221;0&#8243; mobile_width=&#8221;0&#8243; width=&#8221;1\/1&#8243; uncode_shortcode_id=&#8221;144855&#8243;][vc_empty_space empty_h=&#8221;5&#8243;][vc_empty_space empty_h=&#8221;5&#8243;][\/vc_column][\/vc_row][vc_row row_height_percent=&#8221;100&#8243; override_padding=&#8221;yes&#8221; h_padding=&#8221;2&#8243; top_padding=&#8221;5&#8243; bottom_padding=&#8221;5&#8243; back_image=&#8221;155923&#8243; back_position=&#8221;center top&#8221; overlay_alpha=&#8221;50&#8243; gutter_size=&#8221;3&#8243; column_width_percent=&#8221;100&#8243; shift_y=&#8221;0&#8243; z_index=&#8221;0&#8243; top_divider=&#8221;gradient&#8221; desktop_visibility=&#8221;yes&#8221; medium_visibility=&#8221;yes&#8221; content_parallax=&#8221;0&#8243; uncode_shortcode_id=&#8221;200473&#8243;][vc_column column_width_percent=&#8221;100&#8243; position_vertical=&#8221;middle&#8221; align_horizontal=&#8221;align_center&#8221; gutter_size=&#8221;2&#8243; style=&#8221;dark&#8221; overlay_alpha=&#8221;50&#8243; shift_x=&#8221;0&#8243; shift_y=&#8221;0&#8243; shift_y_down=&#8221;0&#8243; z_index=&#8221;0&#8243; medium_width=&#8221;0&#8243; mobile_width=&#8221;0&#8243; width=&#8221;1\/1&#8243; uncode_shortcode_id=&#8221;144855&#8243;][vc_empty_space empty_h=&#8221;5&#8243;][vc_empty_space empty_h=&#8221;3&#8243;][\/vc_column][\/vc_row][vc_row row_height_percent=&#8221;0&#8243; back_image=&#8221;132914&#8243; overlay_alpha=&#8221;50&#8243; gutter_size=&#8221;3&#8243; column_width_use_pixel=&#8221;yes&#8221; shift_y=&#8221;0&#8243; z_index=&#8221;0&#8243; content_parallax=&#8221;0&#8243; uncode_shortcode_id=&#8221;172080&#8243;][vc_column column_width_percent=&#8221;100&#8243; position_vertical=&#8221;middle&#8221; align_horizontal=&#8221;align_center&#8221; gutter_size=&#8221;3&#8243; overlay_alpha=&#8221;50&#8243; shift_x=&#8221;0&#8243; shift_y=&#8221;0&#8243; shift_y_down=&#8221;0&#8243; z_index=&#8221;0&#8243; medium_width=&#8221;0&#8243; mobile_width=&#8221;0&#8243; width=&#8221;1\/1&#8243; uncode_shortcode_id=&#8221;518393&#8243;][vc_custom_heading text_color=&#8221;accent&#8221; text_size=&#8221;fontsize-302070&#8243; text_transform=&#8221;uppercase&#8221; uncode_shortcode_id=&#8221;102998&#8243; text_color_type=&#8221;uncode-palette&#8221;]Ulaznice i cijene Dinoparka Funtana[\/vc_custom_heading][vc_column_text text_lead=&#8221;yes&#8221; text_color=&#8221;color-jevc&#8221; uncode_shortcode_id=&#8221;428946&#8243; text_color_type=&#8221;uncode-palette&#8221;]<\/p>\n<p data-start=\"110\" data-end=\"332\">Tijekom Discovery Weeksa u travnju gosti mogu u\u017eivati u posebnom iskustvu po\u010detka sezone uz spektakularne live showove, prekrasne \u0161umske staze, dinosaure, dje\u010dji zoo, jahanje ponija i razne zabavne aktivnosti diljem parka.<\/p>\n<p data-start=\"334\" data-end=\"580\">Trenutno su u funkciji sljede\u0107e atrakcije: Pirates Ahoi, Flintstone vlak, Flintstone taxi, Sky Raft i Mini vlak. Dodatne vo\u017enje bit \u0107e uvedene kasnije tijekom sezone, zbog \u010dega su ulaznice trenutno dostupne po sni\u017eenim cijenama za po\u010detak sezone.<\/p>\n<p>[\/vc_column_text][vc_button size=&#8221;btn-sm&#8221; radius=&#8221;btn-circle&#8221; outline=&#8221;yes&#8221; border_width=&#8221;0&#8243; scale_mobile=&#8221;no&#8221; link=&#8221;url:%23catalogue|title:Pogledajte%20sve%20opcije%20ulaznica|&#8221; button_color_type=&#8221;uncode-solid&#8221; button_color_solid=&#8221;#ff7a00&#8243; uncode_shortcode_id=&#8221;130373&#8243; icon=&#8221;fa fa-chevron-down&#8221;]Pogledajte sve opcije ulaznica[\/vc_button][vc_row_inner row_inner_height_percent=&#8221;0&#8243; overlay_alpha=&#8221;50&#8243; gutter_size=&#8221;4&#8243; shift_y=&#8221;0&#8243; z_index=&#8221;0&#8243; uncode_shortcode_id=&#8221;362948&#8243; limit_content=&#8221;&#8221;][vc_column_inner column_width_percent=&#8221;100&#8243; gutter_size=&#8221;3&#8243; overlay_alpha=&#8221;50&#8243; shift_x=&#8221;0&#8243; shift_y=&#8221;0&#8243; shift_y_down=&#8221;0&#8243; z_index=&#8221;0&#8243; medium_width=&#8221;4&#8243; mobile_width=&#8221;0&#8243; width=&#8221;1\/1&#8243; uncode_shortcode_id=&#8221;602447&#8243;][vc_custom_heading text_color=&#8221;accent&#8221; text_size=&#8221;fontsize-302070&#8243; text_transform=&#8221;uppercase&#8221; uncode_shortcode_id=&#8221;698021&#8243; text_color_type=&#8221;uncode-palette&#8221;]Dnevna ulaznica u travnju<br \/>\n(10:00 \u2013 18:00)[\/vc_custom_heading][vc_column_text uncode_shortcode_id=&#8221;196394&#8243;]Discovery Weeks u travnju 2026: Manje vo\u017enji, vi\u0161e pravih do\u017eivljaja! Druga\u010diji posjet Dinoparku \u2013 uz posebne cijene na po\u010detku sezone. \u0160tedi\u0161 10 \u20ac po ulaznici.[\/vc_column_text][uncode_pricing_list values=&#8221;%5B%7B%22entry%22%3A%22Odrasli%20%22%2C%22value%22%3A%22%E2%82%AC22%22%2C%22text%22%3A%2215-64%20godine%22%7D%2C%7B%22entry%22%3A%22Djeca%20%22%2C%22value%22%3A%22%E2%82%AC18%22%2C%22text%22%3A%224-14%20godina%22%7D%2C%7B%22entry%22%3A%22Seniori%20%22%2C%22value%22%3A%22%E2%82%AC18%22%2C%22text%22%3A%2265%2B%20godina%22%7D%2C%7B%22entry%22%3A%22Posebne%20cijene%22%2C%22value%22%3A%22%E2%82%AC0%22%2C%22text%22%3A%22Osobe%20s%20invaliditetom%2C%20Ro%C4%91endanska%20djeca%2C%20Mala%20djeca%20(0-3%20godine)%5Cn%20Potreban%20dokaz%22%7D%5D&#8221; gutter_tab_h=&#8221;2&#8243; tab_gap=&#8221;2&#8243; media_width_percent=&#8221;0&#8243; border_style=&#8221;solid&#8221; border_color=&#8221;color-uydo&#8221; text_color=&#8221;color-210407&#8243; heading_semantic=&#8221;h6&#8243; text_size=&#8221;h3&#8243; text_weight=&#8221;600&#8243; sub_lead=&#8221;yes&#8221; uncode_shortcode_id=&#8221;165679&#8243; border_color_type=&#8221;uncode-palette&#8221; text_color_type=&#8221;uncode-palette&#8221;][vc_button radius=&#8221;btn-circle&#8221; border_width=&#8221;0&#8243; scale_mobile=&#8221;no&#8221; link=&#8221;url:https%3A%2F%2Fdinopark-funtana.com%2Fhr%2Fdnevna-karta-dinopark-funtana-stranica-proizvoda%2F|title:Dinopark%20Funtana%20Ulaznice|&#8221; button_color_type=&#8221;uncode-solid&#8221; button_color_solid=&#8221;#ff7a00&#8243; uncode_shortcode_id=&#8221;145270&#8243;]Kupite dnevne ulaznice[\/vc_button][\/vc_column_inner][\/vc_row_inner][\/vc_column][\/vc_row][vc_row row_height_percent=&#8221;0&#8243; override_padding=&#8221;yes&#8221; h_padding=&#8221;2&#8243; top_padding=&#8221;2&#8243; bottom_padding=&#8221;3&#8243; back_image=&#8221;132914&#8243; overlay_alpha=&#8221;50&#8243; gutter_size=&#8221;3&#8243; column_width_percent=&#8221;100&#8243; shift_y=&#8221;0&#8243; z_index=&#8221;0&#8243; content_parallax=&#8221;0&#8243; uncode_shortcode_id=&#8221;985999&#8243;][vc_column column_width_percent=&#8221;43&#8243; gutter_size=&#8221;3&#8243; overlay_alpha=&#8221;50&#8243; shift_x=&#8221;0&#8243; shift_y=&#8221;0&#8243; shift_y_down=&#8221;0&#8243; z_index=&#8221;0&#8243; medium_width=&#8221;0&#8243; mobile_width=&#8221;0&#8243; width=&#8221;1\/1&#8243; uncode_shortcode_id=&#8221;450737&#8243;][vc_accordion typography=&#8221;advanced&#8221; sign=&#8221;plus&#8221; sign_size=&#8221;md&#8221; gutter_simple=&#8221;0&#8243; active_txt_color=&#8221;color-618140&#8243; titles_size=&#8221;h3&#8243; titles_weight=&#8221;900&#8243; titles_transform=&#8221;uppercase&#8221; active_tab=&#8221;0&#8243; uncode_shortcode_id=&#8221;203431&#8243; active_txt_color_type=&#8221;uncode-palette&#8221;][vc_accordion_tab gutter_size=&#8221;0&#8243; column_padding=&#8221;0&#8243; title=&#8221;Va\u017ene informacije&#8221; tab_id=&#8221;d21d5937-3bb0-2155567891400115556795059529dee-e34a16449567667991646309987868170738649330517120415953789&#8243;][vc_custom_heading text_color=&#8221;color-prif&#8221; heading_semantic=&#8221;div&#8221; text_size=&#8221;&#8221; text_weight=&#8221;500&#8243; uncode_shortcode_id=&#8221;135946&#8243; text_color_type=&#8221;uncode-palette&#8221;]Trenutno su u funkciji sljede\u0107e atrakcije: Pirates Ahoi, Flintstone vlak, Flintstone taxi, Sky Raft i Mini vlak. Dodatne vo\u017enje bit \u0107e uvedene kasnije tijekom sezone, zbog \u010dega su ulaznice trenutno dostupne po sni\u017eenim cijenama za po\u010detak sezone.<\/p>\n<p>&nbsp;<\/p>\n<p>Svakodnevne predstave u\u017eivo odr\u017eavaju se u na\u0161oj Dino kupoli s klimatiziranim sjedalima za ugodno iskustvo.<\/p>\n<p>Raspored predstava mo\u017ee varirati ovisno o broju posjetitelja, ali obi\u010dno je sljede\u0107i:<\/p>\n<p>11:00 \u2013 Piratska predstava<br \/>\n12:00 \u2013 Show Jurassica<br \/>\n15:00 \u2013 Piratska predstava<br \/>\n16:00 \u2013 Show Jurassica<\/p>\n<p>U danima s ve\u0107om gu\u017evom mogu se dodati dodatne predstave.<\/p>\n<p>Za najnoviji raspored predstava, molimo provjerite informativne plo\u010de i oznake diljem Dinoparka Funtana.<\/p>\n<p>U slu\u010daju lo\u0161eg vremena zadr\u017eavamo pravo zatvoriti park bez prethodne najave iz sigurnosnih razloga. Bit \u0107ete nadokna\u0111eni jo\u0161 jednim posjetom na dan po va\u0161em izboru. Nema povrata novca. Provjerite na\u0161e radno vrijeme nave\u010der i ujutro prije va\u0161eg posjeta kako biste bili sigurni da \u0107emo otvoriti park.<\/p>\n<p>Ulaznice su vremenski osjetljive i vrijede samo tijekom odabrane sezone na blagajni. Obavezno odaberite ispravne datume (sezonu) ulaznica kako biste ih uskladili s planovima posjeta i pripremite se za putovanje ispunjeno uzbu\u0111enjem, zabavom i otkri\u0107ima dinosaura![\/vc_custom_heading][\/vc_accordion_tab][vc_accordion_tab gutter_size=&#8221;2&#8243; column_padding=&#8221;0&#8243; title=&#8221;POSEBNE PONUDE&#8221; tab_id=&#8221;9346230d-a835-9155567891400115556795059529dee-e34a16449567667991646309987868170738649330517120415953783&#8243;][vc_custom_heading text_color=&#8221;color-prif&#8221; heading_semantic=&#8221;div&#8221; text_size=&#8221;&#8221; text_weight=&#8221;500&#8243; uncode_shortcode_id=&#8221;167389&#8243; text_color_type=&#8221;uncode-palette&#8221;]<span style=\"text-decoration: underline;\"><strong>ULAZ BESPLATAN: (NIJE POTREBNA ULAZNICA!)<\/strong><\/span><\/p>\n<ul>\n<li>Mala djeca (0-3 godine)<\/li>\n<li>Ro\u0111endanska djeca (4-14 godina) tijekom cijelog mjeseca njihovog ro\u0111endana.<\/li>\n<li>Osobe s invaliditetom<\/li>\n<\/ul>\n<p>&nbsp;<\/p>\n<p><span style=\"text-decoration: underline;\"><strong>VI\u0160E PONUDA:<\/strong><\/span><\/p>\n<ul>\n<li>Grupe od 20+ ljudi <a href=\"mailto:info@dinopark.hr\">(zahtjev putem e-maila ovdje)<\/a><\/li>\n<li>Godi\u0161nje ulaznice mogu\u0107e je kupiti samo na na\u0161im blagajnama u Dinoparku Funtana. Cijene godi\u0161nje ulaznice za djecu trenutno iznose 129,00 \u20ac, a za odrasle 149,00 \u20ac.<\/li>\n<\/ul>\n<p>[\/vc_custom_heading][vc_button radius=&#8221;btn-circle&#8221; outline=&#8221;yes&#8221; border_width=&#8221;0&#8243; scale_mobile=&#8221;no&#8221; link=&#8221;url:https%3A%2F%2Fdinopark-funtana.com%2Fhr%2Fdnevna-ulaznica-dinopark-funtana-stranica-proizvoda-3%2F|title:Dinopark%20Funtana%20Ulaznice|&#8221; button_color_type=&#8221;uncode-solid&#8221; button_color_solid=&#8221;#ff7a00&#8243; uncode_shortcode_id=&#8221;955799&#8243;]Kupite sezonske ulaznice[\/vc_button][\/vc_accordion_tab][vc_accordion_tab gutter_size=&#8221;2&#8243; column_padding=&#8221;0&#8243; title=&#8221;\u0160to je uklju\u010deno?&#8221; tab_id=&#8221;9346230d-a835-9155567891400115556795059529dee-e34a164495676679916463099878681707386493305171204159537837&#8243;][vc_custom_heading text_color=&#8221;color-prif&#8221; heading_semantic=&#8221;div&#8221; text_size=&#8221;&#8221; text_weight=&#8221;500&#8243; uncode_shortcode_id=&#8221;198521&#8243; text_color_type=&#8221;uncode-palette&#8221;]<\/p>\n<p data-start=\"582\" data-end=\"650\">Tijekom Discovery Weeksa u travnju Dinopark nudi druga\u010dije iskustvo.<\/p>\n<p data-start=\"652\" data-end=\"936\">Fokus je na vrhunskoj live zabavi \u2013 uklju\u010duju\u0107i na\u0161 novi gusarski show \u201cPirates of Funtana\u201d \u2013 u kombinaciji s prekrasnim prirodnim stazama, novom tematskom zonom s vodom, dinosaurusima u prirodnoj veli\u010dini, dje\u010djim zoo vrtom, jahanjem ponija i interaktivnim aktivnostima diljem parka.<\/p>\n<p data-start=\"938\" data-end=\"1104\">Trenutno su u funkciji sljede\u0107e atrakcije: Pirates Ahoi, Flintstone vlak, Flintstone taxi, Sky Raft i Mini vlak. Dodatne vo\u017enje bit \u0107e uvedene kasnije tijekom sezone.<\/p>\n<p data-start=\"1106\" data-end=\"1180\">Zato su ulaznice trenutno dostupne po sni\u017eenim cijenama za po\u010detak sezone.<\/p>\n<p data-start=\"1182\" data-end=\"1267\">Sve predstave i aktivnosti uklju\u010dene su u cijenu ulaznice (osim paintball streljiva).<\/p>\n<p>[\/vc_custom_heading][\/vc_accordion_tab][vc_accordion_tab gutter_size=&#8221;2&#8243; column_padding=&#8221;0&#8243; title=&#8221;Kako kupiti ulaznice?&#8221; tab_id=&#8221;9d61e73a-3a93-8&#8243;][vc_custom_heading text_color=&#8221;color-jevc&#8221; heading_semantic=&#8221;div&#8221; text_size=&#8221;&#8221; text_weight=&#8221;500&#8243; uncode_shortcode_id=&#8221;334846&#8243; text_color_type=&#8221;uncode-palette&#8221;]<\/p>\n<p data-start=\"0\" data-end=\"143\">Ulaznice mo\u017eete kupiti online ili na na\u0161im ulaznim vratima koja se otvaraju u 09:45 i zatvaraju u 17:00 (prihva\u0107aju se kartice i gotovina).<\/p>\n<p data-start=\"145\" data-end=\"372\" data-is-last-node=\"\" data-is-only-node=\"\">Online ulaznice bit \u0107e poslane na va\u0161u adresu e-po\u0161te nakon naplate. Molimo vas da svoje ulaznice s jasno \u010ditljivim QR kodom donesete na ulazna vrata kako bismo mogli provjeriti sezonu, vrijeme i dobnu kategoriju vlasnika ulaznice.<\/p>\n<p>[\/vc_custom_heading][\/vc_accordion_tab][\/vc_accordion][\/vc_column][\/vc_row][vc_row row_height_percent=&#8221;0&#8243; back_image=&#8221;132914&#8243; overlay_alpha=&#8221;50&#8243; gutter_size=&#8221;3&#8243; column_width_percent=&#8221;100&#8243; shift_y=&#8221;0&#8243; z_index=&#8221;0&#8243; content_parallax=&#8221;0&#8243; uncode_shortcode_id=&#8221;189697&#8243; row_name=&#8221;catalogue&#8221;][vc_column width=&#8221;1\/1&#8243;][vc_raw_html]JTNDcHJvZHVjdC1jYXRhbG9nLXdpZGdldCUyMHdpZGdldC1pZCUzRCUyMmYwYjVhYWEzLWVjNzMtNGY3Yy04ZmVkLWZkODg5NDIzZTY0MSUyMiUzRSUzQyUyRnByb2R1Y3QtY2F0YWxvZy13aWRnZXQlM0UlM0NzY3JpcHQlMjB0eXBlJTNEJTIydGV4dCUyRmphdmFzY3JpcHQlMjIlMjBzcmMlM0QlMjJodHRwcyUzQSUyRiUyRndpZGdldHMucmVnaW9uZG8ubmV0JTJGY2F0YWxvZyUyRnYxJTJGY2F0YWxvZy13aWRnZXQubWluLmpzJTIyJTNFJTNDJTJGc2NyaXB0JTNF[\/vc_raw_html][\/vc_column][\/vc_row]<\/p>\n<\/div>","protected":false},"excerpt":{"rendered":"<p>[vc_row row_height_percent=&#8221;95&#8243; override_padding=&#8221;yes&#8221; h_padding=&#8221;2&#8243; top_padding=&#8221;5&#8243; bottom_padding=&#8221;5&#8243; back_image=&#8221;155905&#8243; back_position=&#8221;center top&#8221; overlay_alpha=&#8221;50&#8243; gutter_size=&#8221;3&#8243; column_width_percent=&#8221;100&#8243; shift_y=&#8221;0&#8243; z_index=&#8221;0&#8243; top_divider=&#8221;gradient&#8221; mobile_visibility=&#8221;yes&#8221; content_parallax=&#8221;0&#8243; uncode_shortcode_id=&#8221;128088&#8243;][vc_column column_width_percent=&#8221;100&#8243; position_vertical=&#8221;middle&#8221; [&hellip;]<\/p>\n","protected":false},"author":2,"featured_media":0,"parent":0,"menu_order":0,"comment_status":"closed","ping_status":"closed","template":"","meta":{"two_page_speed":[],"footnotes":""},"class_list":["post-154180","page","type-page","status-publish","hentry"],"_links":{"self":[{"href":"https:\/\/dinopark-funtana.com\/hr\/wp-json\/wp\/v2\/pages\/154180","targetHints":{"allow":["GET"]}}],"collection":[{"href":"https:\/\/dinopark-funtana.com\/hr\/wp-json\/wp\/v2\/pages"}],"about":[{"href":"https:\/\/dinopark-funtana.com\/hr\/wp-json\/wp\/v2\/types\/page"}],"author":[{"embeddable":true,"href":"https:\/\/dinopark-funtana.com\/hr\/wp-json\/wp\/v2\/users\/2"}],"replies":[{"embeddable":true,"href":"https:\/\/dinopark-funtana.com\/hr\/wp-json\/wp\/v2\/comments?post=154180"}],"version-history":[{"count":23,"href":"https:\/\/dinopark-funtana.com\/hr\/wp-json\/wp\/v2\/pages\/154180\/revisions"}],"predecessor-version":[{"id":156064,"href":"https:\/\/dinopark-funtana.com\/hr\/wp-json\/wp\/v2\/pages\/154180\/revisions\/156064"}],"wp:attachment":[{"href":"https:\/\/dinopark-funtana.com\/hr\/wp-json\/wp\/v2\/media?parent=154180"}],"curies":[{"name":"wp","href":"https:\/\/api.w.org\/{rel}","templated":true}]}}