{"id":136832,"date":"2024-02-08T10:43:40","date_gmt":"2024-02-08T09:43:40","guid":{"rendered":"https:\/\/dinopark-funtana.com\/politika-privatnosti\/"},"modified":"2025-03-09T11:32:12","modified_gmt":"2025-03-09T10:32:12","slug":"politika-privatnosti","status":"publish","type":"page","link":"https:\/\/dinopark-funtana.com\/hr\/politika-privatnosti\/","title":{"rendered":"Politika privatnosti"},"content":{"rendered":"<div class=\"wpb-content-wrapper\"><p>[vc_row][vc_column width=&#8221;1\/1&#8243;][vc_column_text uncode_shortcode_id=&#8221;100351&#8243;]<\/p>\n<h1 data-start=\"0\" data-end=\"41\"><strong data-start=\"2\" data-end=\"39\">Politika privatnosti \u2013 Dinopark Funtana<\/strong><\/h1>\n<p data-start=\"43\" data-end=\"71\"><strong data-start=\"43\" data-end=\"69\">Zadnje a\u017euriranje: o\u017eujak 2025<\/strong><\/p>\n<p data-start=\"73\" data-end=\"330\">U <strong data-start=\"76\" data-end=\"96\">Dinopark Funtana<\/strong> ozbiljno shva\u0107amo za\u0161titu Va\u0161ih osobnih podataka. Ova Pravila o privatnosti obja\u0161njavaju kako prikupljamo, obra\u0111ujemo i \u0161titimo va\u0161e osobne podatke kada posjetite na\u0161u web stranicu <strong data-start=\"273\" data-end=\"307\">( <a href=\"https:\/\/dinopark-funtana.com\/hr\/\" target=\"_new\" rel=\"noopener\" data-start=\"276\" data-end=\"304\">https:\/\/dinopark-funtana.com<\/a> )<\/strong> ili koristite na\u0161e usluge. <\/p>\n<h2 data-start=\"332\" data-end=\"359\"><strong data-start=\"335\" data-end=\"357\">1. Voditelj obrade podataka<\/strong><\/h2>\n<p data-start=\"360\" data-end=\"423\">Odgovorna strana za obradu podataka na ovoj stranici je:<\/p>\n<p data-start=\"425\" data-end=\"547\"><strong data-start=\"425\" data-end=\"449\">Marton Koncept d.o.o<\/strong><br \/> Ul. Matije Gupca odv. 1<br \/> 49282, Konj\u0161\u010dina, Hrvatska<br \/> \ud83d\udce7 <strong data-start=\"509\" data-end=\"519\">Email:<\/strong> <a rel=\"noopener\" data-start=\"520\" data-end=\"545\">info [@] dinopark-funtana.com<\/a><\/p>\n<p data-start=\"549\" data-end=\"659\">Ako imate bilo kakvih pitanja u vezi za\u0161tite podataka, mo\u017eete nas kontaktirati u bilo kojem trenutku koriste\u0107i gore navedene podatke.<\/p>\n<h2 data-start=\"661\" data-end=\"693\"><strong data-start=\"664\" data-end=\"691\">2. Koje podatke prikupljamo<\/strong><\/h2>\n<p data-start=\"694\" data-end=\"838\">Osobne podatke prikupljamo i obra\u0111ujemo samo kada je to potrebno za rad na\u0161e web stranice i pru\u017eanje na\u0161ih usluga. To mo\u017ee uklju\u010divati: <\/p>\n<h3 data-start=\"840\" data-end=\"875\"><strong data-start=\"844\" data-end=\"873\">a) Podaci koje nam dajete<\/strong><\/h3>\n<ul data-start=\"876\" data-end=\"1230\">\n<li data-start=\"876\" data-end=\"1077\"><strong data-start=\"878\" data-end=\"906\">Pretplata na bilten:<\/strong> Ako se prijavite za na\u0161 <strong data-start=\"930\" data-end=\"950\">bilten putem e-po\u0161te<\/strong> , prikupljamo va\u0161u <strong data-start=\"968\" data-end=\"985\">adresu e-po\u0161te<\/strong> za slanje a\u017euriranja, ponuda i promocija putem <strong data-start=\"1030\" data-end=\"1041\">Klaviyo<\/strong> . Mo\u017eete se odjaviti u bilo kojem trenutku. <\/li>\n<li data-start=\"1078\" data-end=\"1230\"><strong data-start=\"1080\" data-end=\"1098\">Obrasci za kontakt:<\/strong> Ako nas kontaktirate putem na\u0161e web stranice, prikupljamo podatke koje nam date (npr. ime, e-mail adresu) kako bismo odgovorili na va\u0161 upit.<\/li>\n<\/ul>\n<h3 data-start=\"1232\" data-end=\"1273\"><strong data-start=\"1236\" data-end=\"1271\">b) Podaci prikupljeni automatski<\/strong><\/h3>\n<p data-start=\"1274\" data-end=\"1390\">Kada posjetite na\u0161u web stranicu, prikupljamo tehni\u010dke podatke kako bismo osigurali njezinu funkcionalnost i pobolj\u0161ali korisni\u010dko iskustvo:<\/p>\n<ul data-start=\"1391\" data-end=\"1534\">\n<li data-start=\"1391\" data-end=\"1422\"><strong data-start=\"1393\" data-end=\"1420\">IP adresa (anonimizirana)<\/strong><\/li>\n<li data-start=\"1423\" data-end=\"1455\"><strong data-start=\"1425\" data-end=\"1453\">Vrsta i verzija preglednika<\/strong><\/li>\n<li data-start=\"1456\" data-end=\"1480\"><strong data-start=\"1458\" data-end=\"1478\">Operativni sustav<\/strong><\/li>\n<li data-start=\"1481\" data-end=\"1502\"><strong data-start=\"1483\" data-end=\"1500\">Preferiraju\u0107i URL<\/strong><\/li>\n<li data-start=\"1503\" data-end=\"1534\"><strong data-start=\"1505\" data-end=\"1532\">Datum i vrijeme pristupa<\/strong><\/li>\n<\/ul>\n<p data-start=\"1536\" data-end=\"1648\">Ovi se podaci prikupljaju putem kola\u010di\u0107a i tehnologija pra\u0107enja kao \u0161to je <strong data-start=\"1609\" data-end=\"1629\">Google Analytics<\/strong> (vidi Odjeljak 4).<\/p>\n<h2 data-start=\"1650\" data-end=\"1682\"><strong data-start=\"1653\" data-end=\"1680\">3. Kako koristimo va\u0161e podatke<\/strong><\/h2>\n<p data-start=\"1683\" data-end=\"1938\">Va\u0161e osobne podatke obra\u0111ujemo za:<\/p>\n<ul>\n<li data-start=\"1683\" data-end=\"1938\">Osigurati i pobolj\u0161ati na\u0161u web stranicu i usluge<\/li>\n<li data-start=\"1683\" data-end=\"1938\">Analizirajte pona\u0161anje korisnika kako bismo pobolj\u0161ali na\u0161 sadr\u017eaj i korisni\u010dko iskustvo<\/li>\n<li data-start=\"1683\" data-end=\"1938\">\u0160aljite vam relevantne vijesti i ponude (samo ako ste se pretplatili)<\/li>\n<li data-start=\"1683\" data-end=\"1938\">Po\u0161tujte zakonske obveze<\/li>\n<\/ul>\n<p data-start=\"1940\" data-end=\"2029\">Va\u0161e podatke <strong data-start=\"1946\" data-end=\"1953\">ne<\/strong> prodajemo, ne iznajmljujemo niti dijelimo s tre\u0107im stranama u marketin\u0161ke svrhe.<\/p>\n<h2 data-start=\"2031\" data-end=\"2074\"><strong data-start=\"2034\" data-end=\"2072\">4. Kola\u010di\u0107i i tehnologije pra\u0107enja<\/strong><\/h2>\n<p data-start=\"2075\" data-end=\"2170\">Kako bismo optimizirali va\u0161e iskustvo, koristimo kola\u010di\u0107e i sli\u010dne tehnologije pra\u0107enja. To uklju\u010duje: <\/p>\n<ul data-start=\"2172\" data-end=\"2299\">\n<li data-start=\"2172\" data-end=\"2245\"><strong data-start=\"2174\" data-end=\"2194\">Google Analytics<\/strong> (za analizu prometa na web stranici i pobolj\u0161anje sadr\u017eaja)<\/li>\n<li data-start=\"2246\" data-end=\"2299\"><strong data-start=\"2248\" data-end=\"2269\">Osnovni kola\u010di\u0107i<\/strong> (za funkcionalnost web stranice)<\/li>\n<\/ul>\n<p data-start=\"2301\" data-end=\"2374\">Kola\u010di\u0107e mo\u017eete upravljati ili onemogu\u0107iti u bilo kojem trenutku u postavkama preglednika.<\/p>\n<h2 data-start=\"2376\" data-end=\"2413\"><strong data-start=\"2379\" data-end=\"2411\">5. Sigurnost i zadr\u017eavanje podataka<\/strong><\/h2>\n<p data-start=\"2414\" data-end=\"2679\">Poduzimamo odgovaraju\u0107e tehni\u010dke i organizacijske mjere kako bismo za\u0161titili va\u0161e podatke od neovla\u0161tenog pristupa, gubitka ili zlouporabe. Va\u0161i se podaci pohranjuju na siguran na\u010din i zadr\u017eavaju samo onoliko dugo koliko je potrebno da ispune namjeravanu svrhu ili u skladu sa zakonskim zahtjevima. <\/p>\n<h2 data-start=\"2681\" data-end=\"2704\"><strong data-start=\"2684\" data-end=\"2702\">6. Va\u0161a prava<\/strong><\/h2>\n<p data-start=\"2705\" data-end=\"2777\">Kao korisnik imate sljede\u0107a prava u vezi sa svojim osobnim podacima:<\/p>\n<ul data-start=\"2778\" data-end=\"3237\">\n<li data-start=\"2778\" data-end=\"2854\"><strong data-start=\"2780\" data-end=\"2800\">Pravo na pristup:<\/strong> Zatra\u017eite informacije o podacima koje pohranjujemo o vama.<\/li>\n<li data-start=\"2855\" data-end=\"2925\"><strong data-start=\"2857\" data-end=\"2884\">Pravo na ispravak:<\/strong> Ispraviti neto\u010dne ili nepotpune podatke.<\/li>\n<li data-start=\"2926\" data-end=\"3047\"><strong data-start=\"2928\" data-end=\"2975\">Pravo na brisanje (&#8220;pravo na zaborav&#8221;)<\/strong> : Zatra\u017eite brisanje svojih podataka, osim ako zakon ne zahtijeva njihovo zadr\u017eavanje.<\/li>\n<li data-start=\"3048\" data-end=\"3145\"><strong data-start=\"3050\" data-end=\"3070\">Pravo na prigovor:<\/strong> Odustanite od obrade podataka za izravni marketing ili legitimne interese.<\/li>\n<li data-start=\"3146\" data-end=\"3237\"><strong data-start=\"3148\" data-end=\"3178\">Pravo na prenosivost podataka:<\/strong> Primajte svoje podatke u strukturiranom, uobi\u010dajeno kori\u0161tenom formatu.<\/li>\n<\/ul>\n<p data-start=\"3239\" data-end=\"3317\">Za ostvarivanje svojih prava kontaktirajte nas na <strong data-start=\"3285\" data-end=\"3314\"><a rel=\"noopener\" data-start=\"3287\" data-end=\"3312\">info@dinopark-funtana.com<\/a><\/strong> .<\/p>\n<h2 data-start=\"3319\" data-end=\"3361\"><strong data-start=\"3322\" data-end=\"3359\">7. Promjene ove Politike privatnosti<\/strong><\/h2>\n<p data-start=\"3362\" data-end=\"3532\">Zadr\u017eavamo pravo a\u017eurirati ovu Politiku privatnosti kako bi odra\u017eavala promjene u pravnim zahtjevima ili na\u0161im uslugama. Najnovija verzija uvijek \u0107e biti dostupna na na\u0161oj web stranici. <\/p>\n<p data-start=\"3534\" data-end=\"3632\">Za sva pitanja u vezi za\u0161tite podataka obratite nam se na <strong data-start=\"3600\" data-end=\"3629\"><a rel=\"noopener\" data-start=\"3602\" data-end=\"3627\">info [@] dinopark-funtana.com<\/a><\/strong> .<\/p>\n<p>[\/vc_column_text][\/vc_column][\/vc_row]<\/p>\n<\/div>","protected":false},"excerpt":{"rendered":"<p>[vc_row][vc_column width=&#8221;1\/1&#8243;][vc_column_text uncode_shortcode_id=&#8221;100351&#8243;] Politika privatnosti \u2013 Dinopark Funtana Zadnje a\u017euriranje: o\u017eujak 2025 U Dinopark Funtana ozbiljno shva\u0107amo za\u0161titu Va\u0161ih osobnih [&hellip;]<\/p>\n","protected":false},"author":1,"featured_media":0,"parent":0,"menu_order":0,"comment_status":"closed","ping_status":"open","template":"","meta":{"two_page_speed":[],"footnotes":""},"class_list":["post-136832","page","type-page","status-publish","hentry"],"_links":{"self":[{"href":"https:\/\/dinopark-funtana.com\/hr\/wp-json\/wp\/v2\/pages\/136832","targetHints":{"allow":["GET"]}}],"collection":[{"href":"https:\/\/dinopark-funtana.com\/hr\/wp-json\/wp\/v2\/pages"}],"about":[{"href":"https:\/\/dinopark-funtana.com\/hr\/wp-json\/wp\/v2\/types\/page"}],"author":[{"embeddable":true,"href":"https:\/\/dinopark-funtana.com\/hr\/wp-json\/wp\/v2\/users\/1"}],"replies":[{"embeddable":true,"href":"https:\/\/dinopark-funtana.com\/hr\/wp-json\/wp\/v2\/comments?post=136832"}],"version-history":[{"count":2,"href":"https:\/\/dinopark-funtana.com\/hr\/wp-json\/wp\/v2\/pages\/136832\/revisions"}],"predecessor-version":[{"id":136834,"href":"https:\/\/dinopark-funtana.com\/hr\/wp-json\/wp\/v2\/pages\/136832\/revisions\/136834"}],"wp:attachment":[{"href":"https:\/\/dinopark-funtana.com\/hr\/wp-json\/wp\/v2\/media?parent=136832"}],"curies":[{"name":"wp","href":"https:\/\/api.w.org\/{rel}","templated":true}]}}