{"id":136819,"date":"2025-03-09T11:17:50","date_gmt":"2025-03-09T10:17:50","guid":{"rendered":"https:\/\/dinopark-funtana.com\/odredbe-i-uvjeti\/"},"modified":"2025-03-09T12:04:45","modified_gmt":"2025-03-09T11:04:45","slug":"odredbe-i-uvjeti","status":"publish","type":"page","link":"https:\/\/dinopark-funtana.com\/hr\/odredbe-i-uvjeti\/","title":{"rendered":"Odredbe i uvjeti"},"content":{"rendered":"<div class=\"wpb-content-wrapper\"><p>[vc_row][vc_column width=&#8221;1\/1&#8243;][vc_column_text uncode_shortcode_id=&#8221;825803&#8243;]<\/p>\n<h1 data-start=\"0\" data-end=\"45\"><strong data-start=\"2\" data-end=\"43\">Uvjeti \u2013 Dinopark Funtana<\/strong><\/h1>\n<h2 data-start=\"47\" data-end=\"72\"><strong data-start=\"50\" data-end=\"70\">1. Op\u0107i uvjeti<\/strong><\/h2>\n<p data-start=\"73\" data-end=\"296\">Ovi <strong data-start=\"79\" data-end=\"101\">Uvjeti i odredbe<\/strong> reguliraju pristup, kori\u0161tenje i iskustvo u <strong data-start=\"147\" data-end=\"167\">Dinoparku Funtana<\/strong> , kojim upravlja <strong data-start=\"181\" data-end=\"205\">Marton Koncept doo<\/strong> . Kupnjom ulaznice i ulaskom u park <strong data-start=\"257\" data-end=\"293\">prihva\u0107ate ove uvjete<\/strong> . <\/p>\n<p data-start=\"298\" data-end=\"450\">Zadr\u017eavamo pravo <strong data-start=\"322\" data-end=\"342\">a\u017euriranja ili izmjene<\/strong> ovih Uvjeta u bilo kojem trenutku bez prethodne obavijesti. Najnovija verzija uvijek \u0107e biti dostupna na na\u0161oj web stranici. <\/p>\n<h2 data-start=\"452\" data-end=\"487\"><strong data-start=\"455\" data-end=\"485\">2. Ulaznica za park i prava<\/strong><\/h2>\n<ul data-start=\"488\" data-end=\"1164\">\n<li data-start=\"488\" data-end=\"540\">Ulaz je dopu\u0161ten samo s <strong data-start=\"521\" data-end=\"537\">valjanom ulaznicom<\/strong> .<\/li>\n<li data-start=\"541\" data-end=\"641\">Ulaznice je potrebno predo\u010diti <strong data-start=\"569\" data-end=\"609\">isprintane ili na mobilnom ure\u0111aju<\/strong> za skeniranje na ulazu.<\/li>\n<li data-start=\"642\" data-end=\"790\">Odre\u0111ene atrakcije mogu imati <strong data-start=\"673\" data-end=\"712\">ograni\u010denja prema dobi, visini ili te\u017eini<\/strong> iz sigurnosnih razloga. Molimo slijedite smjernice objavljene na svakoj atrakciji. <\/li>\n<li data-start=\"791\" data-end=\"996\"><strong data-start=\"793\" data-end=\"832\">Dinopark Funtana zadr\u017eava pravo<\/strong> uskratiti ulaz ili udaljiti posjetitelje iz parka <strong data-start=\"884\" data-end=\"902\">bez povrata novca<\/strong> ako se ne pridr\u017eavaju pravila parka, pona\u0161aju se nesigurno ili ometaju druge goste.<\/li>\n<li data-start=\"997\" data-end=\"1164\">Radi sigurnosti svih posjetitelja molimo vas da se pridr\u017eavate <strong data-start=\"1052\" data-end=\"1066\">Pravilnika Parka<\/strong> koji se nalazi na<br \/>\n<h3><strong><a href=\"https:\/\/dinopark-funtana.com\/hr\/pravila-parka-dinopark-funtana\/\" target=\"_new\" rel=\"noopener\" data-start=\"1090\" data-end=\"1161\">Pravila parka<\/a><\/strong><\/h3>\n<p>.<\/li>\n<\/ul>\n<h2 data-start=\"1166\" data-end=\"1196\"><strong data-start=\"1169\" data-end=\"1194\">3. Sigurnost i odgovornost<\/strong><\/h2>\n<ul data-start=\"1197\" data-end=\"1718\">\n<li data-start=\"1197\" data-end=\"1255\"><strong data-start=\"1199\" data-end=\"1253\">Posjetitelji ulaze i koriste park na vlastitu odgovornost.<\/strong><\/li>\n<li data-start=\"1256\" data-end=\"1342\">Roditelji\/staratelji du\u017eni su <strong data-start=\"1296\" data-end=\"1326\">nadzirati svoju djecu<\/strong> u svakom trenutku.<\/li>\n<li data-start=\"1343\" data-end=\"1533\"><strong data-start=\"1345\" data-end=\"1384\">Dinopark Funtana nije odgovoran<\/strong> za ozljede, \u0161tete ili izgubljene osobne stvari uzrokovane <strong data-start=\"1446\" data-end=\"1530\">nemarom, nepridr\u017eavanjem sigurnosnih uputa ili nepredvi\u0111enim okolnostima<\/strong> .<\/li>\n<li data-start=\"1534\" data-end=\"1718\">Odre\u0111ene atrakcije uklju\u010duju tjelesnu aktivnost. Gosti sa zdravstvenim problemima, sr\u010danim problemima, trudno\u0107om ili drugim zdravstvenim problemima trebaju se posavjetovati sa svojim lije\u010dnikom prije sudjelovanja. <\/li>\n<\/ul>\n<h2 data-start=\"1720\" data-end=\"1765\"><strong data-start=\"1723\" data-end=\"1763\">4. Osiguranje i odgovornost za \u0161tete<\/strong><\/h2>\n<ul data-start=\"1766\" data-end=\"2133\">\n<li data-start=\"1766\" data-end=\"1949\"><strong data-start=\"1768\" data-end=\"1824\">Dinopark Funtana ne nudi osiguranje<\/strong> za osobne ozljede, nezgode ili materijalnu \u0161tetu. Posjetitelji trebaju osigurati <strong data-start=\"1912\" data-end=\"1946\">odgovaraju\u0107e osobno osiguranje<\/strong> . <\/li>\n<li data-start=\"1950\" data-end=\"2062\">Svaka <strong data-start=\"1956\" data-end=\"1983\">\u0161teta na imovini parka<\/strong> koju uzrokuje posjetitelj mo\u017ee dovesti do odgovornosti za tro\u0161kove popravka ili zamjene.<\/li>\n<li data-start=\"2063\" data-end=\"2133\">U slu\u010daju nesre\u0107e, odmah obavijestite osoblje parka.<\/li>\n<\/ul>\n<h2 data-start=\"2135\" data-end=\"2167\"><strong data-start=\"2138\" data-end=\"2165\">5. Pravila povrata novca za ulaznice<\/strong><\/h2>\n<ul data-start=\"2168\" data-end=\"2452\">\n<li data-start=\"2168\" data-end=\"2241\"><strong data-start=\"2170\" data-end=\"2201\">Sve prodaje ulaznica su kona\u010dne.<\/strong> Ne nudimo povrat novca niti zamjenu.<\/li>\n<li data-start=\"2242\" data-end=\"2452\">U posebnim slu\u010dajevima, uklju\u010duju\u0107i <strong data-start=\"2272\" data-end=\"2355\">vi\u0161u silu (ekstremno vrijeme, prirodne katastrofe ili drugi nepredvi\u0111eni doga\u0111aji),<\/strong> posjetitelji se mogu obratiti na\u0161oj <strong data-start=\"2381\" data-end=\"2401\">korisni\u010dkoj slu\u017ebi<\/strong> za pomo\u0107 na <strong data-start=\"2420\" data-end=\"2449\"><a rel=\"noopener\" data-start=\"2422\" data-end=\"2447\">info [@] dinopark-funtana.com<\/a><\/strong> .<\/li>\n<\/ul>\n<h2 data-start=\"2454\" data-end=\"2479\"><strong data-start=\"2457\" data-end=\"2477\">6. Razno<\/strong><\/h2>\n<ul data-start=\"2480\" data-end=\"2734\">\n<li data-start=\"2480\" data-end=\"2584\">Kupnjom ulaznice potvr\u0111ujete da imate najmanje <strong data-start=\"2540\" data-end=\"2556\">18 godina<\/strong> ili da imate suglasnost roditelja.<\/li>\n<li data-start=\"2585\" data-end=\"2683\">Preprodaja ulaznica u komercijalne svrhe <strong data-start=\"2632\" data-end=\"2655\">strogo je zabranjena<\/strong> bez prethodnog dopu\u0161tenja.<\/li>\n<li data-start=\"2684\" data-end=\"2734\">U slu\u010daju bilo kakvih sporova primjenjuje se hrvatsko pravo.<\/li>\n<\/ul>\n<p data-start=\"2736\" data-end=\"2911\">Za dodatne pojedinosti posjetite na\u0161u web stranicu ili kontaktirajte na\u0161 <strong data-start=\"2797\" data-end=\"2822\">tim za korisni\u010dku podr\u0161ku<\/strong> . Radujemo se \u0161to \u0107emo vas ugostiti u <strong data-start=\"2860\" data-end=\"2880\">Dinoparku Funtana<\/strong> na vrhunskom provodu! <\/p>\n<p data-start=\"2913\" data-end=\"2952\" data-is-last-node=\"\" data-is-only-node=\"\"><em data-start=\"2913\" data-end=\"2952\" data-is-last-node=\"\">Verzija: o\u017eujak 2025. Podlo\u017eno promjenama. <\/em><\/p>\n<p>[\/vc_column_text][\/vc_column][\/vc_row]<\/p>\n<\/div>","protected":false},"excerpt":{"rendered":"<p>[vc_row][vc_column width=&#8221;1\/1&#8243;][vc_column_text uncode_shortcode_id=&#8221;825803&#8243;] Uvjeti \u2013 Dinopark Funtana 1. Op\u0107i uvjeti Ovi Uvjeti i odredbe reguliraju pristup, kori\u0161tenje i iskustvo u [&hellip;]<\/p>\n","protected":false},"author":1,"featured_media":0,"parent":0,"menu_order":0,"comment_status":"closed","ping_status":"closed","template":"","meta":{"two_page_speed":[],"footnotes":""},"class_list":["post-136819","page","type-page","status-publish","hentry"],"_links":{"self":[{"href":"https:\/\/dinopark-funtana.com\/hr\/wp-json\/wp\/v2\/pages\/136819","targetHints":{"allow":["GET"]}}],"collection":[{"href":"https:\/\/dinopark-funtana.com\/hr\/wp-json\/wp\/v2\/pages"}],"about":[{"href":"https:\/\/dinopark-funtana.com\/hr\/wp-json\/wp\/v2\/types\/page"}],"author":[{"embeddable":true,"href":"https:\/\/dinopark-funtana.com\/hr\/wp-json\/wp\/v2\/users\/1"}],"replies":[{"embeddable":true,"href":"https:\/\/dinopark-funtana.com\/hr\/wp-json\/wp\/v2\/comments?post=136819"}],"version-history":[{"count":4,"href":"https:\/\/dinopark-funtana.com\/hr\/wp-json\/wp\/v2\/pages\/136819\/revisions"}],"predecessor-version":[{"id":136884,"href":"https:\/\/dinopark-funtana.com\/hr\/wp-json\/wp\/v2\/pages\/136819\/revisions\/136884"}],"wp:attachment":[{"href":"https:\/\/dinopark-funtana.com\/hr\/wp-json\/wp\/v2\/media?parent=136819"}],"curies":[{"name":"wp","href":"https:\/\/api.w.org\/{rel}","templated":true}]}}