{"id":135910,"date":"2024-07-18T18:29:59","date_gmt":"2024-07-18T16:29:59","guid":{"rendered":"https:\/\/dinopark-funtana.com\/rad-u-dinoparku-funtana\/"},"modified":"2026-01-08T14:29:06","modified_gmt":"2026-01-08T13:29:06","slug":"rad-u-dinoparku-funtana","status":"publish","type":"page","link":"https:\/\/dinopark-funtana.com\/hr\/rad-u-dinoparku-funtana\/","title":{"rendered":"Rad u Dinoparku Funtana"},"content":{"rendered":"<div class=\"wpb-content-wrapper\"><p>[vc_row row_height_percent=&#8221;0&#8243; override_padding=&#8221;yes&#8221; h_padding=&#8221;2&#8243; top_padding=&#8221;2&#8243; bottom_padding=&#8221;2&#8243; back_color=&#8221;accent&#8221; back_image=&#8221;133691&#8243; parallax=&#8221;yes&#8221; kburns=&#8221;zoom&#8221; overlay_color=&#8221;accent&#8221; overlay_alpha=&#8221;80&#8243; equal_height=&#8221;yes&#8221; gutter_size=&#8221;3&#8243; column_width_percent=&#8221;100&#8243; shift_y=&#8221;0&#8243; z_index=&#8221;1&#8243; top_divider=&#8221;gradient&#8221; content_parallax=&#8221;0&#8243; row_name=&#8221;Welcome&#8221; uncode_shortcode_id=&#8221;156689&#8243; back_color_type=&#8221;uncode-palette&#8221; overlay_color_type=&#8221;uncode-palette&#8221;][vc_column column_width_percent=&#8221;100&#8243; position_vertical=&#8221;bottom&#8221; align_horizontal=&#8221;align_center&#8221; gutter_size=&#8221;2&#8243; style=&#8221;dark&#8221; overlay_alpha=&#8221;50&#8243; shift_x=&#8221;0&#8243; shift_y=&#8221;0&#8243; shift_y_down=&#8221;0&#8243; z_index=&#8221;4&#8243; medium_width=&#8221;4&#8243; align_mobile=&#8221;align_center_mobile&#8221; mobile_width=&#8221;0&#8243; css_animation=&#8221;bottom-t-top&#8221; animation_delay=&#8221;200&#8243; width=&#8221;1\/1&#8243; uncode_shortcode_id=&#8221;193406&#8243;][vc_row_inner row_inner_height_percent=&#8221;0&#8243; overlay_alpha=&#8221;50&#8243; gutter_size=&#8221;3&#8243; shift_y=&#8221;0&#8243; z_index=&#8221;0&#8243;][vc_column_inner column_width_percent=&#8221;100&#8243; align_horizontal=&#8221;align_center&#8221; gutter_size=&#8221;2&#8243; style=&#8221;dark&#8221; overlay_alpha=&#8221;50&#8243; shift_x=&#8221;0&#8243; shift_y=&#8221;0&#8243; shift_y_down=&#8221;0&#8243; z_index=&#8221;0&#8243; medium_width=&#8221;0&#8243; mobile_width=&#8221;0&#8243; width=&#8221;1\/1&#8243;][vc_custom_heading heading_semantic=&#8221;h6&#8243; text_size=&#8221;h6&#8243; text_transform=&#8221;uppercase&#8221; sub_lead=&#8221;yes&#8221; mobile_visibility=&#8221;yes&#8221; uncode_shortcode_id=&#8221;185209&#8243;]PRIDRU\u017dITE SE OBITELJI[\/vc_custom_heading][vc_custom_heading heading_semantic=&#8221;h1&#8243; text_size=&#8221;fontsize-434942&#8243; uncode_shortcode_id=&#8221;557112&#8243;]Rad u Dinoparku Funtana[\/vc_custom_heading][\/vc_column_inner][\/vc_row_inner][vc_column_text text_lead=&#8221;yes&#8221; text_color=&#8221;color-xsdn&#8221; uncode_shortcode_id=&#8221;165762&#8243; text_color_type=&#8221;uncode-palette&#8221;]<\/p>\n<p style=\"text-align: center;\">Sezonski poslovi uz Jadransko more uklj. smje\u0161taj <\/p>\n<p>[\/vc_column_text][vc_row_inner row_inner_height_percent=&#8221;0&#8243; overlay_alpha=&#8221;50&#8243; gutter_size=&#8221;3&#8243; shift_y=&#8221;0&#8243; z_index=&#8221;0&#8243; el_class=&#8221;row-button&#8221;][vc_column_inner column_width_use_pixel=&#8221;yes&#8221; align_horizontal=&#8221;align_center&#8221; gutter_size=&#8221;3&#8243; style=&#8221;dark&#8221; overlay_alpha=&#8221;50&#8243; shift_x=&#8221;0&#8243; shift_y=&#8221;0&#8243; shift_y_down=&#8221;0&#8243; z_index=&#8221;3&#8243; medium_width=&#8221;0&#8243; mobile_width=&#8221;0&#8243; width=&#8221;1\/1&#8243; column_width_pixel=&#8221;700&#8243;][vc_button button_color=&#8221;color-618140&#8243; radius=&#8221;btn-circle&#8221; border_width=&#8221;0&#8243; css_animation=&#8221;bottom-t-top&#8221; animation_delay=&#8221;400&#8243; link=&#8221;url:%23jobs|&#8221; button_color_type=&#8221;uncode-palette&#8221; uncode_shortcode_id=&#8221;219073&#8243;]Otvorene pozicije[\/vc_button][\/vc_column_inner][\/vc_row_inner][vc_single_image media=&#8221;155175&#8243; media_width_percent=&#8221;100&#8243; media_ratio=&#8221;sixteen-nine&#8221; alignment=&#8221;center&#8221; shape=&#8221;img-round&#8221; css_animation=&#8221;bottom-t-top&#8221; animation_delay=&#8221;600&#8243; uncode_shortcode_id=&#8221;402388&#8243;][\/vc_column][\/vc_row][vc_row unlock_row_content=&#8221;yes&#8221; row_height_percent=&#8221;0&#8243; override_padding=&#8221;yes&#8221; h_padding=&#8221;0&#8243; top_padding=&#8221;0&#8243; bottom_padding=&#8221;0&#8243; overlay_alpha=&#8221;50&#8243; gutter_size=&#8221;3&#8243; column_width_percent=&#8221;100&#8243; shift_y=&#8221;0&#8243; z_index=&#8221;0&#8243; desktop_visibility=&#8221;yes&#8221; medium_visibility=&#8221;yes&#8221; uncode_shortcode_id=&#8221;148994&#8243;][vc_column width=&#8221;1\/1&#8243;][\/vc_column][\/vc_row][vc_row unlock_row_content=&#8221;yes&#8221; row_height_percent=&#8221;0&#8243; override_padding=&#8221;yes&#8221; h_padding=&#8221;0&#8243; top_padding=&#8221;3&#8243; bottom_padding=&#8221;3&#8243; back_image=&#8221;132909&#8243; overlay_alpha=&#8221;50&#8243; equal_height=&#8221;yes&#8221; gutter_size=&#8221;0&#8243; column_width_percent=&#8221;100&#8243; shift_y=&#8221;0&#8243; z_index=&#8221;0&#8243; bottom_divider=&#8221;gradient&#8221; uncode_shortcode_id=&#8221;119427&#8243; back_color_type=&#8221;uncode-solid&#8221; back_color_solid=&#8221;#f5f2e7&#8243;][vc_column width=&#8221;2\/12&#8243;][\/vc_column][vc_column column_width_percent=&#8221;100&#8243; gutter_size=&#8221;2&#8243; overlay_alpha=&#8221;50&#8243; shift_x=&#8221;0&#8243; shift_y=&#8221;0&#8243; shift_y_down=&#8221;0&#8243; z_index=&#8221;0&#8243; medium_width=&#8221;0&#8243; mobile_width=&#8221;0&#8243; width=&#8221;10\/12&#8243; uncode_shortcode_id=&#8221;196188&#8243;][vc_custom_heading text_size=&#8221;h1&#8243; text_weight=&#8221;500&#8243; text_transform=&#8221;uppercase&#8221; css_animation=&#8221;marquee-scroll&#8221; marquee_clone=&#8221;yes&#8221; marquee_speed=&#8221;0&#8243; uncode_shortcode_id=&#8221;831757&#8243; text_color_type=&#8221;uncode-solid&#8221; text_color_solid=&#8221;#ffd966&#8243;]TIMSKI DUH, STRAST, RAST,[\/vc_custom_heading][vc_custom_heading heading_semantic=&#8221;h3&#8243; text_size=&#8221;fontsize-302070&#8243; text_weight=&#8221;800&#8243; text_transform=&#8221;uppercase&#8221; css_animation=&#8221;marquee-scroll-opposite&#8221; uncode_shortcode_id=&#8221;210374&#8243; text_color_type=&#8221;uncode-solid&#8221; text_color_solid=&#8221;#ffd966&#8243;]<strong>NAJVESELIJE MJESTO U HRVATSKOJ<\/strong> \u2e3b TIMSKI DUH, STRAST, RAST[\/vc_custom_heading][\/vc_column][\/vc_row][vc_row unlock_row_content=&#8221;yes&#8221; row_height_percent=&#8221;0&#8243; override_padding=&#8221;yes&#8221; h_padding=&#8221;5&#8243; top_padding=&#8221;3&#8243; bottom_padding=&#8221;2&#8243; back_color=&#8221;color-192119&#8243; overlay_alpha=&#8221;50&#8243; gutter_size=&#8221;5&#8243; column_width_percent=&#8221;100&#8243; shift_y=&#8221;0&#8243; z_index=&#8221;0&#8243; content_parallax=&#8221;0&#8243; uncode_shortcode_id=&#8221;136595&#8243; back_color_type=&#8221;uncode-palette&#8221;][vc_column width=&#8221;1\/3&#8243;][vc_custom_heading heading_semantic=&#8221;h1&#8243; text_font=&#8221;font-113968&#8243; text_size=&#8221;fontsize-302070&#8243; text_transform=&#8221;uppercase&#8221; uncode_shortcode_id=&#8221;157483&#8243; text_color_type=&#8221;uncode-solid&#8221; text_color_solid=&#8221;#405727&#8243;]Radite tamo gdje drugi idu na odmor[\/vc_custom_heading][vc_column_text text_lead=&#8221;yes&#8221; text_color=&#8221;color-jevc&#8221; uncode_shortcode_id=&#8221;208207&#8243; text_color_type=&#8221;uncode-palette&#8221;]<\/p>\n<p style=\"text-align: left;\" data-start=\"378\" data-end=\"562\">Dinopark Funtana jedna je od najpopularnijih obiteljskih atrakcija u Istri, a iza svakog nezaboravnog iskustva gosta stoji motiviran i sretan tim. Tako\u0111er smo ponosni organizatori uzbudljive kaskaderske predstave Crazy Cars Moviepark, \u0161to je jo\u0161 jedan vrhunac na\u0161e raznolike ponude. <\/p>\n<p style=\"text-align: left;\" data-start=\"564\" data-end=\"701\">Brzo rastemo i uvijek tra\u017eimo <strong data-start=\"611\" data-end=\"640\">prijateljske, pouzdane ljude<\/strong> koji u\u017eivaju u radu s obiteljima, djecom i zabavom.<\/p>\n<p>[\/vc_column_text][vc_button button_color=&#8221;color-618140&#8243; radius=&#8221;btn-circle&#8221; border_width=&#8221;0&#8243; css_animation=&#8221;bottom-t-top&#8221; animation_delay=&#8221;400&#8243; link=&#8221;url:%23jobs|&#8221; button_color_type=&#8221;uncode-palette&#8221; uncode_shortcode_id=&#8221;219073&#8243;]Otvorene pozicije[\/vc_button][\/vc_column][vc_column width=&#8221;1\/3&#8243;][vc_custom_heading heading_semantic=&#8221;h1&#8243; text_font=&#8221;font-113968&#8243; text_size=&#8221;fontsize-302070&#8243; text_transform=&#8221;uppercase&#8221; uncode_shortcode_id=&#8221;233950&#8243; text_color_type=&#8221;uncode-solid&#8221; text_color_solid=&#8221;#405727&#8243;]VA\u0160E PREDNOSTI[\/vc_custom_heading][vc_column_text text_lead=&#8221;yes&#8221; text_color=&#8221;color-jevc&#8221; uncode_shortcode_id=&#8221;427278&#8243; text_color_type=&#8221;uncode-palette&#8221;]<\/p>\n<p style=\"text-align: left;\">Kao dio na\u0161eg tima, u\u017eivat \u0107ete u nizu pogodnosti:<\/p>\n<ul>\n<li style=\"text-align: left;\"><strong>\ud83d\ude0d Zanimljivo radno okru\u017eenje:<\/strong> Budite dio uzbudljivog tematskog parka u kojem ne postoje dva ista dana. Komunicirajte s gostima iz cijelog svijeta i pomozite obiteljima da stvore nezaboravne trenutke.<\/li>\n<li style=\"text-align: left;\"><strong>\ud83e\udd1d Timski duh:<\/strong> pridru\u017eite se timu koji podr\u017eava i prijateljski nastrojen u kojem se va\u0161 doprinos cijeni, a timski rad slavi.<\/li>\n<li style=\"text-align: left;\"><strong>\ud83d\udcc8 Mogu\u0107nosti rasta:<\/strong> Ula\u017eemo u razvoj na\u0161ih zaposlenika s programima obuke i prilikama za napredovanje u karijeri.<\/li>\n<li style=\"text-align: left;\"><strong>\ud83c\udf0a Fantasti\u010dna lokacija:<\/strong> radite i igrajte se tamo gdje turisti provode odmor, tik uz kristalno \u010disto Jadransko more. Funtana je \u017eivahna turisti\u010dka destinacija s no\u0107nim \u017eivotom, sportom i pla\u017eama &#8211; savr\u0161eno mjesto za kombiniranje posla i ljetnog \u017eivota.<\/li>\n<li style=\"text-align: left;\"><strong>\ud83c\udf54 Dodatne pogodnosti:<\/strong> Imamo sve \u0161to vam treba \u2013 od smje\u0161taja u blizini do ukusnih ru\u010dkova. Pridru\u017eite nam se i u\u017eivajte u dobro zaokru\u017eenom iskustvu!<\/li>\n<\/ul>\n<p>[\/vc_column_text][vc_button button_color=&#8221;color-618140&#8243; radius=&#8221;btn-circle&#8221; border_width=&#8221;0&#8243; css_animation=&#8221;bottom-t-top&#8221; animation_delay=&#8221;400&#8243; link=&#8221;url:%23jobs|&#8221; button_color_type=&#8221;uncode-palette&#8221; uncode_shortcode_id=&#8221;219073&#8243;]Otvorene pozicije[\/vc_button][\/vc_column][vc_column column_width_percent=&#8221;100&#8243; gutter_size=&#8221;3&#8243; overlay_alpha=&#8221;50&#8243; shift_x=&#8221;0&#8243; shift_y=&#8221;0&#8243; shift_y_down=&#8221;0&#8243; z_index=&#8221;0&#8243; medium_width=&#8221;0&#8243; mobile_width=&#8221;0&#8243; width=&#8221;1\/3&#8243; uncode_shortcode_id=&#8221;604963&#8243;][vc_custom_heading heading_semantic=&#8221;h1&#8243; text_font=&#8221;font-113968&#8243; text_size=&#8221;fontsize-302070&#8243; text_transform=&#8221;uppercase&#8221; uncode_shortcode_id=&#8221;108413&#8243; text_color_type=&#8221;uncode-solid&#8221; text_color_solid=&#8221;#405727&#8243;]OVO JE ZA VAS, AKO&#8230;[\/vc_custom_heading][vc_column_text text_lead=&#8221;yes&#8221; text_color=&#8221;color-jevc&#8221; uncode_shortcode_id=&#8221;964346&#8243; text_color_type=&#8221;uncode-palette&#8221;]<\/p>\n<ul>\n<li style=\"text-align: left;\" data-start=\"145\" data-end=\"279\">\ud83e\udde1 <strong data-start=\"148\" data-end=\"177\">U\u017eivam u radu s ljudima<\/strong><br data-start=\"177\" data-end=\"180\"> Volite komunicirati s gostima, posebno obiteljima i djecom, i u\u010diniti da se osje\u0107aju dobrodo\u0161lo.<\/li>\n<li style=\"text-align: left;\" data-start=\"145\" data-end=\"279\">\ud83d\ude0a <strong data-start=\"444\" data-end=\"471\">Briga o zadovoljnim gostima<\/strong><br data-start=\"471\" data-end=\"474\">Na\u0161 je cilj \u2013 <em data-start=\"486\" data-end=\"500\">sretni gosti.<\/em> Dinosauri, vo\u017enje i predstave donose zabavu \u2013 ti donosi\u0161 osmijeh, ljubaznost i pozitivnu energiju.<\/li>\n<li style=\"text-align: left;\" data-start=\"145\" data-end=\"279\">\ud83e\udd1d <strong data-start=\"606\" data-end=\"627\">Ti si timski igra\u010d<\/strong><br data-start=\"627\" data-end=\"630\">U\u017eivate u zajedni\u010dkom radu, me\u0111usobnom pomaganju i stvaranju izvrsne atmosfere za goste i kolege.<\/li>\n<li style=\"text-align: left;\" data-start=\"145\" data-end=\"279\">\ud83e\udde0 \u017delja za u\u010denjem i napretkom<br data-start=\"770\" data-end=\"773\">Gledamo tvoje vje\u0161tine i interese te poku\u0161avamo prona\u0107i najbolju ulogu za tebe. Pozicije se mogu mijenjati tijekom sezone kako se razvija\u0161.<\/li>\n<li style=\"text-align: left;\" data-start=\"145\" data-end=\"279\">\ud83c\udf0d <strong data-start=\"910\" data-end=\"939\">Govorite engleski samouvjereno<\/strong><br data-start=\"939\" data-end=\"942\">Engleski je obavezan, hrvatski i njema\u010dki su veliki plus.<\/li>\n<li style=\"text-align: left;\" data-start=\"145\" data-end=\"279\">\ud83c\udf93 <strong data-start=\"1003\" data-end=\"1032\">Imate najmanje 16 godina<\/strong><br data-start=\"1032\" data-end=\"1035\"> Mogu\u0107i su studentski ugovori.<\/li>\n<\/ul>\n<p>[\/vc_column_text][\/vc_column][\/vc_row][vc_row row_height_percent=&#8221;0&#8243; back_image=&#8221;132914&#8243; overlay_alpha=&#8221;50&#8243; gutter_size=&#8221;3&#8243; column_width_percent=&#8221;100&#8243; shift_y=&#8221;0&#8243; z_index=&#8221;0&#8243; uncode_shortcode_id=&#8221;899860&#8243;][vc_column column_width_percent=&#8221;100&#8243; align_horizontal=&#8221;align_center&#8221; gutter_size=&#8221;3&#8243; overlay_alpha=&#8221;50&#8243; shift_x=&#8221;0&#8243; shift_y=&#8221;0&#8243; shift_y_down=&#8221;0&#8243; z_index=&#8221;0&#8243; medium_width=&#8221;0&#8243; mobile_width=&#8221;0&#8243; width=&#8221;1\/1&#8243; uncode_shortcode_id=&#8221;130922&#8243;][vc_custom_heading heading_semantic=&#8221;h1&#8243; text_font=&#8221;font-113968&#8243; text_size=&#8221;fontsize-302070&#8243; text_transform=&#8221;uppercase&#8221; uncode_shortcode_id=&#8221;227440&#8243; text_color_type=&#8221;uncode-solid&#8221; text_color_solid=&#8221;#405727&#8243;]OTVORENA RADNA MJESTA[\/vc_custom_heading][\/vc_column][\/vc_row][vc_row unlock_row_content=&#8221;yes&#8221; row_height_percent=&#8221;0&#8243; override_padding=&#8221;yes&#8221; h_padding=&#8221;7&#8243; top_padding=&#8221;2&#8243; bottom_padding=&#8221;2&#8243; back_image=&#8221;132914&#8243; overlay_alpha=&#8221;50&#8243; gutter_size=&#8221;3&#8243; column_width_percent=&#8221;100&#8243; shift_y=&#8221;0&#8243; z_index=&#8221;0&#8243; content_parallax=&#8221;0&#8243; uncode_shortcode_id=&#8221;256677&#8243; row_name=&#8221;jobs&#8221;][vc_column column_width_percent=&#8221;100&#8243; align_horizontal=&#8221;align_center&#8221; gutter_size=&#8221;3&#8243; overlay_alpha=&#8221;50&#8243; shift_x=&#8221;0&#8243; shift_y=&#8221;0&#8243; shift_y_down=&#8221;0&#8243; z_index=&#8221;0&#8243; medium_width=&#8221;0&#8243; mobile_width=&#8221;0&#8243; width=&#8221;1\/1&#8243; uncode_shortcode_id=&#8221;130922&#8243;][uncode_index el_id=&#8221;index-599806386&#8243; index_type=&#8221;carousel&#8221; loop=&#8221;size:12|order_by:date|post_type:portfolio|tax_query:161|taxonomy_count:10&#8243; carousel_lg=&#8221;5&#8243; carousel_md=&#8221;3&#8243; carousel_sm=&#8221;1&#8243; thumb_size=&#8221;three-two&#8221; gutter_size=&#8221;3&#8243; post_items=&#8221;media|featured|onpost|poster,date,title,text|excerpt|120,category|bordered|topright|hide-icon,sep-one|full,author|md_size|hide_qualification&#8221; portfolio_items=&#8221;media|featured|onpost|original,title|-,text|excerpt|250&#8243; carousel_height=&#8221;equal&#8221; carousel_interval=&#8221;3000&#8243; carousel_navspeed=&#8221;400&#8243; carousel_dots=&#8221;yes&#8221; carousel_dots_space=&#8221;yes&#8221; carousel_dots_mobile=&#8221;yes&#8221; stage_padding=&#8221;0&#8243; single_shape=&#8221;round&#8221; single_overlay_color=&#8221;color-wayh&#8221; single_overlay_opacity=&#8221;50&#8243; single_text_visible=&#8221;yes&#8221; single_text_anim=&#8221;no&#8221; single_padding=&#8221;2&#8243; single_title_dimension=&#8221;h5&#8243; single_border=&#8221;yes&#8221; uncode_shortcode_id=&#8221;600729&#8243;][\/vc_column][\/vc_row]<\/p>\n<\/div>","protected":false},"excerpt":{"rendered":"<p>[vc_row row_height_percent=&#8221;0&#8243; override_padding=&#8221;yes&#8221; h_padding=&#8221;2&#8243; top_padding=&#8221;2&#8243; bottom_padding=&#8221;2&#8243; back_color=&#8221;accent&#8221; back_image=&#8221;133691&#8243; parallax=&#8221;yes&#8221; kburns=&#8221;zoom&#8221; overlay_color=&#8221;accent&#8221; overlay_alpha=&#8221;80&#8243; equal_height=&#8221;yes&#8221; gutter_size=&#8221;3&#8243; column_width_percent=&#8221;100&#8243; shift_y=&#8221;0&#8243; z_index=&#8221;1&#8243; top_divider=&#8221;gradient&#8221; content_parallax=&#8221;0&#8243; row_name=&#8221;Welcome&#8221; [&hellip;]<\/p>\n","protected":false},"author":2,"featured_media":134111,"parent":0,"menu_order":0,"comment_status":"closed","ping_status":"closed","template":"","meta":{"two_page_speed":[],"footnotes":""},"class_list":["post-135910","page","type-page","status-publish","has-post-thumbnail","hentry"],"_links":{"self":[{"href":"https:\/\/dinopark-funtana.com\/hr\/wp-json\/wp\/v2\/pages\/135910","targetHints":{"allow":["GET"]}}],"collection":[{"href":"https:\/\/dinopark-funtana.com\/hr\/wp-json\/wp\/v2\/pages"}],"about":[{"href":"https:\/\/dinopark-funtana.com\/hr\/wp-json\/wp\/v2\/types\/page"}],"author":[{"embeddable":true,"href":"https:\/\/dinopark-funtana.com\/hr\/wp-json\/wp\/v2\/users\/2"}],"replies":[{"embeddable":true,"href":"https:\/\/dinopark-funtana.com\/hr\/wp-json\/wp\/v2\/comments?post=135910"}],"version-history":[{"count":10,"href":"https:\/\/dinopark-funtana.com\/hr\/wp-json\/wp\/v2\/pages\/135910\/revisions"}],"predecessor-version":[{"id":155309,"href":"https:\/\/dinopark-funtana.com\/hr\/wp-json\/wp\/v2\/pages\/135910\/revisions\/155309"}],"wp:featuredmedia":[{"embeddable":true,"href":"https:\/\/dinopark-funtana.com\/hr\/wp-json\/wp\/v2\/media\/134111"}],"wp:attachment":[{"href":"https:\/\/dinopark-funtana.com\/hr\/wp-json\/wp\/v2\/media?parent=135910"}],"curies":[{"name":"wp","href":"https:\/\/api.w.org\/{rel}","templated":true}]}}