{"id":135772,"date":"2024-04-09T11:55:07","date_gmt":"2024-04-09T09:55:07","guid":{"rendered":"https:\/\/dinopark-funtana.com\/podaci-o-izdavacu\/"},"modified":"2025-03-09T11:09:55","modified_gmt":"2025-03-09T10:09:55","slug":"podaci-o-izdavacu","status":"publish","type":"page","link":"https:\/\/dinopark-funtana.com\/hr\/podaci-o-izdavacu\/","title":{"rendered":"Podaci o izdava\u010du"},"content":{"rendered":"<div class=\"wpb-content-wrapper\"><p>[vc_row unlock_row_content=&#8221;yes&#8221; row_height_percent=&#8221;0&#8243; override_padding=&#8221;yes&#8221; h_padding=&#8221;0&#8243; top_padding=&#8221;0&#8243; bottom_padding=&#8221;0&#8243; overlay_alpha=&#8221;50&#8243; equal_height=&#8221;yes&#8221; gutter_size=&#8221;0&#8243; column_width_percent=&#8221;100&#8243; shift_y=&#8221;0&#8243; z_index=&#8221;0&#8243; uncode_shortcode_id=&#8221;482284&#8243;][vc_column column_width_percent=&#8221;100&#8243; gutter_size=&#8221;3&#8243; back_image=&#8221;135552&#8243; overlay_alpha=&#8221;50&#8243; shift_x=&#8221;0&#8243; shift_y=&#8221;0&#8243; shift_y_down=&#8221;0&#8243; z_index=&#8221;0&#8243; medium_width=&#8221;0&#8243; mobile_width=&#8221;0&#8243; width=&#8221;1\/2&#8243; mobile_height=&#8221;340&#8243; uncode_shortcode_id=&#8221;153804&#8243;][\/vc_column][vc_column column_width_use_pixel=&#8221;yes&#8221; gutter_size=&#8221;3&#8243; override_padding=&#8221;yes&#8221; column_padding=&#8221;2&#8243; overlay_alpha=&#8221;50&#8243; shift_x=&#8221;0&#8243; shift_y=&#8221;0&#8243; shift_y_down=&#8221;0&#8243; z_index=&#8221;0&#8243; medium_width=&#8221;0&#8243; mobile_width=&#8221;0&#8243; width=&#8221;1\/2&#8243; column_width_pixel=&#8221;528&#8243; uncode_shortcode_id=&#8221;476193&#8243;][vc_custom_heading text_color=&#8221;accent&#8221; heading_semantic=&#8221;h6&#8243; text_size=&#8221;h6&#8243; text_transform=&#8221;uppercase&#8221; uncode_shortcode_id=&#8221;128916&#8243; text_color_type=&#8221;uncode-palette&#8221;]Podaci o izdava\u010du[\/vc_custom_heading][vc_custom_heading text_size=&#8221;&#8221; uncode_shortcode_id=&#8221;934262&#8243;]Drago nam je \u0161to \u017eelite saznati vi\u0161e![\/vc_custom_heading][vc_column_text text_lead=&#8221;yes&#8221; uncode_shortcode_id=&#8221;916232&#8243;]Osnovan 2009. godine, Dinopark Funtana razvio se u uzbudljivu obiteljsku destinaciju. Stalna ulaganja oblikovala su na\u0161 uspjeh, o\u010daravaju\u0107i i goste i partnere. Otvoreni smo za suradnju jer vjerujemo da zajedno mo\u017eemo posti\u0107i vi\u0161e.[\/vc_column_text][vc_empty_space empty_h=&#8221;1&#8243;][vc_row_inner limit_content=&#8221;&#8221;][vc_column_inner column_width_percent=&#8221;100&#8243; gutter_size=&#8221;3&#8243; overlay_alpha=&#8221;50&#8243; shift_x=&#8221;0&#8243; shift_y=&#8221;0&#8243; shift_y_down=&#8221;0&#8243; z_index=&#8221;0&#8243; medium_width=&#8221;4&#8243; mobile_width=&#8221;0&#8243; width=&#8221;1\/2&#8243;][vc_custom_heading heading_semantic=&#8221;h3&#8243; text_size=&#8221;h4&#8243; subheading=&#8221;Zajedno mo\u017eemo posti\u0107i vi\u0161e. Ako ste u sli\u010dnoj industriji sa zajedni\u010dkom ciljnom publikom, slobodno se javite sa svojim prijedlogom.&#8221; uncode_shortcode_id=&#8221;196954&#8243;]Partnerstva su dobrodo\u0161la![\/vc_custom_heading][vc_button size=&#8221;btn-link&#8221; custom_typo=&#8221;yes&#8221; font_family=&#8221;font-113968&#8243; font_weight=&#8221;800&#8243; italic=&#8221;yes&#8221; icon_position=&#8221;right&#8221; scale_mobile=&#8221;no&#8221; icon=&#8221;fa fa-arrow-right4&#8243; link=&#8221;url:mailto%3Ainfo%40dinopark.hr|target:_blank|&#8221; uncode_shortcode_id=&#8221;148051&#8243;]Po\u0161alji e-mail[\/vc_button][\/vc_column_inner][vc_column_inner column_width_percent=&#8221;100&#8243; gutter_size=&#8221;3&#8243; overlay_alpha=&#8221;50&#8243; shift_x=&#8221;0&#8243; shift_y=&#8221;0&#8243; shift_y_down=&#8221;0&#8243; z_index=&#8221;0&#8243; medium_width=&#8221;4&#8243; mobile_width=&#8221;0&#8243; width=&#8221;1\/2&#8243;][vc_custom_heading heading_semantic=&#8221;h3&#8243; text_size=&#8221;h4&#8243; subheading=&#8221;Pobolj\u0161ajte iskustvo svoje grupe! Pred\u0161kolske ustanove, osnovne \u0161kole, sportski klubovi i organizacije \u017eeljne jedinstvenog izleta pozivamo da se pove\u017eu s nama radi posebnih dogovora. U\u010dinimo trenutke za pam\u0107enje zajedno!&#8221; uncode_shortcode_id=&#8221;692213&#8243;]Organizacije i grupe Dobrodo\u0161li![\/vc_custom_heading][vc_button size=&#8221;btn-link&#8221; custom_typo=&#8221;yes&#8221; font_family=&#8221;font-113968&#8243; font_weight=&#8221;800&#8243; italic=&#8221;yes&#8221; icon_position=&#8221;right&#8221; scale_mobile=&#8221;no&#8221; icon=&#8221;fa fa-arrow-right4&#8243; link=&#8221;url:mailto%3Ainfo%40dinopark.hr|target:_blank|&#8221; uncode_shortcode_id=&#8221;148051&#8243;]Po\u0161alji e-mail[\/vc_button][\/vc_column_inner][\/vc_row_inner][\/vc_column][\/vc_row][vc_row row_height_percent=&#8221;0&#8243; back_color=&#8221;color-130196&#8243; overlay_alpha=&#8221;50&#8243; gutter_size=&#8221;3&#8243; column_width_percent=&#8221;100&#8243; shift_y=&#8221;0&#8243; z_index=&#8221;0&#8243; uncode_shortcode_id=&#8221;736264&#8243; back_color_type=&#8221;uncode-palette&#8221;][vc_column width=&#8221;1\/1&#8243;][vc_custom_heading uncode_shortcode_id=&#8221;609551&#8243;]Podaci o izdava\u010du[\/vc_custom_heading][vc_column_text uncode_shortcode_id=&#8221;112995&#8243;]Pravna obavijest za Dinopark Funtana (Marton Koncept doo):<\/p>\n<p><strong>Podaci o tvrtki prema hrvatskom trgova\u010dkom pravu:<\/strong><\/p>\n<p>Marton Koncept doo<\/p>\n<p>Ul. Matije Gupca odv. 1<\/p>\n<p>49282, Konj\u0161\u010dina<\/p>\n<p>Hrvatska<\/p>\n<p>OIB: 87754784464<\/p>\n<p><!-- notionvc: 907ee263-2cfe-414b-87fe-6097d81e6b34 --><strong>Podaci za kontakt:<\/strong><\/p>\n<p>Tel.: +385 52 445 327<\/p>\n<p>Email: info[at] <a href=\"http:\/\/dinopark.hr\/\" target=\"_blank\" rel=\"noopener\">dinopark.hr<\/a><\/p>\n<p><strong>Mre\u017eno rje\u0161avanje sporova:<\/strong><\/p>\n<p>Europska komisija nudi platformu za online rje\u0161avanje sporova (ODR): <a href=\"https:\/\/ec.europa.eu\/consumers\/odr\" target=\"_new\" rel=\"noopener\">https:\/\/ec.europa.eu\/consumers\/odr<\/a> . Na\u0161a adresa e-po\u0161te navedena je gore.<\/p>\n<p>Nismo obavezni sudjelovati u postupcima rje\u0161avanja sporova pred potro\u0161a\u010dkom arbitra\u017eom.<\/p>\n<p><strong>Odgovornost za sadr\u017eaj:<\/strong><\/p>\n<p>Kao pru\u017eatelj usluga odgovorni smo za vlastiti sadr\u017eaj na ovim stranicama prema op\u0107im zakonima. Me\u0111utim, nismo obvezni nadzirati prenesene ili pohranjene vanjske informacije ili istra\u017eivati \u200b\u200bokolnosti koje ukazuju na nezakonite aktivnosti.<\/p>\n<p>Obveze uklanjanja ili blokiranja kori\u0161tenja informacija prema op\u0107im zakonima ostaju nepromijenjene. Me\u0111utim, odgovornost u tom pogledu mogu\u0107a je tek od trenutka saznanja za konkretnu povredu. Nakon obavijesti o takvim kr\u0161enjima, odmah \u0107emo ukloniti ovaj sadr\u017eaj.<\/p>\n<p><strong>Odgovornost za vezu:<\/strong><\/p>\n<p>Na\u0161a ponuda uklju\u010duje poveznice na vanjske web stranice tre\u0107ih strana, nad \u010dijim sadr\u017eajem nemamo kontrolu. Stoga ne mo\u017eemo preuzeti nikakvu odgovornost za ove vanjske sadr\u017eaje. Odgovaraju\u0107i pru\u017eatelj ili operater stranica uvijek je odgovoran za sadr\u017eaj povezanih stranica. Povezane stranice su provjerene zbog mogu\u0107ih zakonskih povreda u vrijeme povezivanja. Ilegalan sadr\u017eaj nije bio prepoznatljiv u trenutku povezivanja.<\/p>\n<p>Stalno pra\u0107enje sadr\u017eaja povezanih stranica je neopravdano bez konkretnih dokaza o kr\u0161enju zakona. Nakon obavijesti o kr\u0161enjima, odmah \u0107emo ukloniti takve poveznice.<\/p>\n<p><strong>Autorska prava:<\/strong><\/p>\n<p>Sadr\u017eaj i radovi koje su izradili operateri stranica na ovim stranicama podlije\u017eu hrvatskom zakonu o autorskim pravima. Umno\u017eavanje, obrada, distribucija i bilo koja vrsta kori\u0161tenja izvan granica zakona o autorskim pravima zahtijeva pisani pristanak doti\u010dnog autora ili kreatora. Preuzimanja i kopije ove stranice dopu\u0161tene su samo za privatnu, nekomercijalnu upotrebu.<\/p>\n<p>Ako sadr\u017eaj na ovim stranicama nije kreirao operater, po\u0161tuju se autorska prava tre\u0107ih strana. Konkretno, sadr\u017eaj tre\u0107e strane identificiran je kao takav. Ukoliko ipak saznate za kr\u0161enje autorskih prava, molimo da nas o tome obavijestite. Nakon obavijesti o kr\u0161enjima, odmah \u0107emo ukloniti takav sadr\u017eaj.[\/vc_column_text][vc_empty_space empty_h=&#8221;5&#8243;][\/vc_column][\/vc_row]<\/p>\n<\/div>","protected":false},"excerpt":{"rendered":"<p>[vc_row unlock_row_content=&#8221;yes&#8221; row_height_percent=&#8221;0&#8243; override_padding=&#8221;yes&#8221; h_padding=&#8221;0&#8243; top_padding=&#8221;0&#8243; bottom_padding=&#8221;0&#8243; overlay_alpha=&#8221;50&#8243; equal_height=&#8221;yes&#8221; gutter_size=&#8221;0&#8243; column_width_percent=&#8221;100&#8243; shift_y=&#8221;0&#8243; z_index=&#8221;0&#8243; uncode_shortcode_id=&#8221;482284&#8243;][vc_column column_width_percent=&#8221;100&#8243; gutter_size=&#8221;3&#8243; back_image=&#8221;135552&#8243; overlay_alpha=&#8221;50&#8243; shift_x=&#8221;0&#8243; shift_y=&#8221;0&#8243; [&hellip;]<\/p>\n","protected":false},"author":1,"featured_media":0,"parent":0,"menu_order":0,"comment_status":"closed","ping_status":"closed","template":"","meta":{"two_page_speed":[],"footnotes":""},"class_list":["post-135772","page","type-page","status-publish","hentry"],"_links":{"self":[{"href":"https:\/\/dinopark-funtana.com\/hr\/wp-json\/wp\/v2\/pages\/135772","targetHints":{"allow":["GET"]}}],"collection":[{"href":"https:\/\/dinopark-funtana.com\/hr\/wp-json\/wp\/v2\/pages"}],"about":[{"href":"https:\/\/dinopark-funtana.com\/hr\/wp-json\/wp\/v2\/types\/page"}],"author":[{"embeddable":true,"href":"https:\/\/dinopark-funtana.com\/hr\/wp-json\/wp\/v2\/users\/1"}],"replies":[{"embeddable":true,"href":"https:\/\/dinopark-funtana.com\/hr\/wp-json\/wp\/v2\/comments?post=135772"}],"version-history":[{"count":7,"href":"https:\/\/dinopark-funtana.com\/hr\/wp-json\/wp\/v2\/pages\/135772\/revisions"}],"predecessor-version":[{"id":136809,"href":"https:\/\/dinopark-funtana.com\/hr\/wp-json\/wp\/v2\/pages\/135772\/revisions\/136809"}],"wp:attachment":[{"href":"https:\/\/dinopark-funtana.com\/hr\/wp-json\/wp\/v2\/media?parent=135772"}],"curies":[{"name":"wp","href":"https:\/\/api.w.org\/{rel}","templated":true}]}}