{"id":133134,"date":"2024-03-01T12:06:57","date_gmt":"2024-03-01T11:06:57","guid":{"rendered":"https:\/\/dinopark-funtana.com\/gastronomie\/"},"modified":"2025-03-09T12:39:29","modified_gmt":"2025-03-09T11:39:29","slug":"gastronomie","status":"publish","type":"page","link":"https:\/\/dinopark-funtana.com\/hr\/gastronomie\/","title":{"rendered":"Gastronomija"},"content":{"rendered":"<div class=\"wpb-content-wrapper\"><p>[vc_row row_height_percent=&#8221;61&#8243; override_padding=&#8221;yes&#8221; h_padding=&#8221;2&#8243; top_padding=&#8221;5&#8243; bottom_padding=&#8221;5&#8243; back_image=&#8221;132356&#8243; overlay_alpha=&#8221;0&#8243; gutter_size=&#8221;3&#8243; column_width_percent=&#8221;100&#8243; shift_y=&#8221;0&#8243; z_index=&#8221;0&#8243; top_divider=&#8221;gradient&#8221; uncode_shortcode_id=&#8221;213088&#8243; overlay_color_type=&#8221;uncode-solid&#8221; overlay_color_solid=&#8221;#eee8ce&#8221;][vc_column column_width_percent=&#8221;100&#8243; position_vertical=&#8221;middle&#8221; align_horizontal=&#8221;align_center&#8221; gutter_size=&#8221;2&#8243; style=&#8221;light&#8221; overlay_alpha=&#8221;50&#8243; shift_x=&#8221;0&#8243; shift_y=&#8221;0&#8243; shift_y_down=&#8221;0&#8243; z_index=&#8221;0&#8243; medium_width=&#8221;0&#8243; mobile_width=&#8221;0&#8243; width=&#8221;1\/1&#8243; uncode_shortcode_id=&#8221;186390&#8243;][vc_empty_space][\/vc_column][\/vc_row][vc_row row_height_percent=&#8221;0&#8243; back_image=&#8221;132914&#8243; overlay_alpha=&#8221;50&#8243; gutter_size=&#8221;3&#8243; column_width_percent=&#8221;100&#8243; shift_y=&#8221;0&#8243; z_index=&#8221;0&#8243; uncode_shortcode_id=&#8221;160013&#8243;][vc_column width=&#8221;1\/1&#8243;][vc_custom_heading text_color=&#8221;accent&#8221; heading_semantic=&#8221;h1&#8243; text_size=&#8221;fontsize-434942&#8243; text_transform=&#8221;uppercase&#8221; uncode_shortcode_id=&#8221;307198&#8243; text_color_type=&#8221;uncode-palette&#8221;]Gastronomski i obiteljski restorani[\/vc_custom_heading][vc_column_text uncode_shortcode_id=&#8221;392161&#8243;]U Dinoparku Funtana ve\u010derati s mali\u0161anima je jednostavno i zabavno! Dok djeca u\u017eivaju u igri vida, roditelji se mogu opustiti uz osvje\u017eavaju\u0107a pi\u0107a ili kavu. Na\u0161 jelovnik ima sve\u2014zdrave salate, pizzu i hamburgere omiljene klincima, plus slastice s dinosaurima, sladolede i grickalice. Savr\u0161en za cijelu obitelj![\/vc_column_text][\/vc_column][\/vc_row][vc_row unlock_row_content=&#8221;yes&#8221; row_height_percent=&#8221;0&#8243; override_padding=&#8221;yes&#8221; h_padding=&#8221;3&#8243; top_padding=&#8221;2&#8243; bottom_padding=&#8221;2&#8243; back_image=&#8221;132914&#8243; overlay_alpha=&#8221;50&#8243; gutter_size=&#8221;2&#8243; column_width_percent=&#8221;100&#8243; shift_y=&#8221;0&#8243; z_index=&#8221;0&#8243; content_parallax=&#8221;0&#8243; uncode_shortcode_id=&#8221;589714&#8243;][vc_column column_width_percent=&#8221;100&#8243; gutter_size=&#8221;4&#8243; overlay_alpha=&#8221;50&#8243; shift_x=&#8221;0&#8243; shift_y=&#8221;0&#8243; shift_y_down=&#8221;0&#8243; z_index=&#8221;0&#8243; medium_width=&#8221;0&#8243; mobile_width=&#8221;0&#8243; width=&#8221;1\/1&#8243;][uncode_index el_id=&#8221;index-8500283-588&#8243; isotope_mode=&#8221;fitRows&#8221; loop=&#8221;size:52|order_by:date|post_type:portfolio|tax_query:127|taxonomy_count:10&#8243; screen_lg=&#8221;1200&#8243; screen_md=&#8221;600&#8243; screen_sm=&#8221;240&#8243; gutter_size=&#8221;2&#8243; post_items=&#8221;media|featured|onpost|poster,date,title,text|excerpt|90,category|bordered|topright|hide-icon&#8221; infinite=&#8221;yes&#8221; infinite_button=&#8221;yes&#8221; infinite_button_shape=&#8221;btn-circle&#8221; single_text=&#8221;overlay&#8221; single_width=&#8221;3&#8243; images_size=&#8221;four-three&#8221; single_shape=&#8221;round&#8221; radius=&#8221;std&#8221; single_overlay_color=&#8221;color-jevc&#8221; single_overlay_coloration=&#8221;bottom_gradient&#8221; single_overlay_opacity=&#8221;85&#8243; single_overlay_visible=&#8221;yes&#8221; single_text_visible=&#8221;yes&#8221; single_image_anim=&#8221;no&#8221; single_v_position=&#8221;bottom&#8221; single_padding=&#8221;1&#8243; single_title_dimension=&#8221;h6&#8243; single_title_scale_mobile=&#8221;no&#8221; single_text_lead=&#8221;yes&#8221; single_border=&#8221;yes&#8221; single_css_animation=&#8221;bottom-t-top&#8221; single_animation_delay=&#8221;200&#8243; uncode_shortcode_id=&#8221;152551&#8243; infinite_button_text=&#8221;Show more&#8221; infinite_button_color_type=&#8221;uncode-solid&#8221; infinite_button_color_solid=&#8221;#ff7a00&#8243;][\/vc_column][\/vc_row][vc_row row_height_percent=&#8221;0&#8243; back_image=&#8221;132914&#8243; overlay_alpha=&#8221;50&#8243; gutter_size=&#8221;3&#8243; column_width_percent=&#8221;100&#8243; shift_y=&#8221;0&#8243; z_index=&#8221;0&#8243; uncode_shortcode_id=&#8221;160013&#8243;][vc_column width=&#8221;1\/1&#8243;][vc_custom_heading text_color=&#8221;accent&#8221; text_size=&#8221;fontsize-434942&#8243; text_transform=&#8221;uppercase&#8221; uncode_shortcode_id=&#8221;125123&#8243; text_color_type=&#8221;uncode-palette&#8221;]Gastronomija u Dinoparku[\/vc_custom_heading][vc_column_text uncode_shortcode_id=&#8221;149498&#8243;]U Dinoparku Funtana vrijeme obroka \u010dinimo jednako uzbudljivim i bez stresa kao i ostatak va\u0161e avanture. Uz fleksibilne opcije dizajnirane za sve uzraste, stvorili smo iskustvo objedovanja koje je prakti\u010dno, ukusno i savr\u0161eno za stvaranje obiteljskih uspomena. <\/p>\n<h4><strong>Za\u0161to obitelji vole objedovati s nama<\/strong><\/h4>\n<ul>\n<li><strong>Raznovrsni jelovnici<\/strong> : u\u017eivajte u hranjivim obrocima, omiljenim jelima za djecu poput pizze i hamburgera, plus sladoledima i slasticama s temom dinosaura.<\/li>\n<li><strong>Prakti\u010dnost<\/strong> : restorani su smje\u0161teni po cijelom parku, \u0161to olak\u0161ava obroke bez stresa.<\/li>\n<li><strong>Tematska zabava<\/strong> : blagovaonice inspirirane dinosaurima pokre\u0107u dje\u010dju ma\u0161tu dok se roditelji opu\u0161taju.<\/li>\n<li><strong>Dodaci prikladni za djecu<\/strong> : Bojanke, igrali\u0161ta i zabavne aktivnosti usre\u0107uju i zabavljaju mali\u0161ane.<\/li>\n<li><strong>Ponesite svoje grickalice<\/strong> : Vi\u0161e volite vlastiti piknik? Pokrivamo vas! Odmorite se za na\u0161im sjenovitim \u0161umskim stolovima, savr\u0161enim za opu\u0161tanje zajedno kao obitelj.  <\/li>\n<\/ul>\n<p>[\/vc_column_text][\/vc_column][\/vc_row]<\/p>\n<\/div>","protected":false},"excerpt":{"rendered":"<p>[vc_row row_height_percent=&#8221;61&#8243; override_padding=&#8221;yes&#8221; h_padding=&#8221;2&#8243; top_padding=&#8221;5&#8243; bottom_padding=&#8221;5&#8243; back_image=&#8221;132356&#8243; overlay_alpha=&#8221;0&#8243; gutter_size=&#8221;3&#8243; column_width_percent=&#8221;100&#8243; shift_y=&#8221;0&#8243; z_index=&#8221;0&#8243; top_divider=&#8221;gradient&#8221; uncode_shortcode_id=&#8221;213088&#8243; overlay_color_type=&#8221;uncode-solid&#8221; overlay_color_solid=&#8221;#eee8ce&#8221;][vc_column column_width_percent=&#8221;100&#8243; position_vertical=&#8221;middle&#8221; align_horizontal=&#8221;align_center&#8221; gutter_size=&#8221;2&#8243; [&hellip;]<\/p>\n","protected":false},"author":2,"featured_media":133439,"parent":0,"menu_order":0,"comment_status":"closed","ping_status":"closed","template":"","meta":{"two_page_speed":[],"footnotes":""},"class_list":["post-133134","page","type-page","status-publish","has-post-thumbnail","hentry"],"_links":{"self":[{"href":"https:\/\/dinopark-funtana.com\/hr\/wp-json\/wp\/v2\/pages\/133134","targetHints":{"allow":["GET"]}}],"collection":[{"href":"https:\/\/dinopark-funtana.com\/hr\/wp-json\/wp\/v2\/pages"}],"about":[{"href":"https:\/\/dinopark-funtana.com\/hr\/wp-json\/wp\/v2\/types\/page"}],"author":[{"embeddable":true,"href":"https:\/\/dinopark-funtana.com\/hr\/wp-json\/wp\/v2\/users\/2"}],"replies":[{"embeddable":true,"href":"https:\/\/dinopark-funtana.com\/hr\/wp-json\/wp\/v2\/comments?post=133134"}],"version-history":[{"count":10,"href":"https:\/\/dinopark-funtana.com\/hr\/wp-json\/wp\/v2\/pages\/133134\/revisions"}],"predecessor-version":[{"id":136926,"href":"https:\/\/dinopark-funtana.com\/hr\/wp-json\/wp\/v2\/pages\/133134\/revisions\/136926"}],"wp:featuredmedia":[{"embeddable":true,"href":"https:\/\/dinopark-funtana.com\/hr\/wp-json\/wp\/v2\/media\/133439"}],"wp:attachment":[{"href":"https:\/\/dinopark-funtana.com\/hr\/wp-json\/wp\/v2\/media?parent=133134"}],"curies":[{"name":"wp","href":"https:\/\/api.w.org\/{rel}","templated":true}]}}