{"id":133013,"date":"2024-02-28T11:43:32","date_gmt":"2024-02-28T10:43:32","guid":{"rendered":"https:\/\/dinopark-funtana.com\/anfahrt\/"},"modified":"2025-03-09T12:37:18","modified_gmt":"2025-03-09T11:37:18","slug":"anfahrt","status":"publish","type":"page","link":"https:\/\/dinopark-funtana.com\/hr\/anfahrt\/","title":{"rendered":"Upute"},"content":{"rendered":"<div class=\"wpb-content-wrapper\"><p>[vc_row row_height_percent=&#8221;61&#8243; override_padding=&#8221;yes&#8221; h_padding=&#8221;2&#8243; top_padding=&#8221;5&#8243; bottom_padding=&#8221;5&#8243; back_image=&#8221;133331&#8243; overlay_alpha=&#8221;50&#8243; gutter_size=&#8221;3&#8243; column_width_percent=&#8221;100&#8243; shift_y=&#8221;0&#8243; z_index=&#8221;0&#8243; top_divider=&#8221;gradient&#8221; uncode_shortcode_id=&#8221;153585&#8243;][vc_column column_width_percent=&#8221;100&#8243; position_vertical=&#8221;middle&#8221; gutter_size=&#8221;2&#8243; style=&#8221;dark&#8221; overlay_alpha=&#8221;50&#8243; shift_x=&#8221;0&#8243; shift_y=&#8221;0&#8243; shift_y_down=&#8221;0&#8243; z_index=&#8221;0&#8243; medium_width=&#8221;0&#8243; mobile_width=&#8221;0&#8243; width=&#8221;1\/1&#8243;][vc_empty_space][\/vc_column][\/vc_row][vc_row unlock_row_content=&#8221;yes&#8221; row_height_percent=&#8221;0&#8243; override_padding=&#8221;yes&#8221; h_padding=&#8221;4&#8243; top_padding=&#8221;3&#8243; bottom_padding=&#8221;2&#8243; back_image=&#8221;132914&#8243; overlay_alpha=&#8221;50&#8243; gutter_size=&#8221;3&#8243; column_width_percent=&#8221;100&#8243; shift_y=&#8221;0&#8243; z_index=&#8221;0&#8243; uncode_shortcode_id=&#8221;365118&#8243;][vc_column width=&#8221;1\/3&#8243;][vc_custom_heading text_font=&#8221;font-113968&#8243; text_size=&#8221;fontsize-302070&#8243; text_transform=&#8221;uppercase&#8221; uncode_shortcode_id=&#8221;473108&#8243; text_color_type=&#8221;uncode-solid&#8221; text_color_solid=&#8221;#405727&#8243;]Evo kako do\u0107i do Dinoparka Funtana![\/vc_custom_heading][\/vc_column][vc_column width=&#8221;2\/3&#8243;][vc_custom_heading text_color=&#8221;accent&#8221; text_font=&#8221;font-113968&#8243; text_size=&#8221;h4&#8243; text_transform=&#8221;uppercase&#8221; uncode_shortcode_id=&#8221;199309&#8243; text_color_type=&#8221;uncode-palette&#8221;]Upute do Dinoparka Funtana[\/vc_custom_heading][vc_column_text text_lead=&#8221;yes&#8221; text_color=&#8221;color-jevc&#8221; uncode_shortcode_id=&#8221;170186&#8243; text_color_type=&#8221;uncode-palette&#8221;]Dinopark Funtana, smje\u0161ten u Funtani, u Istri, izme\u0111u Pore\u010da i Rovinja, va\u0161a je ultimativna obiteljska avanturisti\u010dka destinacija. Slijedite na\u0161e jednostavne upute i po\u010dnite stvarati nezaboravne uspomene![\/vc_column_text][vc_button radius=&#8221;btn-circle&#8221; border_width=&#8221;0&#8243; scale_mobile=&#8221;no&#8221; link=&#8221;url:https%3A%2F%2Fg.page%2FDinoparkFuntana%3Fshare|target:_blank|&#8221; button_color_type=&#8221;uncode-solid&#8221; uncode_shortcode_id=&#8221;113343&#8243; button_color_solid=&#8221;#ff7a00&#8243;]Google karte[\/vc_button][\/vc_column][\/vc_row][vc_row row_height_percent=&#8221;0&#8243; override_padding=&#8221;yes&#8221; h_padding=&#8221;2&#8243; top_padding=&#8221;0&#8243; bottom_padding=&#8221;2&#8243; back_image=&#8221;132914&#8243; overlay_alpha=&#8221;50&#8243; gutter_size=&#8221;3&#8243; column_width_percent=&#8221;100&#8243; shift_y=&#8221;0&#8243; z_index=&#8221;0&#8243; uncode_shortcode_id=&#8221;190662&#8243;][vc_column column_width_use_pixel=&#8221;yes&#8221; gutter_size=&#8221;3&#8243; override_padding=&#8221;yes&#8221; column_padding=&#8221;3&#8243; back_color=&#8221;color-xsdn&#8221; overlay_alpha=&#8221;50&#8243; radius=&#8221;std&#8221; shift_x=&#8221;0&#8243; shift_y=&#8221;0&#8243; shift_y_down=&#8221;0&#8243; z_index=&#8221;0&#8243; medium_width=&#8221;0&#8243; mobile_width=&#8221;0&#8243; width=&#8221;1\/1&#8243; column_width_pixel=&#8221;600&#8243;][vc_row_inner limit_content=&#8221;&#8221;][vc_column_inner column_width_percent=&#8221;100&#8243; align_horizontal=&#8221;align_center&#8221; gutter_size=&#8221;3&#8243; overlay_alpha=&#8221;50&#8243; shift_x=&#8221;0&#8243; shift_y=&#8221;0&#8243; shift_y_down=&#8221;0&#8243; z_index=&#8221;0&#8243; medium_width=&#8221;0&#8243; mobile_width=&#8221;0&#8243; width=&#8221;1\/1&#8243;][vc_custom_heading text_font=&#8221;font-113968&#8243; text_size=&#8221;h1&#8243; text_transform=&#8221;uppercase&#8221; uncode_shortcode_id=&#8221;630487&#8243; text_color_type=&#8221;uncode-solid&#8221; text_color_solid=&#8221;#405727&#8243;]Nekoliko smjerova[\/vc_custom_heading][\/vc_column_inner][\/vc_row_inner][vc_accordion gutter_simple=&#8221;0&#8243; active_tab=&#8221;0&#8243; uncode_shortcode_id=&#8221;640855&#8243;][vc_accordion_tab icon=&#8221;fa fa-automobile&#8221; gutter_size=&#8221;2&#8243; column_padding=&#8221;2&#8243; title=&#8221;Automobilom&#8221; tab_id=&#8221;d21d5937-3bb0-21555678914001&#8243;][vc_column_text uncode_shortcode_id=&#8221;498451&#8243;]S autoceste A9 iza\u0111i na izlaz 5 Baderna \/ Pore\u010d. Prati D302 do prvog ve\u0107eg kru\u017enog toka. Ovdje iza\u0111i na 3. izlazu i slijedi putokaze za Vrsar\/Funtanu. Ostani na glavnoj cesti cca. 7 km i prolazi kroz centar Funtane. Pred sam kraj sela u smjeru Vrsara s desne strane nalazi se Dinopark. Skreni desno na na\u0161e besplatno parkirali\u0161te.[\/vc_column_text][vc_button radius=&#8221;btn-circle&#8221; border_width=&#8221;0&#8243; link=&#8221;url:https%3A%2F%2Fg.page%2FDinoparkFuntana%3Fshare|target:_blank|&#8221; button_color_type=&#8221;uncode-solid&#8221; uncode_shortcode_id=&#8221;110568&#8243; button_color_solid=&#8221;#ff7a00&#8243;]Google karte[\/vc_button][\/vc_accordion_tab][vc_accordion_tab icon=&#8221;fa fa-bicycle2&#8243; gutter_size=&#8221;2&#8243; column_padding=&#8221;2&#8243; title=&#8221;Biciklom&#8221; tab_id=&#8221;6dad8f3c-7309-81555678914001&#8243;][vc_column_text uncode_shortcode_id=&#8221;209882&#8243;]Imamo dovoljno parkirali\u0161nih mjesta za bicikle i rado vidimo posjetitelje koji dolaze biciklima jer su mogu\u0107nosti parkiranja za automobile ograni\u010dene. Od Pore\u010da vodi lijepa asfaltirana biciklisti\u010dka staza direktno uz obalu do Funtane. Ova staza vodi te kroz nekoliko kampova i pored raznih atrakcija. Iz smjera Vrsara vodi te asfaltirana biciklisti\u010dka staza uz glavnu cestu do ulaza u Funtanu, gdje \u0107e\u0161 neizostavno primijetiti Dinopark s lijeve strane.[\/vc_column_text][\/vc_accordion_tab][vc_accordion_tab icon=&#8221;fa fa-cab&#8221; gutter_size=&#8221;2&#8243; column_padding=&#8221;2&#8243; title=&#8221;Taksijem&#8221; tab_id=&#8221;9346230d-a835-91555678914001&#8243;][vc_button button_color=&#8221;color-210407&#8243; radius=&#8221;btn-circle&#8221; wide=&#8221;yes&#8221; border_width=&#8221;0&#8243; uncode_shortcode_id=&#8221;156431&#8243; button_color_type=&#8221;uncode-palette&#8221; link=&#8221;url:tel%3A0038598806124|target:_blank|&#8221;]Umag Taxi Rade\u010di\u0107[\/vc_button][vc_button button_color=&#8221;color-210407&#8243; radius=&#8221;btn-circle&#8221; wide=&#8221;yes&#8221; border_width=&#8221;0&#8243; uncode_shortcode_id=&#8221;104269&#8243; button_color_type=&#8221;uncode-palette&#8221; link=&#8221;url:tel%3A0038598806124|target:_blank|&#8221;]Novigrad Taxi Rade\u010di\u0107[\/vc_button][vc_button button_color=&#8221;color-210407&#8243; radius=&#8221;btn-circle&#8221; wide=&#8221;yes&#8221; border_width=&#8221;0&#8243; uncode_shortcode_id=&#8221;165014&#8243; button_color_type=&#8221;uncode-palette&#8221; link=&#8221;url:tel%3A00385914011711|target:_blank|&#8221;]Pore\u010d Taxi Istra[\/vc_button][vc_button button_color=&#8221;color-210407&#8243; radius=&#8221;btn-circle&#8221; wide=&#8221;yes&#8221; border_width=&#8221;0&#8243; uncode_shortcode_id=&#8221;157541&#8243; button_color_type=&#8221;uncode-palette&#8221; link=&#8221;url:tel%3A00385998279593|target:_blank|&#8221;]Rovinj Transfer by Marin[\/vc_button][vc_button button_color=&#8221;color-210407&#8243; radius=&#8221;btn-circle&#8221; wide=&#8221;yes&#8221; border_width=&#8221;0&#8243; uncode_shortcode_id=&#8221;193549&#8243; button_color_type=&#8221;uncode-palette&#8221; link=&#8221;url:tel%3A00385981662860|target:_blank|&#8221;]Pula Taxi Edi[\/vc_button][\/vc_accordion_tab][vc_accordion_tab icon=&#8221;fa fa-bus&#8221; gutter_size=&#8221;2&#8243; column_padding=&#8221;2&#8243; title=&#8221;Javnim prijevozom&#8221; tab_id=&#8221;1555679162900-3-1&#8243;][vc_column_text uncode_shortcode_id=&#8221;927318&#8243;]Bilo da ska\u010de\u0161 u lokalni autobus, vozi\u0161 se slikovitim rutama od Pore\u010da do Funtane i Vrsara ili se odlu\u010di\u0161 za prostrani taksi za smje\u0161taj cijele posade, tvoje putovanje do nas obe\u0107ava da \u0107e biti bez muke. Za one koji dolaze iz daljine, regionalni autobusi povezuju ve\u0107e gradove poput Rovinja izravno s Pore\u010dom, \u010dine\u0107i va\u0161u vezu s Funtanom lak\u0161om. <strong><span style=\"color: #339966;\"><a style=\"color: #339966;\" href=\"https:\/\/www.putovnica.net\/prijevoz\/autobus-porec-funtana-vozni-red-cijena\" target=\"_blank\" rel=\"noopener\">Ovdje \u0107ete prona\u0107i informacije o lokalnim autobusnim vezama (Pore\u010d &#8211; Funtana &#8211; Vrsar)<\/a><\/span><\/strong> . Regionalni autobusi voze iz svih ve\u0107ih gradova (npr. Rovinj) do Pore\u010da. <strong><span style=\"color: #339966;\"><a style=\"color: #339966;\" href=\"https:\/\/www.buscroatia.com\/de\/bus-rovinj-porec\/\" target=\"_blank\" rel=\"noopener\">Vi\u0161e informacija o regionalnim vezama.<\/a><\/span><\/strong>[\/vc_column_text][\/vc_accordion_tab][\/vc_accordion][\/vc_column][\/vc_row]<\/p>\n<\/div>","protected":false},"excerpt":{"rendered":"<p>[vc_row row_height_percent=&#8221;61&#8243; override_padding=&#8221;yes&#8221; h_padding=&#8221;2&#8243; top_padding=&#8221;5&#8243; bottom_padding=&#8221;5&#8243; back_image=&#8221;133331&#8243; overlay_alpha=&#8221;50&#8243; gutter_size=&#8221;3&#8243; column_width_percent=&#8221;100&#8243; shift_y=&#8221;0&#8243; z_index=&#8221;0&#8243; top_divider=&#8221;gradient&#8221; uncode_shortcode_id=&#8221;153585&#8243;][vc_column column_width_percent=&#8221;100&#8243; position_vertical=&#8221;middle&#8221; gutter_size=&#8221;2&#8243; style=&#8221;dark&#8221; overlay_alpha=&#8221;50&#8243; shift_x=&#8221;0&#8243; [&hellip;]<\/p>\n","protected":false},"author":2,"featured_media":133332,"parent":0,"menu_order":0,"comment_status":"closed","ping_status":"closed","template":"","meta":{"two_page_speed":[],"footnotes":""},"class_list":["post-133013","page","type-page","status-publish","has-post-thumbnail","hentry"],"_links":{"self":[{"href":"https:\/\/dinopark-funtana.com\/hr\/wp-json\/wp\/v2\/pages\/133013","targetHints":{"allow":["GET"]}}],"collection":[{"href":"https:\/\/dinopark-funtana.com\/hr\/wp-json\/wp\/v2\/pages"}],"about":[{"href":"https:\/\/dinopark-funtana.com\/hr\/wp-json\/wp\/v2\/types\/page"}],"author":[{"embeddable":true,"href":"https:\/\/dinopark-funtana.com\/hr\/wp-json\/wp\/v2\/users\/2"}],"replies":[{"embeddable":true,"href":"https:\/\/dinopark-funtana.com\/hr\/wp-json\/wp\/v2\/comments?post=133013"}],"version-history":[{"count":10,"href":"https:\/\/dinopark-funtana.com\/hr\/wp-json\/wp\/v2\/pages\/133013\/revisions"}],"predecessor-version":[{"id":136919,"href":"https:\/\/dinopark-funtana.com\/hr\/wp-json\/wp\/v2\/pages\/133013\/revisions\/136919"}],"wp:featuredmedia":[{"embeddable":true,"href":"https:\/\/dinopark-funtana.com\/hr\/wp-json\/wp\/v2\/media\/133332"}],"wp:attachment":[{"href":"https:\/\/dinopark-funtana.com\/hr\/wp-json\/wp\/v2\/media?parent=133013"}],"curies":[{"name":"wp","href":"https:\/\/api.w.org\/{rel}","templated":true}]}}