{"id":154177,"date":"2025-03-27T15:55:40","date_gmt":"2025-03-27T14:55:40","guid":{"rendered":"https:\/\/dinopark-funtana.com\/?page_id=154177"},"modified":"2026-04-04T11:13:37","modified_gmt":"2026-04-04T09:13:37","slug":"offizielle-dinopark-funtana-tickets","status":"publish","type":"page","link":"https:\/\/dinopark-funtana.com\/de\/offizielle-dinopark-funtana-tickets\/","title":{"rendered":"Offizielle Dinopark Funtana Tickets"},"content":{"rendered":"<div class=\"wpb-content-wrapper\"><p>[vc_row row_height_percent=&#8220;95&#8243; override_padding=&#8220;yes&#8220; h_padding=&#8220;2&#8243; top_padding=&#8220;5&#8243; bottom_padding=&#8220;5&#8243; back_image=&#8220;155901&#8243; back_position=&#8220;center top&#8220; overlay_alpha=&#8220;50&#8243; gutter_size=&#8220;3&#8243; column_width_percent=&#8220;100&#8243; shift_y=&#8220;0&#8243; z_index=&#8220;0&#8243; top_divider=&#8220;gradient&#8220; mobile_visibility=&#8220;yes&#8220; content_parallax=&#8220;0&#8243; uncode_shortcode_id=&#8220;342965&#8243;][vc_column column_width_percent=&#8220;100&#8243; position_vertical=&#8220;middle&#8220; align_horizontal=&#8220;align_center&#8220; gutter_size=&#8220;2&#8243; style=&#8220;dark&#8220; overlay_alpha=&#8220;50&#8243; shift_x=&#8220;0&#8243; shift_y=&#8220;0&#8243; shift_y_down=&#8220;0&#8243; z_index=&#8220;0&#8243; medium_width=&#8220;0&#8243; mobile_width=&#8220;0&#8243; width=&#8220;1\/1&#8243; uncode_shortcode_id=&#8220;144855&#8243;][vc_empty_space empty_h=&#8220;5&#8243;][vc_empty_space empty_h=&#8220;5&#8243;][\/vc_column][\/vc_row][vc_row row_height_percent=&#8220;100&#8243; override_padding=&#8220;yes&#8220; h_padding=&#8220;2&#8243; top_padding=&#8220;5&#8243; bottom_padding=&#8220;5&#8243; back_image=&#8220;155930&#8243; back_position=&#8220;center top&#8220; overlay_alpha=&#8220;50&#8243; gutter_size=&#8220;3&#8243; column_width_percent=&#8220;100&#8243; shift_y=&#8220;0&#8243; z_index=&#8220;0&#8243; top_divider=&#8220;gradient&#8220; desktop_visibility=&#8220;yes&#8220; medium_visibility=&#8220;yes&#8220; content_parallax=&#8220;0&#8243; uncode_shortcode_id=&#8220;173257&#8243;][vc_column column_width_percent=&#8220;100&#8243; position_vertical=&#8220;middle&#8220; align_horizontal=&#8220;align_center&#8220; gutter_size=&#8220;2&#8243; style=&#8220;dark&#8220; overlay_alpha=&#8220;50&#8243; shift_x=&#8220;0&#8243; shift_y=&#8220;0&#8243; shift_y_down=&#8220;0&#8243; z_index=&#8220;0&#8243; medium_width=&#8220;0&#8243; mobile_width=&#8220;0&#8243; width=&#8220;1\/1&#8243; uncode_shortcode_id=&#8220;144855&#8243;][vc_empty_space empty_h=&#8220;5&#8243;][vc_empty_space empty_h=&#8220;3&#8243;][\/vc_column][\/vc_row][vc_row row_height_percent=&#8220;0&#8243; back_image=&#8220;132914&#8243; overlay_alpha=&#8220;50&#8243; gutter_size=&#8220;3&#8243; column_width_use_pixel=&#8220;yes&#8220; shift_y=&#8220;0&#8243; z_index=&#8220;0&#8243; content_parallax=&#8220;0&#8243; uncode_shortcode_id=&#8220;172080&#8243;][vc_column column_width_percent=&#8220;100&#8243; position_vertical=&#8220;middle&#8220; align_horizontal=&#8220;align_center&#8220; gutter_size=&#8220;3&#8243; overlay_alpha=&#8220;50&#8243; shift_x=&#8220;0&#8243; shift_y=&#8220;0&#8243; shift_y_down=&#8220;0&#8243; z_index=&#8220;0&#8243; medium_width=&#8220;0&#8243; mobile_width=&#8220;0&#8243; width=&#8220;1\/1&#8243; uncode_shortcode_id=&#8220;518393&#8243;][vc_custom_heading text_color=&#8220;accent&#8220; text_size=&#8220;fontsize-302070&#8243; text_transform=&#8220;uppercase&#8220; uncode_shortcode_id=&#8220;992303&#8243; text_color_type=&#8220;uncode-palette&#8220;]Dinopark Funtana Tickets &amp; Preise[\/vc_custom_heading][vc_column_text text_lead=&#8220;yes&#8220; text_color=&#8220;color-jevc&#8220; uncode_shortcode_id=&#8220;207443&#8243; text_color_type=&#8220;uncode-palette&#8220;]<\/p>\n<p data-start=\"2695\" data-end=\"2927\">W\u00e4hrend der Discovery Weeks im April k\u00f6nnen G\u00e4ste ein besonderes Saisonstart-Erlebnis genie\u00dfen \u2013 mit spektakul\u00e4ren Live-Shows, malerischen Waldwegen, Dinosauriern, einem Kinderzoo, Ponyreiten und vielen Aktivit\u00e4ten im gesamten Park.<\/p>\n<p data-start=\"2929\" data-end=\"3189\">Derzeit sind folgende Attraktionen in Betrieb: Pirates Ahoi, Flintstone Train, Flintstone Taxi, Sky Raft und Mini Train. Weitere Fahrgesch\u00e4fte werden im Laufe der Saison hinzukommen, weshalb die Tickets aktuell zu reduzierten Vorsaisonpreisen angeboten werden.<\/p>\n<p>[\/vc_column_text][vc_button size=&#8220;btn-sm&#8220; radius=&#8220;btn-circle&#8220; outline=&#8220;yes&#8220; border_width=&#8220;0&#8243; scale_mobile=&#8220;no&#8220; link=&#8220;url:%23catalogue|title:Alle%20Ticketoptionen%20anzeigen|&#8220; button_color_type=&#8220;uncode-solid&#8220; button_color_solid=&#8220;#ff7a00&#8243; uncode_shortcode_id=&#8220;130373&#8243; icon=&#8220;fa fa-chevron-down&#8220;]Alle Ticketoptionen anzeigen[\/vc_button][vc_row_inner row_inner_height_percent=&#8220;0&#8243; overlay_alpha=&#8220;50&#8243; gutter_size=&#8220;4&#8243; shift_y=&#8220;0&#8243; z_index=&#8220;0&#8243; uncode_shortcode_id=&#8220;362948&#8243; limit_content=&#8220;&#8220;][vc_column_inner column_width_percent=&#8220;100&#8243; gutter_size=&#8220;3&#8243; overlay_alpha=&#8220;50&#8243; shift_x=&#8220;0&#8243; shift_y=&#8220;0&#8243; shift_y_down=&#8220;0&#8243; z_index=&#8220;0&#8243; medium_width=&#8220;4&#8243; mobile_width=&#8220;0&#8243; width=&#8220;1\/1&#8243; uncode_shortcode_id=&#8220;602447&#8243;][vc_custom_heading text_color=&#8220;color-210407&#8243; uncode_shortcode_id=&#8220;252214&#8243; text_color_type=&#8220;uncode-palette&#8220;]Tageskarte im April<br \/>\n(10.00 &#8211; 18.00 Uhr)[\/vc_custom_heading][vc_column_text uncode_shortcode_id=&#8220;187161&#8243;]Discovery Weeks im April 2026: Weniger Fahrgesch\u00e4fte, mehr echte Erlebnisse! Ein anderer Dinopark-Besuch \u2013 mit speziellen Preisen zum Saisonstart. Du sparst 10 \u20ac pro Ticket.[\/vc_column_text][uncode_pricing_list values=&#8220;%5B%7B%22entry%22%3A%22Erwachsene%20%22%2C%22value%22%3A%22%E2%82%AC22%22%2C%22text%22%3A%2215-64%20Jahre%22%7D%2C%7B%22entry%22%3A%22Kinder%20%22%2C%22value%22%3A%22%E2%82%AC18%22%2C%22text%22%3A%224-14%20Jahre%22%7D%2C%7B%22entry%22%3A%22Senioren%20%22%2C%22value%22%3A%22%E2%82%AC18%22%2C%22text%22%3A%2265%2B%20Jahre%22%7D%2C%7B%22entry%22%3A%22Sonderpreise%22%2C%22value%22%3A%22%E2%82%AC0%22%2C%22text%22%3A%22Menschen%20mit%20Behinderungen%2C%20Geburtstagskinder%2C%20Kleinkinder%20(0-3%20Jahre)%5CnNachweis%20erforderlich%22%7D%5D&#8220; gutter_tab_h=&#8220;2&#8243; tab_gap=&#8220;2&#8243; media_width_percent=&#8220;0&#8243; border_style=&#8220;solid&#8220; border_color=&#8220;color-uydo&#8220; text_color=&#8220;color-210407&#8243; heading_semantic=&#8220;h6&#8243; text_size=&#8220;h3&#8243; text_weight=&#8220;600&#8243; sub_lead=&#8220;yes&#8220; uncode_shortcode_id=&#8220;392688&#8243; border_color_type=&#8220;uncode-palette&#8220; text_color_type=&#8220;uncode-palette&#8220;][vc_button radius=&#8220;btn-circle&#8220; border_width=&#8220;0&#8243; scale_mobile=&#8220;no&#8220; link=&#8220;url:https%3A%2F%2Fdinopark-funtana.com%2Fde%2Ftageskarte-dinopark-funtana-produktseite%2F|title:Dinopark%20Funtana%20Tickets|&#8220; button_color_type=&#8220;uncode-solid&#8220; button_color_solid=&#8220;#ff7a00&#8243; uncode_shortcode_id=&#8220;145270&#8243;]Tagespass-Tickets kaufen[\/vc_button][\/vc_column_inner][\/vc_row_inner][\/vc_column][\/vc_row][vc_row row_height_percent=&#8220;0&#8243; override_padding=&#8220;yes&#8220; h_padding=&#8220;2&#8243; top_padding=&#8220;2&#8243; bottom_padding=&#8220;3&#8243; back_image=&#8220;132914&#8243; overlay_alpha=&#8220;50&#8243; gutter_size=&#8220;3&#8243; column_width_percent=&#8220;100&#8243; shift_y=&#8220;0&#8243; z_index=&#8220;0&#8243; content_parallax=&#8220;0&#8243; uncode_shortcode_id=&#8220;985999&#8243;][vc_column column_width_percent=&#8220;43&#8243; gutter_size=&#8220;3&#8243; overlay_alpha=&#8220;50&#8243; shift_x=&#8220;0&#8243; shift_y=&#8220;0&#8243; shift_y_down=&#8220;0&#8243; z_index=&#8220;0&#8243; medium_width=&#8220;0&#8243; mobile_width=&#8220;0&#8243; width=&#8220;1\/1&#8243; uncode_shortcode_id=&#8220;450737&#8243;][vc_accordion typography=&#8220;advanced&#8220; sign=&#8220;plus&#8220; sign_size=&#8220;md&#8220; gutter_simple=&#8220;0&#8243; active_txt_color=&#8220;color-618140&#8243; titles_size=&#8220;h3&#8243; titles_weight=&#8220;900&#8243; titles_transform=&#8220;uppercase&#8220; active_tab=&#8220;0&#8243; uncode_shortcode_id=&#8220;203431&#8243; active_txt_color_type=&#8220;uncode-palette&#8220;][vc_accordion_tab gutter_size=&#8220;0&#8243; column_padding=&#8220;0&#8243; title=&#8220;Wichtige Informationen&#8220; tab_id=&#8220;d21d5937-3bb0-2155567891400115556795059529dee-e34a16449567667991646309987868170738649330517120415953789&#8243;][vc_custom_heading text_color=&#8220;color-prif&#8220; heading_semantic=&#8220;div&#8220; text_size=&#8220;&#8220; text_weight=&#8220;500&#8243; uncode_shortcode_id=&#8220;997078&#8243; text_color_type=&#8220;uncode-palette&#8220;]Derzeit sind folgende Attraktionen in Betrieb: Pirates Ahoi, Flintstone Train, Flintstone Taxi, Sky Raft und Mini Train. Weitere Fahrgesch\u00e4fte werden im Laufe der Saison hinzukommen, weshalb die Tickets aktuell zu reduzierten Vorsaisonpreisen angeboten werden.<\/p>\n<p>&nbsp;<\/p>\n<p>Die Vorstellungszeiten k\u00f6nnen je nach Besucherzahl variieren, sind aber in der Regel wie folgt geplant:<\/p>\n<p>11:00 &#8211; Piratenshow<br \/>\n12:00 &#8211; Show Jurassica<br \/>\n15:00 &#8211; Piratenshow<br \/>\n16:00 &#8211; Show Jurassica<\/p>\n<p>An Tagen, an denen viel los ist, k\u00f6nnen zus\u00e4tzliche Shows hinzukommen.<\/p>\n<p>Den aktuellen Showplan findest du auf den Informationstafeln und Schildern im Dinopark Funtana.<\/p>\n<p>Bei schlechtem Wetter behalten wir uns das Recht vor, den Park aus Sicherheitsgr\u00fcnden ohne vorherige Ank\u00fcndigung zu schlie\u00dfen. Du wirst mit einem anderen Besuch an einem Tag deiner Wahl entsch\u00e4digt. Geld wird nicht zur\u00fcckerstattet. Bitte \u00fcberpr\u00fcfe unsere \u00d6ffnungszeiten am Abend und am Morgen vor deinem Besuch, um sicherzugehen, dass wir den Park \u00f6ffnen werden.<\/p>\n<p>Die Tickets sind zeitabh\u00e4ngig und gelten nur w\u00e4hrend der ausgew\u00e4hlten Saison. Vergewissere dich, dass du die richtigen Daten (Saison) f\u00fcr deine Besuchspl\u00e4ne ausw\u00e4hlst und mach dich bereit f\u00fcr eine Reise voller Spannung, Spa\u00df und Dinosaurier-Entdeckungen![\/vc_custom_heading][\/vc_accordion_tab][vc_accordion_tab gutter_size=&#8220;2&#8243; column_padding=&#8220;0&#8243; title=&#8220;SONDERANGEBOTE&#8220; tab_id=&#8220;9346230d-a835-9155567891400115556795059529dee-e34a16449567667991646309987868170738649330517120415953783&#8243;][vc_custom_heading text_color=&#8220;color-prif&#8220; heading_semantic=&#8220;div&#8220; text_size=&#8220;&#8220; text_weight=&#8220;500&#8243; uncode_shortcode_id=&#8220;167389&#8243; text_color_type=&#8220;uncode-palette&#8220;]<span style=\"text-decoration: underline;\"><strong>FREIER EINTRITT: (KEIN TICKET ERFORDERLICH!)<\/strong><\/span><\/p>\n<ul>\n<li>Kleinkinder (0-3 Jahre)<\/li>\n<li>Geburtstagskinder (4-14 Jahre) w\u00e4hrend des gesamten Monats, in dem sie Geburtstag haben.<\/li>\n<li>Menschen mit Behinderungen<\/li>\n<\/ul>\n<p>&nbsp;<\/p>\n<p><span style=\"text-decoration: underline;\"><strong>WEITERE ANGEBOTE:<\/strong><\/span><\/p>\n<ul>\n<li>Gruppen von 20+ Personen <a href=\"mailto:info@dinopark.hr\">(Anfrage per E-Mail hier)<\/a><\/li>\n<li>Jahreskarten k\u00f6nnen nur an unseren Ticketschaltern im Dinopark Funtana gekauft werden. Die Jahreskartenpreise f\u00fcr Kinder liegen derzeit bei 129,00 \u20ac und f\u00fcr Erwachsene bei 149,00 \u20ac.<\/li>\n<\/ul>\n<p>[\/vc_custom_heading][vc_button radius=&#8220;btn-circle&#8220; outline=&#8220;yes&#8220; border_width=&#8220;0&#8243; scale_mobile=&#8220;no&#8220; link=&#8220;url:https%3A%2F%2Fdinopark-funtana.com%2Fde%2Ftageskarte-dinopark-funtana-produktseite-3%2F|title:Dinopark%20Funtana%20Tickets|&#8220; button_color_type=&#8220;uncode-solid&#8220; button_color_solid=&#8220;#ff7a00&#8243; uncode_shortcode_id=&#8220;955799&#8243;]Saisonp\u00e4sse kaufen[\/vc_button][\/vc_accordion_tab][vc_accordion_tab gutter_size=&#8220;2&#8243; column_padding=&#8220;0&#8243; title=&#8220;Was ist inklusive?&#8220; tab_id=&#8220;9346230d-a835-9155567891400115556795059529dee-e34a164495676679916463099878681707386493305171204159537837&#8243;][vc_custom_heading text_color=&#8220;color-prif&#8220; heading_semantic=&#8220;div&#8220; text_size=&#8220;&#8220; text_weight=&#8220;500&#8243; uncode_shortcode_id=&#8220;208000&#8243; text_color_type=&#8220;uncode-palette&#8220;]<\/p>\n<p data-start=\"3191\" data-end=\"3269\">W\u00e4hrend der Discovery Weeks im April bietet der Dinopark ein anderes Erlebnis.<\/p>\n<p data-start=\"3271\" data-end=\"3565\">Der Fokus liegt auf hochwertigem Live-Entertainment \u2013 einschlie\u00dflich unserer neuen Piratenshow \u201ePirates of Funtana\u201c \u2013 kombiniert mit wundersch\u00f6nen Naturwegen, einem neuen Wasser-Themenbereich, lebensgro\u00dfen Dinosauriern, einem Kinderzoo, Ponyreiten und interaktiven Aktivit\u00e4ten im gesamten Park.<\/p>\n<p data-start=\"3567\" data-end=\"3745\">Derzeit sind folgende Attraktionen in Betrieb: Pirates Ahoi, Flintstone Train, Flintstone Taxi, Sky Raft und Mini Train. Weitere Fahrgesch\u00e4fte werden im Laufe der Saison erg\u00e4nzt.<\/p>\n<p data-start=\"3747\" data-end=\"3823\">Deshalb sind die Tickets aktuell zu reduzierten Vorsaisonpreisen erh\u00e4ltlich.<\/p>\n<p data-start=\"3825\" data-end=\"3915\">Alle Shows und Aktivit\u00e4ten sind im Ticketpreis enthalten (ausgenommen Paintball-Munition).<\/p>\n<p>[\/vc_custom_heading][\/vc_accordion_tab][vc_accordion_tab gutter_size=&#8220;2&#8243; column_padding=&#8220;0&#8243; title=&#8220;Wie kann ich Tickets kaufen?&#8220; tab_id=&#8220;9d61e73a-3a93-8&#8243;][vc_custom_heading text_color=&#8220;color-jevc&#8220; heading_semantic=&#8220;div&#8220; text_size=&#8220;&#8220; text_weight=&#8220;500&#8243; uncode_shortcode_id=&#8220;334846&#8243; text_color_type=&#8220;uncode-palette&#8220;]<\/p>\n<p data-start=\"0\" data-end=\"143\">Du kannst die Tickets online oder an unseren Eingangstoren kaufen, die um 09:45 Uhr \u00f6ffnen und um 17:00 Uhr schlie\u00dfen (Karten und Bargeld werden akzeptiert).<\/p>\n<p data-start=\"145\" data-end=\"372\" data-is-last-node=\"\" data-is-only-node=\"\">Die Online-Tickets werden nach dem Checkout an deine E-Mail-Adresse geschickt. Bitte bringe deine Tickets mit einem deutlich lesbaren QR-Code zu den Einlasskontrollen mit, damit wir die Saison, die Zeit und die Altersklasse des Ticketinhabers validieren k\u00f6nnen.<\/p>\n<p>[\/vc_custom_heading][\/vc_accordion_tab][\/vc_accordion][\/vc_column][\/vc_row][vc_row row_height_percent=&#8220;0&#8243; back_image=&#8220;132914&#8243; overlay_alpha=&#8220;50&#8243; gutter_size=&#8220;3&#8243; column_width_percent=&#8220;100&#8243; shift_y=&#8220;0&#8243; z_index=&#8220;0&#8243; content_parallax=&#8220;0&#8243; uncode_shortcode_id=&#8220;189697&#8243; row_name=&#8220;catalogue&#8220;][vc_column width=&#8220;1\/1&#8243;][vc_raw_html]JTNDcHJvZHVjdC1jYXRhbG9nLXdpZGdldCUyMHdpZGdldC1pZCUzRCUyMmYwYjVhYWEzLWVjNzMtNGY3Yy04ZmVkLWZkODg5NDIzZTY0MSUyMiUzRSUzQyUyRnByb2R1Y3QtY2F0YWxvZy13aWRnZXQlM0UlM0NzY3JpcHQlMjB0eXBlJTNEJTIydGV4dCUyRmphdmFzY3JpcHQlMjIlMjBzcmMlM0QlMjJodHRwcyUzQSUyRiUyRndpZGdldHMucmVnaW9uZG8ubmV0JTJGY2F0YWxvZyUyRnYxJTJGY2F0YWxvZy13aWRnZXQubWluLmpzJTIyJTNFJTNDJTJGc2NyaXB0JTNF[\/vc_raw_html][\/vc_column][\/vc_row]<\/p>\n<\/div>","protected":false},"excerpt":{"rendered":"<p>[vc_row row_height_percent=&#8220;95&#8243; override_padding=&#8220;yes&#8220; h_padding=&#8220;2&#8243; top_padding=&#8220;5&#8243; bottom_padding=&#8220;5&#8243; back_image=&#8220;155901&#8243; back_position=&#8220;center top&#8220; overlay_alpha=&#8220;50&#8243; gutter_size=&#8220;3&#8243; column_width_percent=&#8220;100&#8243; shift_y=&#8220;0&#8243; z_index=&#8220;0&#8243; top_divider=&#8220;gradient&#8220; mobile_visibility=&#8220;yes&#8220; content_parallax=&#8220;0&#8243; uncode_shortcode_id=&#8220;342965&#8243;][vc_column column_width_percent=&#8220;100&#8243; position_vertical=&#8220;middle&#8220; [&hellip;]<\/p>\n","protected":false},"author":2,"featured_media":0,"parent":0,"menu_order":0,"comment_status":"closed","ping_status":"closed","template":"","meta":{"two_page_speed":[],"footnotes":""},"class_list":["post-154177","page","type-page","status-publish","hentry"],"_links":{"self":[{"href":"https:\/\/dinopark-funtana.com\/de\/wp-json\/wp\/v2\/pages\/154177","targetHints":{"allow":["GET"]}}],"collection":[{"href":"https:\/\/dinopark-funtana.com\/de\/wp-json\/wp\/v2\/pages"}],"about":[{"href":"https:\/\/dinopark-funtana.com\/de\/wp-json\/wp\/v2\/types\/page"}],"author":[{"embeddable":true,"href":"https:\/\/dinopark-funtana.com\/de\/wp-json\/wp\/v2\/users\/2"}],"replies":[{"embeddable":true,"href":"https:\/\/dinopark-funtana.com\/de\/wp-json\/wp\/v2\/comments?post=154177"}],"version-history":[{"count":10,"href":"https:\/\/dinopark-funtana.com\/de\/wp-json\/wp\/v2\/pages\/154177\/revisions"}],"predecessor-version":[{"id":156065,"href":"https:\/\/dinopark-funtana.com\/de\/wp-json\/wp\/v2\/pages\/154177\/revisions\/156065"}],"wp:attachment":[{"href":"https:\/\/dinopark-funtana.com\/de\/wp-json\/wp\/v2\/media?parent=154177"}],"curies":[{"name":"wp","href":"https:\/\/api.w.org\/{rel}","templated":true}]}}