{"id":136822,"date":"2025-03-09T11:17:50","date_gmt":"2025-03-09T10:17:50","guid":{"rendered":"https:\/\/dinopark-funtana.com\/bedingungen-und-konditionen\/"},"modified":"2025-03-09T12:04:59","modified_gmt":"2025-03-09T11:04:59","slug":"bedingungen-und-konditionen","status":"publish","type":"page","link":"https:\/\/dinopark-funtana.com\/de\/bedingungen-und-konditionen\/","title":{"rendered":"Bedingungen und Konditionen"},"content":{"rendered":"<div class=\"wpb-content-wrapper\"><p>[vc_row][vc_column width=&#8220;1\/1&#8243;][vc_column_text uncode_shortcode_id=&#8220;825803&#8243;]<\/p>\n<h1 data-start=\"0\" data-end=\"45\"><strong data-start=\"2\" data-end=\"43\">Allgemeine Gesch\u00e4ftsbedingungen &#8211; Dinopark Funtana<\/strong><\/h1>\n<h2 data-start=\"47\" data-end=\"72\"><strong data-start=\"50\" data-end=\"70\">1. Allgemeine Begriffe<\/strong><\/h2>\n<p data-start=\"73\" data-end=\"296\">Diese <strong data-start=\"79\" data-end=\"101\">Allgemeinen Gesch\u00e4ftsbedingungen<\/strong> regeln den <strong data-start=\"257\" data-end=\"293\">Eintritt,<\/strong> die Nutzung und das Erlebnis im <strong data-start=\"147\" data-end=\"167\">Dinopark Funtana<\/strong>, der von <strong data-start=\"181\" data-end=\"205\">Marton Koncept d.o.o.<\/strong> betrieben wird. <\/p>\n<p data-start=\"298\" data-end=\"450\">Wir behalten uns das Recht vor, diese Bedingungen jederzeit und ohne vorherige Ank\u00fcndigung <strong data-start=\"322\" data-end=\"342\">zu aktualisieren oder zu \u00e4ndern<\/strong>. Die neueste Version wird immer auf unserer Website verf\u00fcgbar sein. <\/p>\n<h2 data-start=\"452\" data-end=\"487\"><strong data-start=\"455\" data-end=\"485\">2. Parkeintritt &amp; Rechte<\/strong><\/h2>\n<ul data-start=\"488\" data-end=\"1164\">\n<li data-start=\"488\" data-end=\"540\">Der Zutritt ist nur mit einer <strong data-start=\"521\" data-end=\"537\">g\u00fcltigen Eintrittskarte<\/strong> erlaubt.<\/li>\n<li data-start=\"541\" data-end=\"641\">Die Tickets m\u00fcssen <strong data-start=\"569\" data-end=\"609\">entweder ausgedruckt oder auf einem mobilen Ger\u00e4t<\/strong> zum Scannen am Eingang vorgelegt werden.<\/li>\n<li data-start=\"642\" data-end=\"790\">Bestimmte Attraktionen k\u00f6nnen aus Sicherheitsgr\u00fcnden <strong data-start=\"673\" data-end=\"712\">Alters-, Gr\u00f6\u00dfen- oder Gewichtsbeschr\u00e4nkungen<\/strong> haben. Bitte beachte die Richtlinien, die an der jeweiligen Attraktion ausgeh\u00e4ngt sind. <\/li>\n<li data-start=\"791\" data-end=\"996\"><strong data-start=\"793\" data-end=\"832\">Der Dinopark Funtana beh\u00e4lt sich das Recht vor<\/strong>, Besuchern den Zutritt zu verweigern oder sie <strong data-start=\"884\" data-end=\"902\">ohne Erstattung<\/strong> aus dem Park zu verweisen, wenn sie die Parkregeln nicht einhalten, sich unsicher verhalten oder andere G\u00e4ste st\u00f6ren.<\/li>\n<li data-start=\"997\" data-end=\"1164\">Zur Sicherheit aller Besucher halte dich bitte an die <strong data-start=\"1052\" data-end=\"1066\">Parkregeln<\/strong>, die du unter<br \/>\n<h3><strong><a href=\"https:\/\/dinopark-funtana.com\/de\/parkregeln-dinopark-funtana\/\" target=\"_new\" rel=\"noopener\" data-start=\"1090\" data-end=\"1161\">Parkregeln<\/a><\/strong><\/h3>\n<p>.<\/li>\n<\/ul>\n<h2 data-start=\"1166\" data-end=\"1196\"><strong data-start=\"1169\" data-end=\"1194\">3. Sicherheit &amp; Haftung<\/strong><\/h2>\n<ul data-start=\"1197\" data-end=\"1718\">\n<li data-start=\"1197\" data-end=\"1255\"><strong data-start=\"1199\" data-end=\"1253\">Besucher betreten und nutzen den Park auf eigene Gefahr.<\/strong><\/li>\n<li data-start=\"1256\" data-end=\"1342\">Die Eltern\/Erziehungsberechtigten sind daf\u00fcr verantwortlich, <strong data-start=\"1296\" data-end=\"1326\">ihre Kinder jederzeit zu beaufsichtigen<\/strong>.<\/li>\n<li data-start=\"1343\" data-end=\"1533\"><strong data-start=\"1345\" data-end=\"1384\">Der Dinopark Funtana haftet nicht<\/strong> f\u00fcr Verletzungen, Sch\u00e4den oder den Verlust von pers\u00f6nlichen Gegenst\u00e4nden, die durch <strong data-start=\"1446\" data-end=\"1530\">Fahrl\u00e4ssigkeit, Nichtbeachtung der Sicherheitsvorschriften oder unvorhergesehene Umst\u00e4nde<\/strong> verursacht wurden.<\/li>\n<li data-start=\"1534\" data-end=\"1718\">Bestimmte Attraktionen sind mit k\u00f6rperlicher Aktivit\u00e4t verbunden. G\u00e4ste mit gesundheitlichen Beschwerden, Herzproblemen, Schwangerschaft oder anderen gesundheitlichen Bedenken sollten vor der Teilnahme ihren Arzt konsultieren. <\/li>\n<\/ul>\n<h2 data-start=\"1720\" data-end=\"1765\"><strong data-start=\"1723\" data-end=\"1763\">4. Versicherung und Haftung f\u00fcr Sch\u00e4den<\/strong><\/h2>\n<ul data-start=\"1766\" data-end=\"2133\">\n<li data-start=\"1766\" data-end=\"1949\"><strong data-start=\"1768\" data-end=\"1824\">Der Dinopark Funtana bietet keinen Versicherungsschutz<\/strong> f\u00fcr Personensch\u00e4den, Unf\u00e4lle oder Sachsch\u00e4den. Die Besucher sollten sicherstellen, dass sie eine <strong data-start=\"1912\" data-end=\"1946\">angemessene pers\u00f6nliche Versicherung<\/strong> haben. <\/li>\n<li data-start=\"1950\" data-end=\"2062\">Jede <strong data-start=\"1956\" data-end=\"1983\">Besch\u00e4digung von Parkeigentum<\/strong>, die von einem Besucher verursacht wird, kann zu einer Haftung f\u00fcr Reparatur- oder Ersatzkosten f\u00fchren.<\/li>\n<li data-start=\"2063\" data-end=\"2133\">Im Falle eines Unfalls benachrichtige bitte sofort das Parkpersonal.<\/li>\n<\/ul>\n<h2 data-start=\"2135\" data-end=\"2167\"><strong data-start=\"2138\" data-end=\"2165\">5. Ticket-Erstattungsrichtlinie<\/strong><\/h2>\n<ul data-start=\"2168\" data-end=\"2452\">\n<li data-start=\"2168\" data-end=\"2241\"><strong data-start=\"2170\" data-end=\"2201\">Alle Ticketverk\u00e4ufe sind endg\u00fcltig.<\/strong> Wir bieten keine R\u00fcckerstattung oder Umtausch an.<\/li>\n<li data-start=\"2242\" data-end=\"2452\">In besonderen F\u00e4llen, einschlie\u00dflich <strong data-start=\"2272\" data-end=\"2355\">h\u00f6herer Gewalt (extremes Wetter, Naturkatastrophen oder andere unvorhergesehene Ereignisse),<\/strong> k\u00f6nnen sich Besucher an unseren <strong data-start=\"2381\" data-end=\"2401\">Kundenservice<\/strong> wenden, um Hilfe zu erhalten <strong data-start=\"2420\" data-end=\"2449\"><a rel=\"noopener\" data-start=\"2422\" data-end=\"2447\">info [@] dinopark-funtana.com<\/a><\/strong>.<\/li>\n<\/ul>\n<h2 data-start=\"2454\" data-end=\"2479\"><strong data-start=\"2457\" data-end=\"2477\">6. Sonstiges<\/strong><\/h2>\n<ul data-start=\"2480\" data-end=\"2734\">\n<li data-start=\"2480\" data-end=\"2584\">Mit dem Kauf eines Tickets best\u00e4tigst du, dass du mindestens <strong data-start=\"2540\" data-end=\"2556\">18 Jahre alt<\/strong> bist oder die Zustimmung deiner Eltern hast.<\/li>\n<li data-start=\"2585\" data-end=\"2683\">Der Weiterverkauf von Tickets zu kommerziellen Zwecken ist ohne vorherige Genehmigung <strong data-start=\"2632\" data-end=\"2655\">strengstens untersagt<\/strong>.<\/li>\n<li data-start=\"2684\" data-end=\"2734\">Im Falle von Streitigkeiten gilt das kroatische Recht.<\/li>\n<\/ul>\n<p data-start=\"2736\" data-end=\"2911\">Weitere Informationen erh\u00e4ltst du auf unserer Website oder bei unserem <strong data-start=\"2797\" data-end=\"2822\">Kundendienstteam<\/strong>. Wir freuen uns darauf, dich im <strong data-start=\"2860\" data-end=\"2880\">Dinopark Funtana<\/strong> willkommen zu hei\u00dfen und dir eine tolle Zeit zu bereiten! <\/p>\n<p data-start=\"2913\" data-end=\"2952\" data-is-last-node=\"\" data-is-only-node=\"\"><em data-start=\"2913\" data-end=\"2952\" data-is-last-node=\"\">Version: M\u00e4rz 2025. \u00c4nderungen vorbehalten. <\/em><\/p>\n<p>[\/vc_column_text][\/vc_column][\/vc_row]<\/p>\n<\/div>","protected":false},"excerpt":{"rendered":"<p>[vc_row][vc_column width=&#8220;1\/1&#8243;][vc_column_text uncode_shortcode_id=&#8220;825803&#8243;] Allgemeine Gesch\u00e4ftsbedingungen &#8211; Dinopark Funtana 1. Allgemeine Begriffe Diese Allgemeinen Gesch\u00e4ftsbedingungen regeln den Eintritt, die Nutzung und [&hellip;]<\/p>\n","protected":false},"author":1,"featured_media":0,"parent":0,"menu_order":0,"comment_status":"closed","ping_status":"closed","template":"","meta":{"two_page_speed":[],"footnotes":""},"class_list":["post-136822","page","type-page","status-publish","hentry"],"_links":{"self":[{"href":"https:\/\/dinopark-funtana.com\/de\/wp-json\/wp\/v2\/pages\/136822","targetHints":{"allow":["GET"]}}],"collection":[{"href":"https:\/\/dinopark-funtana.com\/de\/wp-json\/wp\/v2\/pages"}],"about":[{"href":"https:\/\/dinopark-funtana.com\/de\/wp-json\/wp\/v2\/types\/page"}],"author":[{"embeddable":true,"href":"https:\/\/dinopark-funtana.com\/de\/wp-json\/wp\/v2\/users\/1"}],"replies":[{"embeddable":true,"href":"https:\/\/dinopark-funtana.com\/de\/wp-json\/wp\/v2\/comments?post=136822"}],"version-history":[{"count":4,"href":"https:\/\/dinopark-funtana.com\/de\/wp-json\/wp\/v2\/pages\/136822\/revisions"}],"predecessor-version":[{"id":136886,"href":"https:\/\/dinopark-funtana.com\/de\/wp-json\/wp\/v2\/pages\/136822\/revisions\/136886"}],"wp:attachment":[{"href":"https:\/\/dinopark-funtana.com\/de\/wp-json\/wp\/v2\/media?parent=136822"}],"curies":[{"name":"wp","href":"https:\/\/api.w.org\/{rel}","templated":true}]}}