{"id":135855,"date":"2024-02-08T10:43:40","date_gmt":"2024-02-08T09:43:40","guid":{"rendered":"https:\/\/dinopark-funtana.com\/datenschutzrichtlinie\/"},"modified":"2025-03-09T11:34:13","modified_gmt":"2025-03-09T10:34:13","slug":"datenschutzrichtlinie","status":"publish","type":"page","link":"https:\/\/dinopark-funtana.com\/de\/datenschutzrichtlinie\/","title":{"rendered":"Datenschutzrichtlinie"},"content":{"rendered":"<div class=\"wpb-content-wrapper\"><p>[vc_row][vc_column width=&#8220;1\/1&#8243;][vc_column_text uncode_shortcode_id=&#8220;100351&#8243;]<\/p>\n<h1 data-start=\"0\" data-end=\"41\"><strong data-start=\"2\" data-end=\"39\">Datenschutzrichtlinie &#8211; Dinopark Funtana<\/strong><\/h1>\n<p data-start=\"43\" data-end=\"71\"><strong data-start=\"43\" data-end=\"69\">Zuletzt aktualisiert: M\u00e4rz 2025<\/strong><\/p>\n<p data-start=\"73\" data-end=\"330\">Im <strong data-start=\"76\" data-end=\"96\">Dinopark Funtana<\/strong> nehmen wir den Schutz deiner pers\u00f6nlichen Daten ernst. In dieser Datenschutzerkl\u00e4rung wird erl\u00e4utert, wie wir deine personenbezogenen Daten erfassen, verarbeiten und sch\u00fctzen, wenn du unsere Website <strong data-start=\"273\" data-end=\"307\"><a href=\"https:\/\/dinopark-funtana.com\/de\/\" target=\"_new\" rel=\"noopener\" data-start=\"276\" data-end=\"304\">(https:\/\/dinopark-funtana.com)<\/a><\/strong> besuchst oder unsere Dienstleistungen nutzt. <\/p>\n<h2 data-start=\"332\" data-end=\"359\"><strong data-start=\"335\" data-end=\"357\">1. Datenschutzbeauftragter<\/strong><\/h2>\n<p data-start=\"360\" data-end=\"423\">Die verantwortliche Partei f\u00fcr die Datenverarbeitung auf dieser Website ist:<\/p>\n<p data-start=\"425\" data-end=\"547\"><strong data-start=\"425\" data-end=\"449\">Marton Koncept d.o.o<\/strong><br \/>Ul. Matije Gupca odv. 1<br \/>49282, Konj\u0161\u010dina, Kroatien<br \/>\ud83d\udce7 <strong data-start=\"509\" data-end=\"519\">E-Mail:<\/strong> <a rel=\"noopener\" data-start=\"520\" data-end=\"545\">info [@] dinopark-funtana.com<\/a><\/p>\n<p data-start=\"549\" data-end=\"659\">Wenn du Fragen zum Datenschutz hast, kannst du uns jederzeit unter den oben genannten Kontaktdaten kontaktieren.<\/p>\n<h2 data-start=\"661\" data-end=\"693\"><strong data-start=\"664\" data-end=\"691\">2. Welche Daten wir sammeln<\/strong><\/h2>\n<p data-start=\"694\" data-end=\"838\">Wir erheben und verarbeiten personenbezogene Daten nur, wenn dies f\u00fcr den Betrieb unserer Website und die Erbringung unserer Dienstleistungen erforderlich ist. Dies kann Folgendes beinhalten: <\/p>\n<h3 data-start=\"840\" data-end=\"875\"><strong data-start=\"844\" data-end=\"873\">a) Daten, die du uns zur Verf\u00fcgung stellst<\/strong><\/h3>\n<ul data-start=\"876\" data-end=\"1230\">\n<li data-start=\"876\" data-end=\"1077\"><strong data-start=\"878\" data-end=\"906\">Newsletter-Abonnement:<\/strong> Wenn du dich f\u00fcr unseren <strong data-start=\"930\" data-end=\"950\">E-Mail-Newsletter<\/strong> anmeldest, erfassen wir deine <strong data-start=\"968\" data-end=\"985\">E-Mail-Adresse<\/strong>, um dir Updates, Angebote und Aktionen \u00fcber <strong data-start=\"1030\" data-end=\"1041\">Klaviyo<\/strong> zu schicken. Du kannst dich jederzeit wieder abmelden. <\/li>\n<li data-start=\"1078\" data-end=\"1230\"><strong data-start=\"1080\" data-end=\"1098\">Kontaktformulare:<\/strong> Wenn du uns \u00fcber unsere Website kontaktierst, erfassen wir die von dir angegebenen Daten (z. B. Name, E-Mail-Adresse), um deine Anfrage zu beantworten.<\/li>\n<\/ul>\n<h3 data-start=\"1232\" data-end=\"1273\"><strong data-start=\"1236\" data-end=\"1271\">b) Automatisch erfasste Daten<\/strong><\/h3>\n<p data-start=\"1274\" data-end=\"1390\">Wenn du unsere Website besuchst, erheben wir technische Daten, um ihre Funktionalit\u00e4t zu gew\u00e4hrleisten und das Nutzererlebnis zu verbessern:<\/p>\n<ul data-start=\"1391\" data-end=\"1534\">\n<li data-start=\"1391\" data-end=\"1422\"><strong data-start=\"1393\" data-end=\"1420\">IP-Adresse (anonymisiert)<\/strong><\/li>\n<li data-start=\"1423\" data-end=\"1455\"><strong data-start=\"1425\" data-end=\"1453\">Browsertyp und -version<\/strong><\/li>\n<li data-start=\"1456\" data-end=\"1480\"><strong data-start=\"1458\" data-end=\"1478\">Operationssystem<\/strong><\/li>\n<li data-start=\"1481\" data-end=\"1502\"><strong data-start=\"1483\" data-end=\"1500\">Verweisende URL<\/strong><\/li>\n<li data-start=\"1503\" data-end=\"1534\"><strong data-start=\"1505\" data-end=\"1532\">Datum und Uhrzeit des Zugriffs<\/strong><\/li>\n<\/ul>\n<p data-start=\"1536\" data-end=\"1648\">Diese Daten werden durch Cookies und Tracking-Technologien wie <strong data-start=\"1609\" data-end=\"1629\">Google Analytics<\/strong> erfasst (siehe Abschnitt 4).<\/p>\n<h2 data-start=\"1650\" data-end=\"1682\"><strong data-start=\"1653\" data-end=\"1680\">3. Wie wir deine Daten verwenden<\/strong><\/h2>\n<p data-start=\"1683\" data-end=\"1938\">Wir verarbeiten deine personenbezogenen Daten, um:<\/p>\n<ul>\n<li data-start=\"1683\" data-end=\"1938\">Bereitstellung und Verbesserung unserer Website und Dienste<\/li>\n<li data-start=\"1683\" data-end=\"1938\">Analysiere das Nutzerverhalten, um unsere Inhalte und das Nutzererlebnis zu verbessern<\/li>\n<li data-start=\"1683\" data-end=\"1938\">dir relevante Neuigkeiten und Angebote zu schicken (nur wenn du dich angemeldet hast)<\/li>\n<li data-start=\"1683\" data-end=\"1938\">Gesetzliche Verpflichtungen einhalten<\/li>\n<\/ul>\n<p data-start=\"1940\" data-end=\"2029\">Wir verkaufen, vermieten oder teilen deine Daten <strong data-start=\"1946\" data-end=\"1953\">nicht<\/strong> mit Dritten zu Marketingzwecken.<\/p>\n<h2 data-start=\"2031\" data-end=\"2074\"><strong data-start=\"2034\" data-end=\"2072\">4. Cookies und Tracking-Technologien<\/strong><\/h2>\n<p data-start=\"2075\" data-end=\"2170\">Um dein Erlebnis zu optimieren, verwenden wir Cookies und \u00e4hnliche Tracking-Technologien. Dazu geh\u00f6ren: <\/p>\n<ul data-start=\"2172\" data-end=\"2299\">\n<li data-start=\"2172\" data-end=\"2245\"><strong data-start=\"2174\" data-end=\"2194\">Google Analytics<\/strong> (um den Website-Verkehr zu analysieren und den Inhalt zu verbessern)<\/li>\n<li data-start=\"2246\" data-end=\"2299\"><strong data-start=\"2248\" data-end=\"2269\">Wichtige Cookies<\/strong> (f\u00fcr die Funktionalit\u00e4t der Website)<\/li>\n<\/ul>\n<p data-start=\"2301\" data-end=\"2374\">Du kannst Cookies jederzeit in deinen Browsereinstellungen verwalten oder deaktivieren.<\/p>\n<h2 data-start=\"2376\" data-end=\"2413\"><strong data-start=\"2379\" data-end=\"2411\">5. Datensicherheit und -aufbewahrung<\/strong><\/h2>\n<p data-start=\"2414\" data-end=\"2679\">Wir ergreifen angemessene technische und organisatorische Ma\u00dfnahmen, um deine Daten vor unbefugtem Zugriff, Verlust oder Missbrauch zu sch\u00fctzen. Deine Daten werden sicher gespeichert und nur so lange aufbewahrt, wie es notwendig ist, um den beabsichtigten Zweck zu erf\u00fcllen oder den gesetzlichen Anforderungen zu entsprechen. <\/p>\n<h2 data-start=\"2681\" data-end=\"2704\"><strong data-start=\"2684\" data-end=\"2702\">6. Deine Rechte<\/strong><\/h2>\n<p data-start=\"2705\" data-end=\"2777\">Als Nutzer\/in hast du die folgenden Rechte in Bezug auf deine pers\u00f6nlichen Daten:<\/p>\n<ul data-start=\"2778\" data-end=\"3237\">\n<li data-start=\"2778\" data-end=\"2854\"><strong data-start=\"2780\" data-end=\"2800\">Recht auf Zugang:<\/strong> Verlange Auskunft \u00fcber die Daten, die wir \u00fcber dich speichern.<\/li>\n<li data-start=\"2855\" data-end=\"2925\"><strong data-start=\"2857\" data-end=\"2884\">Recht auf Berichtigung:<\/strong> Berichtigen Sie unrichtige oder unvollst\u00e4ndige Daten.<\/li>\n<li data-start=\"2926\" data-end=\"3047\"><strong data-start=\"2928\" data-end=\"2975\">Recht auf L\u00f6schung (&#8222;Recht auf Vergessenwerden&#8220;)<\/strong>: Verlange die L\u00f6schung deiner Daten, es sei denn, du bist gesetzlich verpflichtet, sie aufzubewahren.<\/li>\n<li data-start=\"3048\" data-end=\"3145\"><strong data-start=\"3050\" data-end=\"3070\">Recht auf Widerspruch:<\/strong> Widerspreche der Datenverarbeitung f\u00fcr Direktmarketing oder berechtigte Interessen.<\/li>\n<li data-start=\"3146\" data-end=\"3237\"><strong data-start=\"3148\" data-end=\"3178\">Recht auf Daten\u00fcbertragbarkeit:<\/strong> Erhalte deine Daten in einem strukturierten, allgemein gebr\u00e4uchlichen Format.<\/li>\n<\/ul>\n<p data-start=\"3239\" data-end=\"3317\">Um deine Rechte auszu\u00fcben, kontaktiere uns bitte unter <strong data-start=\"3285\" data-end=\"3314\"><a rel=\"noopener\" data-start=\"3287\" data-end=\"3312\">info@dinopark-funtana.com<\/a><\/strong>.<\/p>\n<h2 data-start=\"3319\" data-end=\"3361\"><strong data-start=\"3322\" data-end=\"3359\">7. \u00c4nderungen an dieser Datenschutzrichtlinie<\/strong><\/h2>\n<p data-start=\"3362\" data-end=\"3532\">Wir behalten uns das Recht vor, diese Datenschutzrichtlinie zu aktualisieren, um \u00c4nderungen der gesetzlichen Bestimmungen oder unserer Dienstleistungen zu ber\u00fccksichtigen. Die neueste Version wird immer auf unserer Website verf\u00fcgbar sein. <\/p>\n<p data-start=\"3534\" data-end=\"3632\">Bei Fragen zum Datenschutz kontaktieren Sie uns bitte unter <strong data-start=\"3600\" data-end=\"3629\"><a rel=\"noopener\" data-start=\"3602\" data-end=\"3627\">info [@] dinopark-funtana.com<\/a><\/strong>.<\/p>\n<p>[\/vc_column_text][\/vc_column][\/vc_row]<\/p>\n<\/div>","protected":false},"excerpt":{"rendered":"<p>[vc_row][vc_column width=&#8220;1\/1&#8243;][vc_column_text uncode_shortcode_id=&#8220;100351&#8243;] Datenschutzrichtlinie &#8211; Dinopark Funtana Zuletzt aktualisiert: M\u00e4rz 2025 Im Dinopark Funtana nehmen wir den Schutz deiner pers\u00f6nlichen [&hellip;]<\/p>\n","protected":false},"author":1,"featured_media":0,"parent":0,"menu_order":0,"comment_status":"closed","ping_status":"open","template":"","meta":{"two_page_speed":[],"footnotes":""},"class_list":["post-135855","page","type-page","status-publish","hentry"],"_links":{"self":[{"href":"https:\/\/dinopark-funtana.com\/de\/wp-json\/wp\/v2\/pages\/135855","targetHints":{"allow":["GET"]}}],"collection":[{"href":"https:\/\/dinopark-funtana.com\/de\/wp-json\/wp\/v2\/pages"}],"about":[{"href":"https:\/\/dinopark-funtana.com\/de\/wp-json\/wp\/v2\/types\/page"}],"author":[{"embeddable":true,"href":"https:\/\/dinopark-funtana.com\/de\/wp-json\/wp\/v2\/users\/1"}],"replies":[{"embeddable":true,"href":"https:\/\/dinopark-funtana.com\/de\/wp-json\/wp\/v2\/comments?post=135855"}],"version-history":[{"count":3,"href":"https:\/\/dinopark-funtana.com\/de\/wp-json\/wp\/v2\/pages\/135855\/revisions"}],"predecessor-version":[{"id":136843,"href":"https:\/\/dinopark-funtana.com\/de\/wp-json\/wp\/v2\/pages\/135855\/revisions\/136843"}],"wp:attachment":[{"href":"https:\/\/dinopark-funtana.com\/de\/wp-json\/wp\/v2\/media?parent=135855"}],"curies":[{"name":"wp","href":"https:\/\/api.w.org\/{rel}","templated":true}]}}