{"id":135766,"date":"2024-04-09T11:55:07","date_gmt":"2024-04-09T09:55:07","guid":{"rendered":"https:\/\/dinopark-funtana.com\/impressum\/"},"modified":"2025-03-09T11:10:09","modified_gmt":"2025-03-09T10:10:09","slug":"impressum","status":"publish","type":"page","link":"https:\/\/dinopark-funtana.com\/de\/impressum\/","title":{"rendered":"Impressum"},"content":{"rendered":"<div class=\"wpb-content-wrapper\"><p>[vc_row unlock_row_content=&#8220;yes&#8220; row_height_percent=&#8220;0&#8243; override_padding=&#8220;yes&#8220; h_padding=&#8220;0&#8243; top_padding=&#8220;0&#8243; bottom_padding=&#8220;0&#8243; overlay_alpha=&#8220;50&#8243; equal_height=&#8220;yes&#8220; gutter_size=&#8220;0&#8243; column_width_percent=&#8220;100&#8243; shift_y=&#8220;0&#8243; z_index=&#8220;0&#8243; uncode_shortcode_id=&#8220;482284&#8243;][vc_column column_width_percent=&#8220;100&#8243; gutter_size=&#8220;3&#8243; back_image=&#8220;135553&#8243; overlay_alpha=&#8220;50&#8243; shift_x=&#8220;0&#8243; shift_y=&#8220;0&#8243; shift_y_down=&#8220;0&#8243; z_index=&#8220;0&#8243; medium_width=&#8220;0&#8243; mobile_width=&#8220;0&#8243; width=&#8220;1\/2&#8243; mobile_height=&#8220;340&#8243; uncode_shortcode_id=&#8220;153804&#8243;][\/vc_column][vc_column column_width_use_pixel=&#8220;yes&#8220; gutter_size=&#8220;3&#8243; override_padding=&#8220;yes&#8220; column_padding=&#8220;2&#8243; overlay_alpha=&#8220;50&#8243; shift_x=&#8220;0&#8243; shift_y=&#8220;0&#8243; shift_y_down=&#8220;0&#8243; z_index=&#8220;0&#8243; medium_width=&#8220;0&#8243; mobile_width=&#8220;0&#8243; width=&#8220;1\/2&#8243; column_width_pixel=&#8220;528&#8243; uncode_shortcode_id=&#8220;476193&#8243;][vc_custom_heading text_color=&#8220;accent&#8220; heading_semantic=&#8220;h6&#8243; text_size=&#8220;h6&#8243; text_transform=&#8220;uppercase&#8220; uncode_shortcode_id=&#8220;128916&#8243; text_color_type=&#8220;uncode-palette&#8220;]Impressum[\/vc_custom_heading][vc_custom_heading text_size=&#8220;&#8220; uncode_shortcode_id=&#8220;934262&#8243;]Wir freuen uns, dass du mehr erfahren m\u00f6chtest![\/vc_custom_heading][vc_column_text text_lead=&#8220;yes&#8220; uncode_shortcode_id=&#8220;916232&#8243;]Der Dinopark Funtana wurde 2009 gegr\u00fcndet und hat sich zu einem aufregenden Ausflugsziel f\u00fcr Familien entwickelt. Kontinuierliche Investitionen haben unseren Erfolg gepr\u00e4gt und sowohl G\u00e4ste als auch Partner in ihren Bann gezogen. Wir sind offen f\u00fcr Kooperationen, denn wir glauben, dass wir gemeinsam mehr erreichen k\u00f6nnen.[\/vc_column_text][vc_empty_space empty_h=&#8220;1&#8243;][vc_row_inner limit_content=&#8220;&#8220;][vc_column_inner column_width_percent=&#8220;100&#8243; gutter_size=&#8220;3&#8243; overlay_alpha=&#8220;50&#8243; shift_x=&#8220;0&#8243; shift_y=&#8220;0&#8243; shift_y_down=&#8220;0&#8243; z_index=&#8220;0&#8243; medium_width=&#8220;4&#8243; mobile_width=&#8220;0&#8243; width=&#8220;1\/2&#8243;][vc_custom_heading heading_semantic=&#8220;h3&#8243; text_size=&#8220;h4&#8243; subheading=&#8220;Gemeinsam k\u00f6nnen wir mehr erreichen. Wenn du in einer \u00e4hnlichen Branche t\u00e4tig bist und eine \u00e4hnliche Zielgruppe hast, kannst du dich gerne mit deinem Vorschlag melden.&#8220; uncode_shortcode_id=&#8220;196954&#8243;]Partnerschaften willkommen![\/vc_custom_heading][vc_button size=&#8220;btn-link&#8220; custom_typo=&#8220;yes&#8220; font_family=&#8220;font-113968&#8243; font_weight=&#8220;800&#8243; italic=&#8220;yes&#8220; icon_position=&#8220;right&#8220; scale_mobile=&#8220;no&#8220; icon=&#8220;fa fa-arrow-right4&#8243; link=&#8220;url:mailto%3Ainfo%40dinopark.hr|target:_blank|&#8220; uncode_shortcode_id=&#8220;148051&#8243;]E-Mail senden[\/vc_button][\/vc_column_inner][vc_column_inner column_width_percent=&#8220;100&#8243; gutter_size=&#8220;3&#8243; overlay_alpha=&#8220;50&#8243; shift_x=&#8220;0&#8243; shift_y=&#8220;0&#8243; shift_y_down=&#8220;0&#8243; z_index=&#8220;0&#8243; medium_width=&#8220;4&#8243; mobile_width=&#8220;0&#8243; width=&#8220;1\/2&#8243;][vc_custom_heading heading_semantic=&#8220;h3&#8243; text_size=&#8220;h4&#8243; subheading=&#8220;Erschaffe ein Erlebnis f\u00fcr deine Gruppe! Vorschulen, Grundschulen, Sportvereine und Organisationen, die auf der Suche nach einem einzigartigen Ausflug sind, k\u00f6nnen sich gerne mit uns in Verbindung setzen, um spezielle Arrangements zu treffen. Lass uns gemeinsam unvergessliche Momente erleben!&#8220; uncode_shortcode_id=&#8220;692213&#8243;]Organisationen und Gruppen willkommen![\/vc_custom_heading][vc_button size=&#8220;btn-link&#8220; custom_typo=&#8220;yes&#8220; font_family=&#8220;font-113968&#8243; font_weight=&#8220;800&#8243; italic=&#8220;yes&#8220; icon_position=&#8220;right&#8220; scale_mobile=&#8220;no&#8220; icon=&#8220;fa fa-arrow-right4&#8243; link=&#8220;url:mailto%3Ainfo%40dinopark.hr|target:_blank|&#8220; uncode_shortcode_id=&#8220;148051&#8243;]E-Mail senden[\/vc_button][\/vc_column_inner][\/vc_row_inner][\/vc_column][\/vc_row][vc_row row_height_percent=&#8220;0&#8243; back_color=&#8220;color-130196&#8243; overlay_alpha=&#8220;50&#8243; gutter_size=&#8220;3&#8243; column_width_percent=&#8220;100&#8243; shift_y=&#8220;0&#8243; z_index=&#8220;0&#8243; uncode_shortcode_id=&#8220;736264&#8243; back_color_type=&#8220;uncode-palette&#8220;][vc_column width=&#8220;1\/1&#8243;][vc_custom_heading uncode_shortcode_id=&#8220;609551&#8243;]Impressum[\/vc_custom_heading][vc_column_text uncode_shortcode_id=&#8220;112995&#8243;]Rechtliche Hinweise f\u00fcr den Dinopark Funtana (Marton Koncept d.o.o):<\/p>\n<p><strong>Unternehmensinformationen nach kroatischem Handelsrecht:<\/strong><\/p>\n<p>Marton Koncept d.o.o.<\/p>\n<p>Ul. Matije Gupca odv. 1<\/p>\n<p>49282, Konj\u0161\u010dina<\/p>\n<p>Kroatien<\/p>\n<p>OIB: 87754784464<\/p>\n<p><!-- notionvc: 907ee263-2cfe-414b-87fe-6097d81e6b34 --><strong>Kontaktinformationen:<\/strong><\/p>\n<p>Tel.: +385 52 445 327<\/p>\n<p>E-Mail: info [at] <a href=\"http:\/\/dinopark.hr\/\" target=\"_blank\" rel=\"noopener\">dinopark.hr<\/a><\/p>\n<p><strong>Online-Streitbeilegung:<\/strong><\/p>\n<p>Die Europ\u00e4ische Kommission bietet eine Plattform zur Online-Streitbeilegung (ODR) an: <a href=\"https:\/\/ec.europa.eu\/consumers\/odr\" target=\"_new\" rel=\"noopener\">https:\/\/ec.europa.eu\/consumers\/odr.<\/a> Unsere E-Mail Adresse findest du oben.<\/p>\n<p>Wir sind nicht verpflichtet, an einem Streitbeilegungsverfahren vor einer Verbraucherschlichtungsstelle teilzunehmen.<\/p>\n<p><strong>Haftung f\u00fcr den Inhalt:<\/strong><\/p>\n<p>Als Dienstanbieter sind wir f\u00fcr eigene Inhalte auf diesen Seiten nach den allgemeinen Gesetzen verantwortlich. Wir sind jedoch nicht verpflichtet, \u00fcbermittelte oder gespeicherte fremde Informationen zu \u00fcberwachen oder nach Umst\u00e4nden zu forschen, die auf eine rechtswidrige T\u00e4tigkeit hinweisen.<\/p>\n<p>Verpflichtungen zur Entfernung oder Sperrung der Nutzung von Informationen nach den allgemeinen Gesetzen bleiben hiervon unber\u00fchrt. Eine diesbez\u00fcgliche Haftung ist jedoch erst ab dem Zeitpunkt der Kenntnis eines konkreten Versto\u00dfes m\u00f6glich. Bei Bekanntwerden solcher Verst\u00f6\u00dfe werden wir diese Inhalte umgehend entfernen.<\/p>\n<p><strong>Link Haftung:<\/strong><\/p>\n<p>Unser Angebot enth\u00e4lt Links zu externen Webseiten Dritter, auf deren Inhalt wir keinen Einfluss haben. Deshalb k\u00f6nnen wir f\u00fcr diese fremden Inhalte auch keine Gew\u00e4hr \u00fcbernehmen. F\u00fcr die Inhalte der verlinkten Seiten ist stets der jeweilige Anbieter oder Betreiber der Seiten verantwortlich. Die verlinkten Seiten wurden zum Zeitpunkt der Verlinkung auf m\u00f6gliche Rechtsverst\u00f6\u00dfe \u00fcberpr\u00fcft. Rechtswidrige Inhalte waren zum Zeitpunkt der Verlinkung nicht erkennbar.<\/p>\n<p>Eine permanente inhaltliche Kontrolle der verlinkten Seiten ist jedoch ohne konkrete Anhaltspunkte einer Rechtsverletzung nicht zumutbar. Wenn wir von Verst\u00f6\u00dfen erfahren, werden wir solche Links sofort entfernen.<\/p>\n<p><strong>Copyright:<\/strong><\/p>\n<p>Die von den Seitenbetreibern erstellten Inhalte und Werke auf diesen Seiten unterliegen dem kroatischen Urheberrecht. Die Vervielf\u00e4ltigung, Bearbeitung, Verbreitung und jede Art der Verwertung au\u00dferhalb der Grenzen des Urheberrechtes bed\u00fcrfen der schriftlichen Zustimmung des jeweiligen Autors bzw. Erstellers. Downloads und Kopien dieser Seite sind nur f\u00fcr den privaten, nicht kommerziellen Gebrauch gestattet.<\/p>\n<p>Soweit die Inhalte auf dieser Seite nicht vom Betreiber erstellt wurden, werden die Urheberrechte Dritter beachtet. Insbesondere werden Inhalte Dritter als solche gekennzeichnet. Solltest du dennoch auf eine Urheberrechtsverletzung aufmerksam werden, benachrichtige uns bitte entsprechend. Wenn wir \u00fcber Verst\u00f6\u00dfe informiert werden, werden wir solche Inhalte sofort entfernen.[\/vc_column_text][vc_empty_space empty_h=&#8220;5&#8243;][\/vc_column][\/vc_row]<\/p>\n<\/div>","protected":false},"excerpt":{"rendered":"<p>[vc_row unlock_row_content=&#8220;yes&#8220; row_height_percent=&#8220;0&#8243; override_padding=&#8220;yes&#8220; h_padding=&#8220;0&#8243; top_padding=&#8220;0&#8243; bottom_padding=&#8220;0&#8243; overlay_alpha=&#8220;50&#8243; equal_height=&#8220;yes&#8220; gutter_size=&#8220;0&#8243; column_width_percent=&#8220;100&#8243; shift_y=&#8220;0&#8243; z_index=&#8220;0&#8243; uncode_shortcode_id=&#8220;482284&#8243;][vc_column column_width_percent=&#8220;100&#8243; gutter_size=&#8220;3&#8243; back_image=&#8220;135553&#8243; overlay_alpha=&#8220;50&#8243; shift_x=&#8220;0&#8243; shift_y=&#8220;0&#8243; [&hellip;]<\/p>\n","protected":false},"author":1,"featured_media":0,"parent":0,"menu_order":0,"comment_status":"closed","ping_status":"closed","template":"","meta":{"two_page_speed":[],"footnotes":""},"class_list":["post-135766","page","type-page","status-publish","hentry"],"_links":{"self":[{"href":"https:\/\/dinopark-funtana.com\/de\/wp-json\/wp\/v2\/pages\/135766","targetHints":{"allow":["GET"]}}],"collection":[{"href":"https:\/\/dinopark-funtana.com\/de\/wp-json\/wp\/v2\/pages"}],"about":[{"href":"https:\/\/dinopark-funtana.com\/de\/wp-json\/wp\/v2\/types\/page"}],"author":[{"embeddable":true,"href":"https:\/\/dinopark-funtana.com\/de\/wp-json\/wp\/v2\/users\/1"}],"replies":[{"embeddable":true,"href":"https:\/\/dinopark-funtana.com\/de\/wp-json\/wp\/v2\/comments?post=135766"}],"version-history":[{"count":7,"href":"https:\/\/dinopark-funtana.com\/de\/wp-json\/wp\/v2\/pages\/135766\/revisions"}],"predecessor-version":[{"id":136813,"href":"https:\/\/dinopark-funtana.com\/de\/wp-json\/wp\/v2\/pages\/135766\/revisions\/136813"}],"wp:attachment":[{"href":"https:\/\/dinopark-funtana.com\/de\/wp-json\/wp\/v2\/media?parent=135766"}],"curies":[{"name":"wp","href":"https:\/\/api.w.org\/{rel}","templated":true}]}}