{"id":134167,"date":"2024-02-28T11:43:32","date_gmt":"2024-02-28T10:43:32","guid":{"rendered":"https:\/\/dinopark-funtana.com\/wegbeschreibung\/"},"modified":"2025-03-09T12:36:48","modified_gmt":"2025-03-09T11:36:48","slug":"wegbeschreibung","status":"publish","type":"page","link":"https:\/\/dinopark-funtana.com\/de\/wegbeschreibung\/","title":{"rendered":"Anfahrt"},"content":{"rendered":"<div class=\"wpb-content-wrapper\"><p>[vc_row row_height_percent=&#8220;61&#8243; override_padding=&#8220;yes&#8220; h_padding=&#8220;2&#8243; top_padding=&#8220;5&#8243; bottom_padding=&#8220;5&#8243; back_image=&#8220;133331&#8243; overlay_alpha=&#8220;50&#8243; gutter_size=&#8220;3&#8243; column_width_percent=&#8220;100&#8243; shift_y=&#8220;0&#8243; z_index=&#8220;0&#8243; top_divider=&#8220;gradient&#8220; uncode_shortcode_id=&#8220;153585&#8243;][vc_column column_width_percent=&#8220;100&#8243; position_vertical=&#8220;middle&#8220; gutter_size=&#8220;2&#8243; style=&#8220;dark&#8220; overlay_alpha=&#8220;50&#8243; shift_x=&#8220;0&#8243; shift_y=&#8220;0&#8243; shift_y_down=&#8220;0&#8243; z_index=&#8220;0&#8243; medium_width=&#8220;0&#8243; mobile_width=&#8220;0&#8243; width=&#8220;1\/1&#8243;][vc_empty_space][\/vc_column][\/vc_row][vc_row unlock_row_content=&#8220;yes&#8220; row_height_percent=&#8220;0&#8243; override_padding=&#8220;yes&#8220; h_padding=&#8220;4&#8243; top_padding=&#8220;3&#8243; bottom_padding=&#8220;2&#8243; back_image=&#8220;132914&#8243; overlay_alpha=&#8220;50&#8243; gutter_size=&#8220;3&#8243; column_width_percent=&#8220;100&#8243; shift_y=&#8220;0&#8243; z_index=&#8220;0&#8243; uncode_shortcode_id=&#8220;365118&#8243;][vc_column width=&#8220;1\/3&#8243;][vc_custom_heading text_font=&#8220;font-113968&#8243; text_size=&#8220;fontsize-302070&#8243; text_transform=&#8220;uppercase&#8220; uncode_shortcode_id=&#8220;473108&#8243; text_color_type=&#8220;uncode-solid&#8220; text_color_solid=&#8220;#405727&#8243;]Hier erf\u00e4hrst du, wie du zum Dinopark Funtana kommst![\/vc_custom_heading][\/vc_column][vc_column width=&#8220;2\/3&#8243;][vc_custom_heading text_color=&#8220;accent&#8220; text_font=&#8220;font-113968&#8243; text_size=&#8220;h4&#8243; text_transform=&#8220;uppercase&#8220; uncode_shortcode_id=&#8220;199309&#8243; text_color_type=&#8220;uncode-palette&#8220;]Wegbeschreibung zum Dinopark Funtana[\/vc_custom_heading][vc_column_text text_lead=&#8220;yes&#8220; text_color=&#8220;color-jevc&#8220; uncode_shortcode_id=&#8220;170186&#8243; text_color_type=&#8220;uncode-palette&#8220;]Der Dinopark Funtana in Funtana, Istrien, zwischen Pore\u010d und Rovinj, ist dein ultimatives Familienabenteuerziel. Folge unserer einfachen Wegbeschreibung und fange an, unvergessliche Erinnerungen zu schaffen![\/vc_column_text][vc_button radius=&#8220;btn-circle&#8220; border_width=&#8220;0&#8243; scale_mobile=&#8220;no&#8220; link=&#8220;url:https%3A%2F%2Fg.page%2FDinoparkFuntana%3Fshare|target:_blank|&#8220; button_color_type=&#8220;uncode-solid&#8220; uncode_shortcode_id=&#8220;113343&#8243; button_color_solid=&#8220;#ff7a00&#8243;]Google Maps[\/vc_button][\/vc_column][\/vc_row][vc_row row_height_percent=&#8220;0&#8243; override_padding=&#8220;yes&#8220; h_padding=&#8220;2&#8243; top_padding=&#8220;0&#8243; bottom_padding=&#8220;2&#8243; back_image=&#8220;132914&#8243; overlay_alpha=&#8220;50&#8243; gutter_size=&#8220;3&#8243; column_width_percent=&#8220;100&#8243; shift_y=&#8220;0&#8243; z_index=&#8220;0&#8243; uncode_shortcode_id=&#8220;190662&#8243;][vc_column column_width_use_pixel=&#8220;yes&#8220; gutter_size=&#8220;3&#8243; override_padding=&#8220;yes&#8220; column_padding=&#8220;3&#8243; back_color=&#8220;color-xsdn&#8220; overlay_alpha=&#8220;50&#8243; radius=&#8220;std&#8220; shift_x=&#8220;0&#8243; shift_y=&#8220;0&#8243; shift_y_down=&#8220;0&#8243; z_index=&#8220;0&#8243; medium_width=&#8220;0&#8243; mobile_width=&#8220;0&#8243; width=&#8220;1\/1&#8243; column_width_pixel=&#8220;600&#8243;][vc_row_inner limit_content=&#8220;&#8220;][vc_column_inner column_width_percent=&#8220;100&#8243; align_horizontal=&#8220;align_center&#8220; gutter_size=&#8220;3&#8243; overlay_alpha=&#8220;50&#8243; shift_x=&#8220;0&#8243; shift_y=&#8220;0&#8243; shift_y_down=&#8220;0&#8243; z_index=&#8220;0&#8243; medium_width=&#8220;0&#8243; mobile_width=&#8220;0&#8243; width=&#8220;1\/1&#8243;][vc_custom_heading text_font=&#8220;font-113968&#8243; text_size=&#8220;h1&#8243; text_transform=&#8220;uppercase&#8220; uncode_shortcode_id=&#8220;630487&#8243; text_color_type=&#8220;uncode-solid&#8220; text_color_solid=&#8220;#405727&#8243;]Mehrere M\u00f6glichkeiten[\/vc_custom_heading][\/vc_column_inner][\/vc_row_inner][vc_accordion gutter_simple=&#8220;0&#8243; active_tab=&#8220;0&#8243; uncode_shortcode_id=&#8220;640855&#8243;][vc_accordion_tab icon=&#8220;fa fa-automobile&#8220; gutter_size=&#8220;2&#8243; column_padding=&#8220;2&#8243; title=&#8220;Mit dem Auto&#8220; tab_id=&#8220;d21d5937-3bb0-21555678914001&#8243;][vc_column_text uncode_shortcode_id=&#8220;498451&#8243;]Von der Autobahn A9 kommend, nimm die Ausfahrt 5 Baderna \/ Pore\u010d. Folge der D302 bis zum ersten gro\u00dfen Kreisverkehr. Nehme hier die 3. Ausfahrt und folge der Beschilderung nach Vrsar\/ Funtana. Bleibe auf der Hauptstra\u00dfe f\u00fcr ca. 7 km und fahre durch das Zentrum von Funtana. Kurz vor dem Ortsausgang in Richtung Vrsar liegt der Dinopark auf der rechten Seite. Biege rechts auf unseren kostenlosen Parkplatz ab.[\/vc_column_text][vc_button radius=&#8220;btn-circle&#8220; border_width=&#8220;0&#8243; link=&#8220;url:https%3A%2F%2Fg.page%2FDinoparkFuntana%3Fshare|target:_blank|&#8220; button_color_type=&#8220;uncode-solid&#8220; uncode_shortcode_id=&#8220;110568&#8243; button_color_solid=&#8220;#ff7a00&#8243;]Google Maps[\/vc_button][\/vc_accordion_tab][vc_accordion_tab icon=&#8220;fa fa-bicycle2&#8243; gutter_size=&#8220;2&#8243; column_padding=&#8220;2&#8243; title=&#8220;Mit dem Fahrrad&#8220; tab_id=&#8220;6dad8f3c-7309-81555678914001&#8243;][vc_column_text uncode_shortcode_id=&#8220;209882&#8243;]Wir haben ausreichend Fahrradparkpl\u00e4tze und freuen uns, wenn Besucher mit dem Fahrrad anreisen, da die Parkm\u00f6glichkeiten f\u00fcr Autos begrenzt sind. Von Pore\u010d aus f\u00fchrt ein sch\u00f6ner gepflasterter Radweg direkt an der K\u00fcste entlang nach Funtana. Dieser Weg f\u00fchrt dich durch mehrere Campingpl\u00e4tze und vorbei an verschiedenen Attraktionen. Von Vrsar kommend f\u00fchrt ein asphaltierter Radweg entlang der Hauptstra\u00dfe bis zum Eingang von Funtana, wo der Dinopark un\u00fcbersehbar auf der linken Seite liegt.[\/vc_column_text][\/vc_accordion_tab][vc_accordion_tab icon=&#8220;fa fa-cab&#8220; gutter_size=&#8220;2&#8243; column_padding=&#8220;2&#8243; title=&#8220;Mit dem Taxi&#8220; tab_id=&#8220;9346230d-a835-91555678914001&#8243;][vc_button button_color=&#8220;color-210407&#8243; radius=&#8220;btn-circle&#8220; wide=&#8220;yes&#8220; border_width=&#8220;0&#8243; uncode_shortcode_id=&#8220;156431&#8243; button_color_type=&#8220;uncode-palette&#8220; link=&#8220;url:tel%3A0038598806124|target:_blank|&#8220;]Umag Taxi Radecic[\/vc_button][vc_button button_color=&#8220;color-210407&#8243; radius=&#8220;btn-circle&#8220; wide=&#8220;yes&#8220; border_width=&#8220;0&#8243; uncode_shortcode_id=&#8220;104269&#8243; button_color_type=&#8220;uncode-palette&#8220; link=&#8220;url:tel%3A0038598806124|target:_blank|&#8220;]Novigrad Taxi Radecic[\/vc_button][vc_button button_color=&#8220;color-210407&#8243; radius=&#8220;btn-circle&#8220; wide=&#8220;yes&#8220; border_width=&#8220;0&#8243; uncode_shortcode_id=&#8220;165014&#8243; button_color_type=&#8220;uncode-palette&#8220; link=&#8220;url:tel%3A00385914011711|target:_blank|&#8220;]Porec Taxi Istra[\/vc_button][vc_button button_color=&#8220;color-210407&#8243; radius=&#8220;btn-circle&#8220; wide=&#8220;yes&#8220; border_width=&#8220;0&#8243; uncode_shortcode_id=&#8220;157541&#8243; button_color_type=&#8220;uncode-palette&#8220; link=&#8220;url:tel%3A00385998279593|target:_blank|&#8220;]Rovinj Transfer mit Marin[\/vc_button][vc_button button_color=&#8220;color-210407&#8243; radius=&#8220;btn-circle&#8220; wide=&#8220;yes&#8220; border_width=&#8220;0&#8243; uncode_shortcode_id=&#8220;193549&#8243; button_color_type=&#8220;uncode-palette&#8220; link=&#8220;url:tel%3A00385981662860|target:_blank|&#8220;]Pula Taxi Edi[\/vc_button][\/vc_accordion_tab][vc_accordion_tab icon=&#8220;fa fa-bus&#8220; gutter_size=&#8220;2&#8243; column_padding=&#8220;2&#8243; title=&#8220;Mit \u00f6ffentlichen Verkehrsmitteln&#8220; tab_id=&#8220;1555679162900-3-1&#8243;][vc_column_text uncode_shortcode_id=&#8220;927318&#8243;]Egal, ob du in einen lokalen Bus einsteigst, die landschaftlich reizvollen Strecken von Pore\u010d \u00fcber Funtana nach Vrsar entlangf\u00e4hrst oder dich f\u00fcr ein ger\u00e4umiges Taxi entscheidest, in dem die ganze Mannschaft Platz findet &#8211; deine Reise zu uns verspricht, problemlos zu verlaufen. F\u00fcr diejenigen, die von weiter her kommen, gibt es Regionalbusse, die gr\u00f6\u00dfere St\u00e4dte wie Rovinj direkt mit Pore\u010d verbinden, was deine Verbindung nach Funtana noch reibungsloser macht. <strong><span style=\"color: #339966;\"><a style=\"color: #339966;\" href=\"https:\/\/www.putovnica.net\/prijevoz\/autobus-porec-funtana-vozni-red-cijena\" target=\"_blank\" rel=\"noopener\">Hier findest du Informationen zu lokalen Busverbindungen (Porec &#8211; Funtana &#8211; Vrsar)<\/a><\/span><\/strong>. Regionalbusse fahren von allen gr\u00f6\u00dferen St\u00e4dten (z.B. Rovinj) nach Porec. <strong><span style=\"color: #339966;\"><a style=\"color: #339966;\" href=\"https:\/\/www.buscroatia.com\/de\/bus-rovinj-porec\/\" target=\"_blank\" rel=\"noopener\">Weitere Informationen \u00fcber regionale Verbindungen.<\/a><\/span><\/strong>[\/vc_column_text][\/vc_accordion_tab][\/vc_accordion][\/vc_column][\/vc_row]<\/p>\n<\/div>","protected":false},"excerpt":{"rendered":"<p>[vc_row row_height_percent=&#8220;61&#8243; override_padding=&#8220;yes&#8220; h_padding=&#8220;2&#8243; top_padding=&#8220;5&#8243; bottom_padding=&#8220;5&#8243; back_image=&#8220;133331&#8243; overlay_alpha=&#8220;50&#8243; gutter_size=&#8220;3&#8243; column_width_percent=&#8220;100&#8243; shift_y=&#8220;0&#8243; z_index=&#8220;0&#8243; top_divider=&#8220;gradient&#8220; uncode_shortcode_id=&#8220;153585&#8243;][vc_column column_width_percent=&#8220;100&#8243; position_vertical=&#8220;middle&#8220; gutter_size=&#8220;2&#8243; style=&#8220;dark&#8220; overlay_alpha=&#8220;50&#8243; shift_x=&#8220;0&#8243; [&hellip;]<\/p>\n","protected":false},"author":2,"featured_media":133331,"parent":0,"menu_order":0,"comment_status":"closed","ping_status":"closed","template":"","meta":{"two_page_speed":[],"footnotes":""},"class_list":["post-134167","page","type-page","status-publish","has-post-thumbnail","hentry"],"_links":{"self":[{"href":"https:\/\/dinopark-funtana.com\/de\/wp-json\/wp\/v2\/pages\/134167","targetHints":{"allow":["GET"]}}],"collection":[{"href":"https:\/\/dinopark-funtana.com\/de\/wp-json\/wp\/v2\/pages"}],"about":[{"href":"https:\/\/dinopark-funtana.com\/de\/wp-json\/wp\/v2\/types\/page"}],"author":[{"embeddable":true,"href":"https:\/\/dinopark-funtana.com\/de\/wp-json\/wp\/v2\/users\/2"}],"replies":[{"embeddable":true,"href":"https:\/\/dinopark-funtana.com\/de\/wp-json\/wp\/v2\/comments?post=134167"}],"version-history":[{"count":7,"href":"https:\/\/dinopark-funtana.com\/de\/wp-json\/wp\/v2\/pages\/134167\/revisions"}],"predecessor-version":[{"id":136918,"href":"https:\/\/dinopark-funtana.com\/de\/wp-json\/wp\/v2\/pages\/134167\/revisions\/136918"}],"wp:featuredmedia":[{"embeddable":true,"href":"https:\/\/dinopark-funtana.com\/de\/wp-json\/wp\/v2\/media\/133331"}],"wp:attachment":[{"href":"https:\/\/dinopark-funtana.com\/de\/wp-json\/wp\/v2\/media?parent=134167"}],"curies":[{"name":"wp","href":"https:\/\/api.w.org\/{rel}","templated":true}]}}