{"id":133137,"date":"2024-03-01T12:06:57","date_gmt":"2024-03-01T11:06:57","guid":{"rendered":"https:\/\/dinopark-funtana.com\/gastronomie\/"},"modified":"2025-03-09T12:39:46","modified_gmt":"2025-03-09T11:39:46","slug":"gastronomie","status":"publish","type":"page","link":"https:\/\/dinopark-funtana.com\/de\/gastronomie\/","title":{"rendered":"Gastronomie"},"content":{"rendered":"<div class=\"wpb-content-wrapper\"><p>[vc_row row_height_percent=&#8220;61&#8243; override_padding=&#8220;yes&#8220; h_padding=&#8220;2&#8243; top_padding=&#8220;5&#8243; bottom_padding=&#8220;5&#8243; back_image=&#8220;132356&#8243; overlay_alpha=&#8220;0&#8243; gutter_size=&#8220;3&#8243; column_width_percent=&#8220;100&#8243; shift_y=&#8220;0&#8243; z_index=&#8220;0&#8243; top_divider=&#8220;gradient&#8220; uncode_shortcode_id=&#8220;213088&#8243; overlay_color_type=&#8220;uncode-solid&#8220; overlay_color_solid=&#8220;#eee8ce&#8220;][vc_column column_width_percent=&#8220;100&#8243; position_vertical=&#8220;middle&#8220; align_horizontal=&#8220;align_center&#8220; gutter_size=&#8220;2&#8243; style=&#8220;light&#8220; overlay_alpha=&#8220;50&#8243; shift_x=&#8220;0&#8243; shift_y=&#8220;0&#8243; shift_y_down=&#8220;0&#8243; z_index=&#8220;0&#8243; medium_width=&#8220;0&#8243; mobile_width=&#8220;0&#8243; width=&#8220;1\/1&#8243; uncode_shortcode_id=&#8220;186390&#8243;][vc_empty_space][\/vc_column][\/vc_row][vc_row row_height_percent=&#8220;0&#8243; back_image=&#8220;132914&#8243; overlay_alpha=&#8220;50&#8243; gutter_size=&#8220;3&#8243; column_width_percent=&#8220;100&#8243; shift_y=&#8220;0&#8243; z_index=&#8220;0&#8243; uncode_shortcode_id=&#8220;160013&#8243;][vc_column width=&#8220;1\/1&#8243;][vc_custom_heading text_color=&#8220;accent&#8220; heading_semantic=&#8220;h1&#8243; text_size=&#8220;fontsize-434942&#8243; text_transform=&#8220;uppercase&#8220; uncode_shortcode_id=&#8220;307198&#8243; text_color_type=&#8220;uncode-palette&#8220;]Gastronomie &amp; Familien Restaurants[\/vc_custom_heading][vc_column_text uncode_shortcode_id=&#8220;392161&#8243;]Im Dinopark Funtana ist das Essen mit den Kleinen einfach und macht Spa\u00df! W\u00e4hrend die Kinder in Sichtweite spielen, k\u00f6nnen die Eltern bei erfrischenden Getr\u00e4nken oder Kaffee entspannen. Unsere Speisekarte bietet alles &#8211; gesunde Salate, die beliebtesten Pizzen und Burger f\u00fcr Kinder sowie Dinosaurier-Slushies, Eis und Snacks. Perfekt f\u00fcr die ganze Familie![\/vc_column_text][\/vc_column][\/vc_row][vc_row unlock_row_content=&#8220;yes&#8220; row_height_percent=&#8220;0&#8243; override_padding=&#8220;yes&#8220; h_padding=&#8220;3&#8243; top_padding=&#8220;2&#8243; bottom_padding=&#8220;2&#8243; back_image=&#8220;132914&#8243; overlay_alpha=&#8220;50&#8243; gutter_size=&#8220;2&#8243; column_width_percent=&#8220;100&#8243; shift_y=&#8220;0&#8243; z_index=&#8220;0&#8243; content_parallax=&#8220;0&#8243; uncode_shortcode_id=&#8220;589714&#8243;][vc_column column_width_percent=&#8220;100&#8243; gutter_size=&#8220;4&#8243; overlay_alpha=&#8220;50&#8243; shift_x=&#8220;0&#8243; shift_y=&#8220;0&#8243; shift_y_down=&#8220;0&#8243; z_index=&#8220;0&#8243; medium_width=&#8220;0&#8243; mobile_width=&#8220;0&#8243; width=&#8220;1\/1&#8243;][uncode_index el_id=&#8220;index-8500283-588&#8243; isotope_mode=&#8220;fitRows&#8220; loop=&#8220;size:52|order_by:date|post_type:portfolio|tax_query:127|taxonomy_count:10&#8243; screen_lg=&#8220;1200&#8243; screen_md=&#8220;600&#8243; screen_sm=&#8220;240&#8243; gutter_size=&#8220;2&#8243; post_items=&#8220;media|featured|onpost|poster,date,title,text|excerpt|90,category|bordered|topright|hide-icon&#8220; infinite=&#8220;yes&#8220; infinite_button=&#8220;yes&#8220; infinite_button_shape=&#8220;btn-circle&#8220; single_text=&#8220;overlay&#8220; single_width=&#8220;3&#8243; images_size=&#8220;four-three&#8220; single_shape=&#8220;round&#8220; radius=&#8220;std&#8220; single_overlay_color=&#8220;color-jevc&#8220; single_overlay_coloration=&#8220;bottom_gradient&#8220; single_overlay_opacity=&#8220;85&#8243; single_overlay_visible=&#8220;yes&#8220; single_text_visible=&#8220;yes&#8220; single_image_anim=&#8220;no&#8220; single_v_position=&#8220;bottom&#8220; single_padding=&#8220;1&#8243; single_title_dimension=&#8220;h6&#8243; single_title_scale_mobile=&#8220;no&#8220; single_text_lead=&#8220;yes&#8220; single_border=&#8220;yes&#8220; single_css_animation=&#8220;bottom-t-top&#8220; single_animation_delay=&#8220;200&#8243; uncode_shortcode_id=&#8220;152551&#8243; infinite_button_text=&#8220;Show more&#8220; infinite_button_color_type=&#8220;uncode-solid&#8220; infinite_button_color_solid=&#8220;#ff7a00&#8243;][\/vc_column][\/vc_row][vc_row row_height_percent=&#8220;0&#8243; back_image=&#8220;132914&#8243; overlay_alpha=&#8220;50&#8243; gutter_size=&#8220;3&#8243; column_width_percent=&#8220;100&#8243; shift_y=&#8220;0&#8243; z_index=&#8220;0&#8243; uncode_shortcode_id=&#8220;160013&#8243;][vc_column width=&#8220;1\/1&#8243;][vc_custom_heading text_color=&#8220;accent&#8220; text_size=&#8220;fontsize-434942&#8243; text_transform=&#8220;uppercase&#8220; uncode_shortcode_id=&#8220;125123&#8243; text_color_type=&#8220;uncode-palette&#8220;]Gastronomie im Dinopark[\/vc_custom_heading][vc_column_text uncode_shortcode_id=&#8220;149498&#8243;]Im Dinopark Funtana machen wir die Essenszeit so aufregend und stressfrei wie den Rest deines Abenteuers. Mit flexiblen Optionen f\u00fcr alle Altersgruppen haben wir ein Essenserlebnis geschaffen, das bequem, k\u00f6stlich und perfekt f\u00fcr Familienerinnerungen ist. <\/p>\n<h4><strong>Warum Familien gerne bei uns speisen<\/strong><\/h4>\n<ul>\n<li><strong>Vielf\u00e4ltige Men\u00fcs<\/strong>: Genie\u00dfe nahrhafte Mahlzeiten, Kinderfavoriten wie Pizza und Burger, sowie Eis und Dinosaurier-Slushies.<\/li>\n<li><strong>Bequemlichkeit<\/strong>: Die Restaurants befinden sich \u00fcberall im Park und machen die Mahlzeiten einfach und stressfrei.<\/li>\n<li><strong>Thematischer Spa\u00df<\/strong>: Von Dinosauriern inspirierte Essbereiche regen die Fantasie der Kinder an, w\u00e4hrend die Eltern sich entspannen.<\/li>\n<li><strong>Kinderfreundliche Extras<\/strong>: Malb\u00fccher, Spielbereiche und lustige Aktivit\u00e4ten halten die Kleinen bei Laune und unterhalten sie.<\/li>\n<li><strong>Bring deine eigenen Snacks mit<\/strong>: Du bevorzugst dein eigenes Picknick? Wir haben das Richtige f\u00fcr dich! Mach eine Pause an unseren schattigen Waldtischen, die sich perfekt zum Entspannen mit der Familie eignen.  <\/li>\n<\/ul>\n<p>[\/vc_column_text][\/vc_column][\/vc_row]<\/p>\n<\/div>","protected":false},"excerpt":{"rendered":"<p>[vc_row row_height_percent=&#8220;61&#8243; override_padding=&#8220;yes&#8220; h_padding=&#8220;2&#8243; top_padding=&#8220;5&#8243; bottom_padding=&#8220;5&#8243; back_image=&#8220;132356&#8243; overlay_alpha=&#8220;0&#8243; gutter_size=&#8220;3&#8243; column_width_percent=&#8220;100&#8243; shift_y=&#8220;0&#8243; z_index=&#8220;0&#8243; top_divider=&#8220;gradient&#8220; uncode_shortcode_id=&#8220;213088&#8243; overlay_color_type=&#8220;uncode-solid&#8220; overlay_color_solid=&#8220;#eee8ce&#8220;][vc_column column_width_percent=&#8220;100&#8243; position_vertical=&#8220;middle&#8220; align_horizontal=&#8220;align_center&#8220; gutter_size=&#8220;2&#8243; [&hellip;]<\/p>\n","protected":false},"author":2,"featured_media":133440,"parent":0,"menu_order":0,"comment_status":"closed","ping_status":"closed","template":"","meta":{"two_page_speed":[],"footnotes":""},"class_list":["post-133137","page","type-page","status-publish","has-post-thumbnail","hentry"],"_links":{"self":[{"href":"https:\/\/dinopark-funtana.com\/de\/wp-json\/wp\/v2\/pages\/133137","targetHints":{"allow":["GET"]}}],"collection":[{"href":"https:\/\/dinopark-funtana.com\/de\/wp-json\/wp\/v2\/pages"}],"about":[{"href":"https:\/\/dinopark-funtana.com\/de\/wp-json\/wp\/v2\/types\/page"}],"author":[{"embeddable":true,"href":"https:\/\/dinopark-funtana.com\/de\/wp-json\/wp\/v2\/users\/2"}],"replies":[{"embeddable":true,"href":"https:\/\/dinopark-funtana.com\/de\/wp-json\/wp\/v2\/comments?post=133137"}],"version-history":[{"count":10,"href":"https:\/\/dinopark-funtana.com\/de\/wp-json\/wp\/v2\/pages\/133137\/revisions"}],"predecessor-version":[{"id":136927,"href":"https:\/\/dinopark-funtana.com\/de\/wp-json\/wp\/v2\/pages\/133137\/revisions\/136927"}],"wp:featuredmedia":[{"embeddable":true,"href":"https:\/\/dinopark-funtana.com\/de\/wp-json\/wp\/v2\/media\/133440"}],"wp:attachment":[{"href":"https:\/\/dinopark-funtana.com\/de\/wp-json\/wp\/v2\/media?parent=133137"}],"curies":[{"name":"wp","href":"https:\/\/api.w.org\/{rel}","templated":true}]}}